{"id":10042,"date":"2025-03-05T17:03:45","date_gmt":"2025-03-05T16:03:45","guid":{"rendered":"https:\/\/topol.org.pl\/?page_id=10042"},"modified":"2026-01-09T10:02:50","modified_gmt":"2026-01-09T09:02:50","slug":"test","status":"publish","type":"page","link":"https:\/\/topol.org.pl\/?page_id=10042","title":{"rendered":"Kr\u00f3lestwo S\u0142owia\u0144skie \u201eWielka Lechia\u201d versus, czyli 'kontra, przeciw, w stosunku do&#8217; jest vs. Wsp\u00f3lnota Narod\u00f3w"},"content":{"rendered":"\n<p><a href=\"https:\/\/topol.org.pl\/?page_id=7594\">Kr\u00f3lestwo S\u0142owia\u0144skie \u201eWielka Lechia\u201d<\/a>&nbsp;<strong>versus, czyli 'kontra, przeciw, w stosunku do\u2019 jest&nbsp;<\/strong><a href=\"https:\/\/www.google.com\/search?q=kontra+vs&amp;sca_esv=7f0a4d0f8e025b19&amp;sxsrf=AHTn8zoYiuJEEQVZh4zqjpWU0QDBaiHpbw%3A1741188294307&amp;ei=xmzIZ4--EtqGwPAPrJSBUA&amp;oq=kontra&amp;gs_lp=Egxnd3Mtd2l6LXNlcnAiBmtvbnRyYSoCCAAyChAAGIAEGEMYigUyCBAAGIAEGLEDMg4QABiABBixAxiDARiKBTIIEAAYgAQYsQMyCBAAGIAEGLEDMggQABiABBixAzIFEAAYgAQyCBAAGIAEGLEDMgsQABiABBixAxiDATIFEAAYgARItz1QmgpYoStwAngAkAEAmAGEAaAB2gaqAQMwLje4AQHIAQD4AQGYAgmgAqAHqAIVwgINEAAYgAQYsAMYQxiKBcICCRAAGLADGAcYHsICExAAGIAEGLADGLEDGEMYgwEYigXCAggQABiABBiwA8ICGRAuGIAEGLADGNEDGEMYxwEYyAMYigXYAQHCAhkQLhiABBiwAxhDGMcBGMgDGIoFGK8B2AEBwgIaEC4YgAQYsAMYsQMYgwEYxwEYyAMYrwHYAQHCAhAQLhiABBjRAxhDGMcBGIoFwgILEC4YgAQY0QMYxwHCAhEQLhiABBixAxjRAxiDARjHAcICBRAuGIAEwgIfEC4YgAQY0QMYQxjHARiKBRiXBRjcBBjeBBjgBNgBAcICBhCzARiFBMICGRAuGIAEGNEDGEMYtAIYxwEYigUY6gLYAQLCAhMQABiABBhDGLQCGIoFGOoC2AECwgIQEAAYAxi0AhjqAhiPAdgBAcICEBAuGAMYtAIY6gIYjwHYAQHCAggQLhiABBixA8ICCxAuGIAEGMcBGK8BwgINEC4YgAQYQxjUAhiKBcICChAuGIAEGEMYigXCAgsQLhiABBixAxiDAcICHBAuGIAEGEMY1AIYigUYlwUY3AQY3gQY4ATYAQHCAhAQABiABBixAxhDGIMBGIoFmAMN8QWbBOVj-PWzbIgGAZAGEboGBggBEAEYCLoGBAgCGAeSBwMyLjegB_tM&amp;sclient=gws-wiz-serp\"><strong>vs.<\/strong><\/a>&nbsp;<a href=\"https:\/\/pl.wikipedia.org\/wiki\/Wsp%C3%B3lnota_Narod%C3%B3w\">Wsp\u00f3lnota Narod\u00f3w<\/a><\/p>\n\n\n\n<p><a href=\"https:\/\/pl.wikipedia.org\/wiki\/Stany_Zjednoczone\">Stany Zjednoczone<\/a><\/p>\n\n\n\n<p><a href=\"https:\/\/pl.wikipedia.org\/wiki\/Doktryna_Monroego\">Doktryna Monroego<\/a><\/p>\n\n\n\n<p><a href=\"https:\/\/www.google.com\/search?q=BlackRock&amp;oq=BlackRock&amp;gs_lcrp=EgZjaHJvbWUyBggAEEUYOTIGCAEQRRg90gEJNDg3MWowajE1qAIIsAIB&amp;sourceid=chrome&amp;ie=UTF-8\">BlackRock<\/a><\/p>\n\n\n\n<p><a href=\"https:\/\/www.google.com\/search?q=blackrock%2C+vanguard&amp;sca_esv=7f0a4d0f8e025b19&amp;sxsrf=AHTn8zoXJhVFYfRbqw5qS8TluigcGNf3qg%3A1741188534833&amp;ei=tm3IZ9XIMpeL7NYPmKmLkQQ&amp;oq=BlackRock&amp;gs_lp=Egxnd3Mtd2l6LXNlcnAiCUJsYWNrUm9jayoCCAAyChAAGLADGNYEGEcyChAAGLADGNYEGEcyChAAGLADGNYEGEcyChAAGLADGNYEGEcyChAAGLADGNYEGEcyChAAGLADGNYEGEcyChAAGLADGNYEGEcyChAAGLADGNYEGEcyDRAAGIAEGLADGEMYigUyDRAAGIAEGLADGEMYigUyDRAAGIAEGLADGEMYigUyDRAAGIAEGLADGEMYigUyDhAAGLADGOQCGNYE2AEBMg4QABiwAxjkAhjWBNgBATIOEAAYsAMY5AIY1gTYAQEyExAuGIAEGLADGEMYyAMYigXYAQEyGRAuGIAEGLADGNEDGEMYxwEYyAMYigXYAQEyExAuGIAEGLADGEMYyAMYigXYAQEyExAuGIAEGLADGEMYyAMYigXYAQFIthRQAFgAcAF4AZABAJgBAKABAKoBALgBAcgBAJgCAaACDZgDAIgGAZAGE7oGBggBEAEYCZIHATGgBwA&amp;sclient=gws-wiz-serp\">Vanguard<\/a><\/p>\n\n\n\n<p><a href=\"https:\/\/www.google.com\/search?q=State+Street&amp;sca_esv=7f0a4d0f8e025b19&amp;sxsrf=AHTn8zojq3K0AMwVbDAehCfap6s2PFuJ1Q%3A1741188654492&amp;ei=Lm7IZ4rmHaaswPAPqfCBkAI&amp;ved=0ahUKEwiKtfOZofOLAxUmFhAIHSl4ACIQ4dUDCBE&amp;uact=5&amp;oq=State+Street&amp;gs_lp=Egxnd3Mtd2l6LXNlcnAiDFN0YXRlIFN0cmVldDIWEC4YgAQYsQMY0QMYQxiDARjHARiKBTILEC4YgAQYxwEYrwEyBRAAGIAEMgUQABiABDIFEAAYgAQyBRAAGIAEMgUQABiABDIFEAAYgAQyBhAAGAcYHjIKEAAYgAQYQxiKBTIlEC4YgAQYsQMY0QMYQxiDARjHARiKBRiXBRjcBBjeBBjgBNgBAUj1ngFQu4cBWIyRAXAEeAGQAQCYAZABoAHiE6oBBDAuMjG4AQPIAQD4AQGYAgagApgCwgIKEAAYsAMY1gQYR8ICBBAAGB6YAwCIBgGQBgi6BgYIARABGBSSBwM0LjKgB5zJAQ&amp;sclient=gws-wiz-serp\">State Street<\/a><\/p>\n\n\n\n<p><strong>W\u0142a\u015bciwym skr\u00f3tem \u0142aci\u0144skiego wyrazu versus, czyli 'kontra, przeciw, w stosunku do\u2019 jest&nbsp;<\/strong><a href=\"https:\/\/www.google.com\/search?q=kontra+vs&amp;sca_esv=7f0a4d0f8e025b19&amp;sxsrf=AHTn8zoYiuJEEQVZh4zqjpWU0QDBaiHpbw%3A1741188294307&amp;ei=xmzIZ4--EtqGwPAPrJSBUA&amp;oq=kontra&amp;gs_lp=Egxnd3Mtd2l6LXNlcnAiBmtvbnRyYSoCCAAyChAAGIAEGEMYigUyCBAAGIAEGLEDMg4QABiABBixAxiDARiKBTIIEAAYgAQYsQMyCBAAGIAEGLEDMggQABiABBixAzIFEAAYgAQyCBAAGIAEGLEDMgsQABiABBixAxiDATIFEAAYgARItz1QmgpYoStwAngAkAEAmAGEAaAB2gaqAQMwLje4AQHIAQD4AQGYAgmgAqAHqAIVwgINEAAYgAQYsAMYQxiKBcICCRAAGLADGAcYHsICExAAGIAEGLADGLEDGEMYgwEYigXCAggQABiABBiwA8ICGRAuGIAEGLADGNEDGEMYxwEYyAMYigXYAQHCAhkQLhiABBiwAxhDGMcBGMgDGIoFGK8B2AEBwgIaEC4YgAQYsAMYsQMYgwEYxwEYyAMYrwHYAQHCAhAQLhiABBjRAxhDGMcBGIoFwgILEC4YgAQY0QMYxwHCAhEQLhiABBixAxjRAxiDARjHAcICBRAuGIAEwgIfEC4YgAQY0QMYQxjHARiKBRiXBRjcBBjeBBjgBNgBAcICBhCzARiFBMICGRAuGIAEGNEDGEMYtAIYxwEYigUY6gLYAQLCAhMQABiABBhDGLQCGIoFGOoC2AECwgIQEAAYAxi0AhjqAhiPAdgBAcICEBAuGAMYtAIY6gIYjwHYAQHCAggQLhiABBixA8ICCxAuGIAEGMcBGK8BwgINEC4YgAQYQxjUAhiKBcICChAuGIAEGEMYigXCAgsQLhiABBixAxiDAcICHBAuGIAEGEMY1AIYigUYlwUY3AQY3gQY4ATYAQHCAhAQABiABBixAxhDGIMBGIoFmAMN8QWbBOVj-PWzbIgGAZAGEboGBggBEAEYCLoGBAgCGAeSBwMyLjegB_tM&amp;sclient=gws-wiz-serp\"><strong>vs.<\/strong>&nbsp;<strong>(z jedn\u0105 kropk\u0105 na ko\u0144cu)<\/strong><\/a><\/p>\n\n\n\n<p><a href=\"https:\/\/pl.wikipedia.org\/wiki\/Wsp%C3%B3lnota_Narod%C3%B3w\">Wsp\u00f3lnota Narod\u00f3w<\/a><\/p>\n\n\n\n<p><a href=\"https:\/\/pl.wikipedia.org\/wiki\/Statut_Westminsterski_(1931)\">Statut Westminsterski (1931)<\/a><\/p>\n\n\n\n<p><a href=\"https:\/\/libr.sejm.gov.pl\/tek01\/txt\/konst\/wbrytania2011.html#mozTocId580487\">Wielka Karta Wolno\u015bci z 1297&nbsp;r.&nbsp;<br>(<em>Magna&nbsp;Carta<\/em>, 1297)<\/a><\/p>\n\n\n\n<p><a href=\"https:\/\/www.google.com\/search?q=Citi+of+london&amp;oq=Citi+of+london&amp;gs_lcrp=EgZjaHJvbWUyBggAEEUYOdIBCjEwMDc5ajBqMTWoAgiwAgE&amp;sourceid=chrome&amp;ie=UTF-8\">City of London<\/a>&nbsp;Brygada R R<\/p>\n\n\n\n<p><a href=\"https:\/\/topol.org.pl\/?page_id=7594\">Kr\u00f3lestwo S\u0142owia\u0144skie \u201eWielka Lechia\u201d<\/a>&nbsp;<strong>versus, czyli 'kontra, przeciw, w stosunku do\u2019 jest&nbsp;<\/strong><a href=\"https:\/\/www.google.com\/search?q=kontra+vs&amp;sca_esv=7f0a4d0f8e025b19&amp;sxsrf=AHTn8zoYiuJEEQVZh4zqjpWU0QDBaiHpbw%3A1741188294307&amp;ei=xmzIZ4--EtqGwPAPrJSBUA&amp;oq=kontra&amp;gs_lp=Egxnd3Mtd2l6LXNlcnAiBmtvbnRyYSoCCAAyChAAGIAEGEMYigUyCBAAGIAEGLEDMg4QABiABBixAxiDARiKBTIIEAAYgAQYsQMyCBAAGIAEGLEDMggQABiABBixAzIFEAAYgAQyCBAAGIAEGLEDMgsQABiABBixAxiDATIFEAAYgARItz1QmgpYoStwAngAkAEAmAGEAaAB2gaqAQMwLje4AQHIAQD4AQGYAgmgAqAHqAIVwgINEAAYgAQYsAMYQxiKBcICCRAAGLADGAcYHsICExAAGIAEGLADGLEDGEMYgwEYigXCAggQABiABBiwA8ICGRAuGIAEGLADGNEDGEMYxwEYyAMYigXYAQHCAhkQLhiABBiwAxhDGMcBGMgDGIoFGK8B2AEBwgIaEC4YgAQYsAMYsQMYgwEYxwEYyAMYrwHYAQHCAhAQLhiABBjRAxhDGMcBGIoFwgILEC4YgAQY0QMYxwHCAhEQLhiABBixAxjRAxiDARjHAcICBRAuGIAEwgIfEC4YgAQY0QMYQxjHARiKBRiXBRjcBBjeBBjgBNgBAcICBhCzARiFBMICGRAuGIAEGNEDGEMYtAIYxwEYigUY6gLYAQLCAhMQABiABBhDGLQCGIoFGOoC2AECwgIQEAAYAxi0AhjqAhiPAdgBAcICEBAuGAMYtAIY6gIYjwHYAQHCAggQLhiABBixA8ICCxAuGIAEGMcBGK8BwgINEC4YgAQYQxjUAhiKBcICChAuGIAEGEMYigXCAgsQLhiABBixAxiDAcICHBAuGIAEGEMY1AIYigUYlwUY3AQY3gQY4ATYAQHCAhAQABiABBixAxhDGIMBGIoFmAMN8QWbBOVj-PWzbIgGAZAGEboGBggBEAEYCLoGBAgCGAeSBwMyLjegB_tM&amp;sclient=gws-wiz-serp\"><strong>vs.<\/strong><\/a>&nbsp;<a href=\"https:\/\/pl.wikipedia.org\/wiki\/Wsp%C3%B3lnota_Narod%C3%B3w\">Wsp\u00f3lnota Narod\u00f3w<\/a><\/p>\n\n\n\n<p>Cel.<\/p>\n\n\n\n<p>Pogodzi\u0107 najbogatszych \u201e<a href=\"https:\/\/topol.org.pl\/?page_id=4512\">Pa\u0144stwo Z\u0142otego \u015arodka<\/a>\u201e<\/p>\n\n\n\n<p>Zatkn\u0105\u0107 flag\u0119 Polski, USA i Rosji na Marsie.<\/p>\n\n\n\n<p>\u017beby nie by\u0142o zarazy, wojny, g\u0142odu i totalitaryzmu na \u015bwiecie.<\/p>\n\n\n\n<p><\/p>\n","protected":false},"excerpt":{"rendered":"<p>Kr\u00f3lestwo S\u0142owia\u0144skie \u201eWielka Lechia\u201d&nbsp;versus, czyli 'kontra, przeciw, w stosunku do\u2019 jest&nbsp;vs.&nbsp;Wsp\u00f3lnota Narod\u00f3w Stany Zjednoczone Doktryna Monroego BlackRock Vanguard State Street W\u0142a\u015bciwym skr\u00f3tem \u0142aci\u0144skiego wyrazu versus, czyli 'kontra, przeciw, w stosunku do\u2019 jest&nbsp;vs.&nbsp;(z jedn\u0105 kropk\u0105 na ko\u0144cu) Wsp\u00f3lnota Narod\u00f3w Statut Westminsterski (1931) Wielka Karta Wolno\u015bci z 1297&nbsp;r.&nbsp;(Magna&nbsp;Carta, 1297) City of London&nbsp;Brygada R R Kr\u00f3lestwo S\u0142owia\u0144skie \u201eWielka [&hellip;]<\/p>\n","protected":false},"author":1,"featured_media":0,"parent":0,"menu_order":0,"comment_status":"closed","ping_status":"closed","template":"","meta":{"footnotes":""},"class_list":["post-10042","page","type-page","status-publish","hentry"],"_links":{"self":[{"href":"https:\/\/topol.org.pl\/index.php?rest_route=\/wp\/v2\/pages\/10042","targetHints":{"allow":["GET"]}}],"collection":[{"href":"https:\/\/topol.org.pl\/index.php?rest_route=\/wp\/v2\/pages"}],"about":[{"href":"https:\/\/topol.org.pl\/index.php?rest_route=\/wp\/v2\/types\/page"}],"author":[{"embeddable":true,"href":"https:\/\/topol.org.pl\/index.php?rest_route=\/wp\/v2\/users\/1"}],"replies":[{"embeddable":true,"href":"https:\/\/topol.org.pl\/index.php?rest_route=%2Fwp%2Fv2%2Fcomments&post=10042"}],"version-history":[{"count":8,"href":"https:\/\/topol.org.pl\/index.php?rest_route=\/wp\/v2\/pages\/10042\/revisions"}],"predecessor-version":[{"id":10056,"href":"https:\/\/topol.org.pl\/index.php?rest_route=\/wp\/v2\/pages\/10042\/revisions\/10056"}],"wp:attachment":[{"href":"https:\/\/topol.org.pl\/index.php?rest_route=%2Fwp%2Fv2%2Fmedia&parent=10042"}],"curies":[{"name":"wp","href":"https:\/\/api.w.org\/{rel}","templated":true}]}}