{"id":10180,"date":"2025-03-10T18:39:20","date_gmt":"2025-03-10T17:39:20","guid":{"rendered":"https:\/\/topol.org.pl\/?page_id=10180"},"modified":"2026-03-16T10:09:20","modified_gmt":"2026-03-16T09:09:20","slug":"starozytna-polska-w-czasach-rzymskich-276","status":"publish","type":"page","link":"https:\/\/topol.org.pl\/?page_id=10180","title":{"rendered":"Staro\u017cytna Polska"},"content":{"rendered":"\n<p>10.03.2025 18.42 <a href=\"https:\/\/www.youtube.com\/watch?v=GzMevppNHaA\">Czy 2000 lat temu by\u0142o tu STARO\u017bYTNE zag\u0142\u0119bie \u017celaza?<\/a><\/p>\n\n\n\n<p>\u0179r\u00f3d\u0142o: <a href=\"https:\/\/www.youtube.com\/@kulturaswietokrzyska5901\">Kultura \u015awi\u0119tokrzyska<\/a><\/p>\n\n\n\n<p><a href=\"https:\/\/www.youtube.com\/watch?v=fO_C11zqhBY\">Tajemnice \u0141ysej G\u00f3ry \u2013 Co ukrywa \u015awi\u0119ty Krzy\u017c? Historia, kt\u00f3r\u0105 pr\u00f3buje si\u0119 przemilcze\u0107!<\/a><\/p>\n\n\n\n<p>\u0179r\u00f3d\u0142o: <a href=\"https:\/\/www.youtube.com\/@kulturaswietokrzyska5901\">Kultura \u015awi\u0119tokrzyska<\/a><\/p>\n\n\n\n<p><a href=\"https:\/\/www.youtube.com\/watch?v=cOC2Xm7YU6Q\">DROGA DO KR\u00d3LESTWA (53 min.) Scenariusz i re\u017cyseria: Zdzis\u0142aw Cozac<\/a><\/p>\n\n\n\n<p>\u0179r\u00f3d\u0142o: <a href=\"https:\/\/www.youtube.com\/watch?v=cOC2Xm7YU6Q\">ARCHEO-FILM<\/a><\/p>\n\n\n\n<p><strong>Pa\u0144stwo Wi\u015blan z centrum w Krakowie<\/strong>. <a href=\"https:\/\/upload.wikimedia.org\/wikipedia\/commons\/a\/aa\/Cz%C4%99stochowa_-_Poczet_kr%C3%B3l%C3%B3w_polskich_II_po%C5%82._XVIII_w.jpg\"><strong>Siedziba staro\u017cytnych kr\u00f3l\u00f3w<\/strong>.<\/a><\/p>\n\n\n\n<p><a href=\"https:\/\/topol.org.pl\/?page_id=1106\">\u201eKsi\u0119stwo Muszy\u0144skie\u201d<\/a><\/p>\n\n\n\n<p><a href=\"https:\/\/pl.wikipedia.org\/wiki\/Grzywna_(jednostka_miar)\">Grzywna (jednostka miar)<\/a> &#8211; \u015brodek p\u0142atniczy, wytapiane \u017celazo w okolicach \u0141ysej G\u00f3ry i <a href=\"https:\/\/topol.org.pl\/?page_id=5901\">Starachowic<\/a>.<\/p>\n\n\n\n<p><strong>Grzywna<\/strong>&nbsp;(<a href=\"https:\/\/pl.wikipedia.org\/wiki\/%C5%81acina\">\u0142ac.<\/a>&nbsp;<em>marca<\/em>) \u2013&nbsp;<a href=\"https:\/\/pl.wikipedia.org\/wiki\/Jednostka_miary\">jednostka masy<\/a>&nbsp;u\u017cywana w&nbsp;<a href=\"https:\/\/pl.wikipedia.org\/wiki\/%C5%9Aredniowiecze\">\u015bredniowieczu<\/a>&nbsp;w Polsce,&nbsp;<a href=\"https:\/\/pl.wikipedia.org\/wiki\/Czechy\">Czechach<\/a>&nbsp;i na&nbsp;<a href=\"https:\/\/pl.wikipedia.org\/wiki\/Ru%C5%9B_Kijowska\">Rusi<\/a>&nbsp;oraz jednostka p\u0142atnicza. Jedna grzywna mennicza polska oznacza\u0142a mas\u0119 oko\u0142o po\u0142owy&nbsp;<a href=\"https:\/\/pl.wikipedia.org\/wiki\/Funt_(masa)\">funta karoli\u0144skiego<\/a>&nbsp;(po\u0142owa 367&nbsp;<a href=\"https:\/\/pl.wikipedia.org\/wiki\/Gram\">g<\/a>&nbsp;&#8211; ok. 183,5&nbsp;<a href=\"https:\/\/pl.wikipedia.org\/wiki\/Gram\">g<\/a>; II po\u0142. XI w.).<\/p>\n\n\n\n<figure class=\"wp-block-image size-full\"><a href=\"https:\/\/youtu.be\/cOC2Xm7YU6Q?t=270\"><img loading=\"lazy\" decoding=\"async\" width=\"996\" height=\"559\" src=\"https:\/\/topol.org.pl\/wp-content\/uploads\/2025\/03\/Wislanie.jpg\" alt=\"\" class=\"wp-image-10186\" srcset=\"https:\/\/topol.org.pl\/wp-content\/uploads\/2025\/03\/Wislanie.jpg 996w, https:\/\/topol.org.pl\/wp-content\/uploads\/2025\/03\/Wislanie-300x168.jpg 300w, https:\/\/topol.org.pl\/wp-content\/uploads\/2025\/03\/Wislanie-768x431.jpg 768w\" sizes=\"auto, (max-width: 996px) 100vw, 996px\" \/><\/a><\/figure>\n\n\n\n<p><strong><a href=\"https:\/\/youtu.be\/cOC2Xm7YU6Q?t=270\">Skarb \u017celaznych grzywien siekieropodobnych.<\/a><\/strong><\/p>\n\n\n\n<figure class=\"wp-block-image size-full\"><a href=\"https:\/\/youtu.be\/cOC2Xm7YU6Q?t=270\"><img loading=\"lazy\" decoding=\"async\" width=\"1003\" height=\"666\" src=\"https:\/\/topol.org.pl\/wp-content\/uploads\/2025\/03\/Srodek-platniczy-w-epoce-cyfrowej-globalistow-z-Davos.jpg\" alt=\"\" class=\"wp-image-10282\" srcset=\"https:\/\/topol.org.pl\/wp-content\/uploads\/2025\/03\/Srodek-platniczy-w-epoce-cyfrowej-globalistow-z-Davos.jpg 1003w, https:\/\/topol.org.pl\/wp-content\/uploads\/2025\/03\/Srodek-platniczy-w-epoce-cyfrowej-globalistow-z-Davos-300x199.jpg 300w, https:\/\/topol.org.pl\/wp-content\/uploads\/2025\/03\/Srodek-platniczy-w-epoce-cyfrowej-globalistow-z-Davos-768x510.jpg 768w\" sizes=\"auto, (max-width: 1003px) 100vw, 1003px\" \/><\/a><\/figure>\n\n\n\n<p><strong>Staro\u017cytna Polska to nie tylko \u017celazo, to r\u00f3wnie\u017c bursztyn. St\u0105d szlak bursztynowy i w\u0119dr\u00f3wki kupc\u00f3w ze Staro\u017cytnej Grecji i Cesarstwa Rzymskiego.<\/strong> <strong>W \u015aredniowieczu kopalnia soli w Wieliczce.<\/strong> <strong>Kopalni\u0119 soli za\u0142o\u017cy\u0142a <a href=\"https:\/\/muzeum.wieliczka.pl\/legenda-o-swietej-kindze\">Kinga c\u00f3rka Kr\u00f3la W\u0119gier Beli IV.<\/a><\/strong> <strong>Mo\u017cna powiedzie\u0107, \u017ce Polska by\u0142a dobrze dzia\u0142aj\u0105c\u0105 staro\u017cytn\u0105 korporacj\u0105.<\/strong> <strong>Bursztyn dociera\u0142 na Kret\u0119 1800 lat przed nasz\u0105 er\u0105.<\/strong> <strong>Teraz nas prze\u015bcign\u0119li<\/strong>.<\/p>\n\n\n\n<p><strong><a href=\"https:\/\/pl.wikipedia.org\/wiki\/Szlak_bursztynowy\">Szlak bursztynowy<\/a><\/strong>&nbsp;\u2013&nbsp;<a href=\"https:\/\/pl.wikipedia.org\/wiki\/Szlak_handlowy\">szlak handlowy<\/a>&nbsp;\u0142\u0105cz\u0105cy w staro\u017cytno\u015bci rzymsk\u0105 prowincj\u0119&nbsp;<a href=\"https:\/\/pl.wikipedia.org\/wiki\/Panonia\">Panoni\u0119<\/a>&nbsp;z po\u0142udniowym i po\u0142udniowo-wschodnim wybrze\u017cem&nbsp;<a href=\"https:\/\/pl.wikipedia.org\/wiki\/Morze_Ba%C5%82tyckie\">Morza Ba\u0142tyckiego<\/a>. W znaczeniu w\u0119\u017cszym jest to przebieg tras zorganizowanych wypraw po&nbsp;<a href=\"https:\/\/pl.wikipedia.org\/wiki\/Bursztyn\">bursztyn<\/a>, nasilonych od I w. n.e.<\/p>\n\n\n\n<p><strong>Tak i znowu Panonia S\u0142owian. Dlaczego nasza historia jest zapomniana. Poniewa\u017c mamy swoich German\u00f3w. Germanami nazywamy&#8230;<\/strong><\/p>\n\n\n\n<p><a href=\"https:\/\/www.google.com\/search?q=Czy+Polacy+byli+Germanami%3F&amp;oq=Czy+Polacy+byli+Germanami%3F&amp;gs_lcrp=EgZjaHJvbWUyBggAEEUYOdIBCTIzNzJqMGoxNagCCLACAQ&amp;sourceid=chrome&amp;ie=UTF-8\">Czy Polacy byli Germanami?<\/a><\/p>\n\n\n\n<p>Historyczni S\u0142owianie i Germanie s\u0105 jednak odr\u0119bni od siebie pod wzgl\u0119dem j\u0119zykowym, kulturowym a tak\u017ce genetycznym (cho\u0107 szczeg\u00f3lnie w \u015brodkowej Europie \u015blad\u00f3w ich wsp\u00f3\u0142istnienia znamy du\u017co).&nbsp;<strong>Historyczni Germanie nie s\u0105 r\u00f3wnoznaczni Niemcom, na takiej samej zasadzie jak wszyscy historyczni S\u0142owianie nie byli Polakami<\/strong>. \u0179r\u00f3d\u0142o: <a href=\"https:\/\/www.google.com\/search?q=Czy+Polacy+byli+Germanami%3F&amp;oq=Czy+Polacy+byli+Germanami%3F&amp;gs_lcrp=EgZjaHJvbWUyBggAEEUYOdIBCTIzNzJqMGoxNagCCLACAQ&amp;sourceid=chrome&amp;ie=UTF-8\">Google<\/a><\/p>\n\n\n\n<p>Germanie zmieniaj\u0105 nasz\u0105 histori\u0119, poniewa\u017c chc\u0105 podporz\u0105dkowa\u0107 nasze ziemie.<\/p>\n\n\n\n<p>26.03.2025 12.44 <a href=\"https:\/\/www.youtube.com\/watch?v=ALGtAFs8IEI\">Okoliczno\u015bci Odkrycia \u0179r\u00f3d\u0142o: Historia Miniona<\/a><\/p>\n\n\n\n<figure class=\"wp-block-image size-full\"><a href=\"https:\/\/www.youtube.com\/watch?v=ALGtAFs8IEI\"><img loading=\"lazy\" decoding=\"async\" width=\"1000\" height=\"760\" src=\"https:\/\/topol.org.pl\/wp-content\/uploads\/2025\/03\/Za-naszymi-plecami-w-pudelkach-skarb-Wislan-4212-sztuk-waga-3630-kg.jpg\" alt=\"\" class=\"wp-image-10815\" srcset=\"https:\/\/topol.org.pl\/wp-content\/uploads\/2025\/03\/Za-naszymi-plecami-w-pudelkach-skarb-Wislan-4212-sztuk-waga-3630-kg.jpg 1000w, https:\/\/topol.org.pl\/wp-content\/uploads\/2025\/03\/Za-naszymi-plecami-w-pudelkach-skarb-Wislan-4212-sztuk-waga-3630-kg-300x228.jpg 300w, https:\/\/topol.org.pl\/wp-content\/uploads\/2025\/03\/Za-naszymi-plecami-w-pudelkach-skarb-Wislan-4212-sztuk-waga-3630-kg-768x584.jpg 768w\" sizes=\"auto, (max-width: 1000px) 100vw, 1000px\" \/><\/a><\/figure>\n\n\n\n<p>Za naszymi plecami w pude\u0142kach skarb Wi\u015blan 4212 sztuk, waga 3630 kg<\/p>\n\n\n\n<p>11.03.2025 06.13 <a href=\"https:\/\/topol.org.pl\/?page_id=6704\">Moje Dzieje Polski<\/a><\/p>\n\n\n\n<p><span style=\"white-space-collapse: collapse;\">Verte &gt;<\/span><a style=\"white-space-collapse: collapse;\" href=\"https:\/\/topol.org.pl\/?page_id=6187\">Fundacja Narodowe Si\u0142y Samoobrony \u201eGrot\u201d<\/a><\/p>\n\n\n\n<p><\/p>\n","protected":false},"excerpt":{"rendered":"<p>10.03.2025 18.42 Czy 2000 lat temu by\u0142o tu STARO\u017bYTNE zag\u0142\u0119bie \u017celaza? \u0179r\u00f3d\u0142o: Kultura \u015awi\u0119tokrzyska Tajemnice \u0141ysej G\u00f3ry \u2013 Co ukrywa \u015awi\u0119ty Krzy\u017c? Historia, kt\u00f3r\u0105 pr\u00f3buje si\u0119 przemilcze\u0107! \u0179r\u00f3d\u0142o: Kultura \u015awi\u0119tokrzyska DROGA DO KR\u00d3LESTWA (53 min.) Scenariusz i re\u017cyseria: Zdzis\u0142aw Cozac \u0179r\u00f3d\u0142o: ARCHEO-FILM Pa\u0144stwo Wi\u015blan z centrum w Krakowie. Siedziba staro\u017cytnych kr\u00f3l\u00f3w. \u201eKsi\u0119stwo Muszy\u0144skie\u201d Grzywna (jednostka [&hellip;]<\/p>\n","protected":false},"author":1,"featured_media":0,"parent":6704,"menu_order":1,"comment_status":"closed","ping_status":"closed","template":"","meta":{"footnotes":""},"class_list":["post-10180","page","type-page","status-publish","hentry"],"_links":{"self":[{"href":"https:\/\/topol.org.pl\/index.php?rest_route=\/wp\/v2\/pages\/10180","targetHints":{"allow":["GET"]}}],"collection":[{"href":"https:\/\/topol.org.pl\/index.php?rest_route=\/wp\/v2\/pages"}],"about":[{"href":"https:\/\/topol.org.pl\/index.php?rest_route=\/wp\/v2\/types\/page"}],"author":[{"embeddable":true,"href":"https:\/\/topol.org.pl\/index.php?rest_route=\/wp\/v2\/users\/1"}],"replies":[{"embeddable":true,"href":"https:\/\/topol.org.pl\/index.php?rest_route=%2Fwp%2Fv2%2Fcomments&post=10180"}],"version-history":[{"count":28,"href":"https:\/\/topol.org.pl\/index.php?rest_route=\/wp\/v2\/pages\/10180\/revisions"}],"predecessor-version":[{"id":10817,"href":"https:\/\/topol.org.pl\/index.php?rest_route=\/wp\/v2\/pages\/10180\/revisions\/10817"}],"up":[{"embeddable":true,"href":"https:\/\/topol.org.pl\/index.php?rest_route=\/wp\/v2\/pages\/6704"}],"wp:attachment":[{"href":"https:\/\/topol.org.pl\/index.php?rest_route=%2Fwp%2Fv2%2Fmedia&parent=10180"}],"curies":[{"name":"wp","href":"https:\/\/api.w.org\/{rel}","templated":true}]}}