{"id":10446,"date":"2025-03-17T06:50:12","date_gmt":"2025-03-17T05:50:12","guid":{"rendered":"https:\/\/topol.org.pl\/?page_id=10446"},"modified":"2026-01-14T15:43:01","modified_gmt":"2026-01-14T14:43:01","slug":"zatlaczanie-50-mln-ton-dwutlenku-wegla","status":"publish","type":"page","link":"https:\/\/topol.org.pl\/?page_id=10446","title":{"rendered":"&#8222;zat\u0142aczanie 50 mln ton dwutlenku w\u0119gla&#8221;"},"content":{"rendered":"\n<p>17.03.2025 06.57 <a href=\"https:\/\/www.google.com\/search?q=zat%C5%82aczania+50+mln+ton+dwutlenku+w%C4%99gla&amp;oq=zat%C5%82aczania+50+mln+ton+dwutlenku+w%C4%99gla&amp;gs_lcrp=EgZjaHJvbWUyBggAEEUYOdIBCTI3MThqMGoxNagCCLACAQ&amp;sourceid=chrome&amp;ie=UTF-8\">&#8222;zat\u0142aczanie 50 mln ton dwutlenku w\u0119gla&#8221;<\/a><\/p>\n\n\n\n<p><strong>Czy zat\u0142aczanie dwutlenku w\u0119gla pod ziemi\u0119 jest szkodliwe ? Ma by\u0107 zat\u0142aczany pod ziemi\u0119 na terenie Polski i na dnie Ba\u0142tyku.<\/strong> <strong>Wyobra\u017amy sobie, \u017ce dwutlenek w\u0119gla jest potrzebny w atmosferze a zat\u0142aczamy go pod ziemi\u0119. Tam pod ziemi\u0105 jest jak sk\u0142adowisko toksycznych gaz\u00f3w, czyli bomba ekologiczna.<\/strong> <strong>Mam wra\u017cenie, \u017ce otaczaj\u0105 nas wrogowie gospodarczy i militarni.<\/strong> <strong>Sojusznicy czy wrogowie ? Czy zrobi\u0105 z Polski radioaktywn\u0105 pustyni\u0119 po wojnie, ska\u017con\u0105 sk\u0142adowanymi odpadami po produkcji przemys\u0142owej ? Wszyscy do tego d\u0105\u017c\u0105.<\/strong> <strong>W Rosji m\u00f3wi\u0105, \u017ce 2 W\u015a zacz\u0119\u0142a si\u0119 w 1941 roku a nie w 1939 r. Pomijaj\u0105 fakt napa\u015bci i okupacji nazistowskich Niemiec w 1939 r. <a href=\"https:\/\/www.google.com\/search?q=ofiary+w+Katyniu&amp;oq=ofiary+w+Katyniu&amp;gs_lcrp=EgZjaHJvbWUyBggAEEUYOdIBCjEwMDI0ajBqMTWoAgiwAgE&amp;sourceid=chrome&amp;ie=UTF-8\">Pomijaj\u0105 Zbrodni\u0119 Katy\u0144sk\u0105 NKWD<\/a>. Zamordowano z motyw\u00f3w politycznych blisko 22 tys. polskich obywateli wzi\u0119tych do niewoli po agresji ZSRR na Polsk\u0119 17 wrze\u015bnia 1939 r. W czasie rocznicy ofiar w <a href=\"https:\/\/topol.org.pl\/?page_id=9055\">Auschwitz-Birkenau. Niemieckim obozie koncentracyjnym i Zag\u0142ady (1940\u20131945)<\/a> Anglicy nie wspominaj\u0105 w przem\u00f3wieniu o 10 milionach pomordowanych Polak\u00f3w. Wprowadzaj\u0105 ustaw\u0119 447 w USA. Pchaj\u0105 nas do wojny. To nasi Germanie ? Jak wejdziemy do wojny zajm\u0105 tereny na zach\u00f3d od Wis\u0142y. A na wsch\u00f3d od Wis\u0142y zbombarduj\u0105 nas broni\u0105 j\u0105drow\u0105 i nie dadz\u0105 uciec przez p\u0142ot na granicy.<\/strong> <strong>B\u0119d\u0105 przywozili przez port kontenerowy \u015bmieci z ca\u0142ego \u015bwiata i sk\u0142adowali u nas. <a href=\"https:\/\/www.portalsamorzadowy.pl\/ochrona-srodowiska\/protestowali-pod-lidlem-problemem-duza-inwestycja-i-smieci,588844.html\">&#8222;Problemem du\u017ca inwestycja i \u015bmieci&#8221;<\/a><\/strong>. <strong>W czasie 2 W\u015a Niemcy stosowali w obozach koncentracyjnych <a href=\"https:\/\/pl.wikipedia.org\/wiki\/Cyklon_B\">cyklon-B<\/a>. Teraz b\u0119d\u0105 zat\u0142aczali przemys\u0142owe toksyczne CO2 pod ziemi\u0119. Morze Ba\u0142tyckie zamieni si\u0119 w martwe. Gaz zat\u0142aczany b\u0119dzie powoli zatruwa\u0142 wody gruntowe, morze i powoli b\u0119dziemy zmieniali swoje DNA. Na \u015bwiecie b\u0119d\u0105 m\u00f3wili, \u017ce to nasza wina bo sami rozp\u0119tali\u015bmy wojny i jeste\u015bmy <a href=\"https:\/\/www.google.com\/search?q=barany&amp;oq=barany&amp;gs_lcrp=EgZjaHJvbWUyBggAEEUYOdIBCTYxNTVqMGoxNagCCLACAQ&amp;sourceid=chrome&amp;ie=UTF-8\">be<\/a>.<\/strong> <strong>Zobaczcie co chc\u0105 zrobi\u0107 w Palestynie, jak wpu\u015bcimy obce nacje na teren Polski, wysiedl\u0105 nas na <a href=\"https:\/\/www.google.com\/search?q=Madagaskar&amp;sca_esv=a9a17715c624a2d7&amp;sxsrf=AHTn8zp6JrK9DKhucDp-HXEM9wHQrspibw%3A1742277045733&amp;ei=tQnZZ5G-LI6A1fIPwKWK-Qc&amp;ved=0ahUKEwjR7KTj95KMAxUOQFUIHcCSIn8Q4dUDCBA&amp;uact=5&amp;oq=Madagaskar&amp;gs_lp=Egxnd3Mtd2l6LXNlcnAiCk1hZGFnYXNrYXIyCBAuGIAEGLEDMggQLhiABBixAzIIEC4YgAQYsQMyCBAuGIAEGLEDMggQLhiABBixAzIFEAAYgAQyBRAAGIAEMgUQABiABDIIEAAYgAQYsQMyBRAAGIAEMhcQLhiABBixAxiXBRjcBBjeBBjgBNgBAUimCFAAWABwAHgBkAEAmAF7oAF7qgEDMC4xuAEDyAEA-AEC-AEBmAIBoAKJAZgDALoGBggBEAEYFJIHAzAuMaAHuQ-yBwMwLjG4B4kB&amp;sclient=gws-wiz-serp\">Madagaskar<\/a>. Ju\u017c <a href=\"https:\/\/pl.wikipedia.org\/wiki\/Beniowski\">Beniowski<\/a> szykowa\u0142 nam przycz\u00f3\u0142ek. <a href=\"https:\/\/pl.wikipedia.org\/wiki\/Maurycy_Beniowski\">Obwo\u0142ali go kr\u00f3lem Madagaskaru<\/a>.<\/strong> <strong>Powiedz\u0105, \u017ce to nasza ojczyzna.<\/strong> <strong><a href=\"https:\/\/www.google.com\/search?q=Kr%C3%B3la+Lwa&amp;oq=Kr%C3%B3la+Lwa&amp;gs_lcrp=EgZjaHJvbWUyBggAEEUYOdIBCTIzMTZqMGoxNagCCLACAQ&amp;sourceid=chrome&amp;ie=UTF-8\">Obejrzyjcie Kr\u00f3la Lwa<\/a>. Te <a href=\"https:\/\/www.google.com\/search?q=aluzje&amp;oq=aluzje&amp;gs_lcrp=EgZjaHJvbWUyBggAEEUYOdIBCTIzODJqMGoxNagCCLACAQ&amp;sourceid=chrome&amp;ie=UTF-8\">aluzje<\/a> s\u0105 po to \u017ceby dotrze\u0107 do wszystkich.<\/strong><\/p>\n\n\n\n<p><strong>Jednocze\u015bnie likwidacja kopal\u0144, rolnictwa, handlu (tylko Internetowy+paczki). Wszystko funkcjonuje na d\u0142ugu publicznym. Zad\u0142u\u017cenie na zbrojenia u obcych. Rujnuj\u0105ce p\u0142ace w s\u0142u\u017cbie zdrowia. Niepotrzebne procedury. Podw\u00f3jne zapisywanie. Rodzinny i specjalista.<\/strong> <strong>Wycofajcie si\u0119.<\/strong><\/p>\n\n\n\n<p><a href=\"https:\/\/www.rp.pl\/biznes-odpowiedzialny-w-polsce\/art41923801-wspolpraca-na-baltyku-kluczem-do-bezpieczenstwa-energetycznego\">Podmorskie magazyny<\/a> \u0179r\u00f3d\u0142o: rp.pl<\/p>\n\n\n\n<p>23. Zakaz za\u015bmiecania przywo\u017conymi \u015bmieciami z zagranicy przez \u201ebiznesmen\u00f3w\u201d. Zakaz zat\u0142aczania gaz\u00f3w, spalin pod ziemi\u0119 zgadnie z podpisan\u0105 ustaw\u0105 przez Prezydenta Polski. \u0179r\u00f3d\u0142o: <a href=\"https:\/\/topol.org.pl\/?page_id=47\">Fragment<\/a><\/p>\n\n\n\n<p>17.03.2025 16.15 &#8222;<a href=\"https:\/\/youtu.be\/dEwlrkyVfAE?t=854\">Nie ma trwa\u0142ych sojuszy<\/a>&#8221; \u0179r\u00f3d\u0142o: biznesnaostro<\/p>\n\n\n\n<p>Jeste\u015bmy &#8222;<a href=\"https:\/\/topol.org.pl\/?page_id=4512\">Pa\u0144stwem Z\u0142otego \u015arodka<\/a>&#8222;<\/p>\n\n\n\n<p>Napisa\u0142em dnia 08.07.2024 12.23 Trzeba odnowi\u0107 dobre relacje z krajami s\u0142owia\u0144skimi. Szczeg\u00f3lnie z Rosj\u0105,&nbsp;<a href=\"https:\/\/dorzeczy.pl\/opinie\/651301\/rosja-zaatakuje-polske-lukaszenka-to-kompletne-glupstwo.html\">Bia\u0142orusi\u0105<\/a>&nbsp;i USA. Jako<a href=\"https:\/\/topol.org.pl\/?page_id=4287\"><strong>\u201ePa\u0144stwo Z\u0142otego \u015arodka<\/strong>\u201d<\/a>&nbsp;musimy zachowa\u0107 r\u00f3wnowag\u0119 si\u0142.<\/p>\n\n\n\n<p>21.03.2025 19.18 <a href=\"https:\/\/www.youtube.com\/watch?v=gNDDuXhdiqk\">GOR\u0104CY PATRIOTYZM, CH\u0141ODNA G\u0141OWA | prof. Grzegorz Kucharczyk<\/a> \u0179r\u00f3d\u0142o: Po Prostu Historia<\/p>\n\n\n\n<p>GOR\u0104CY PATRIOTYZM, CH\u0141ODNA G\u0141OWA. <\/p>\n\n\n\n<p>Nie zaufa\u0142bym oficerowi NKWD i SBU.<\/p>\n\n\n\n<p>Nie polecia\u0142bym do Smole\u0144ska z ekip\u0105 rz\u0105dow\u0105 samolotem.<\/p>\n\n\n\n<p>Nie przyst\u0105pi\u0142bym do NATO.<\/p>\n\n\n\n<p>Nie przyst\u0105pi\u0142bym do Unii Europejskiej.<\/p>\n\n\n\n<p>Nie przyst\u0105pi\u0142bym do partii.<\/p>\n\n\n\n<p>Nie przyst\u0105pi\u0142bym do ZOMO.<\/p>\n\n\n\n<p>Nikomu bym nie ufa\u0142.<\/p>\n\n\n\n<p>Uzbroi\u0142bym si\u0119 po z\u0119by.<\/p>\n\n\n\n<p>Verte &gt;<a href=\"https:\/\/topol.org.pl\/?page_id=6187\">Fundacja Narodowe Si\u0142y Samoobrony \u201eGrot\u201d<\/a><\/p>\n\n\n\n<p><\/p>\n","protected":false},"excerpt":{"rendered":"<p>17.03.2025 06.57 &#8222;zat\u0142aczanie 50 mln ton dwutlenku w\u0119gla&#8221; Czy zat\u0142aczanie dwutlenku w\u0119gla pod ziemi\u0119 jest szkodliwe ? Ma by\u0107 zat\u0142aczany pod ziemi\u0119 na terenie Polski i na dnie Ba\u0142tyku. Wyobra\u017amy sobie, \u017ce dwutlenek w\u0119gla jest potrzebny w atmosferze a zat\u0142aczamy go pod ziemi\u0119. Tam pod ziemi\u0105 jest jak sk\u0142adowisko toksycznych gaz\u00f3w, czyli bomba ekologiczna. Mam [&hellip;]<\/p>\n","protected":false},"author":1,"featured_media":0,"parent":0,"menu_order":263,"comment_status":"closed","ping_status":"closed","template":"","meta":{"footnotes":""},"class_list":["post-10446","page","type-page","status-publish","hentry"],"_links":{"self":[{"href":"https:\/\/topol.org.pl\/index.php?rest_route=\/wp\/v2\/pages\/10446","targetHints":{"allow":["GET"]}}],"collection":[{"href":"https:\/\/topol.org.pl\/index.php?rest_route=\/wp\/v2\/pages"}],"about":[{"href":"https:\/\/topol.org.pl\/index.php?rest_route=\/wp\/v2\/types\/page"}],"author":[{"embeddable":true,"href":"https:\/\/topol.org.pl\/index.php?rest_route=\/wp\/v2\/users\/1"}],"replies":[{"embeddable":true,"href":"https:\/\/topol.org.pl\/index.php?rest_route=%2Fwp%2Fv2%2Fcomments&post=10446"}],"version-history":[{"count":50,"href":"https:\/\/topol.org.pl\/index.php?rest_route=\/wp\/v2\/pages\/10446\/revisions"}],"predecessor-version":[{"id":10805,"href":"https:\/\/topol.org.pl\/index.php?rest_route=\/wp\/v2\/pages\/10446\/revisions\/10805"}],"wp:attachment":[{"href":"https:\/\/topol.org.pl\/index.php?rest_route=%2Fwp%2Fv2%2Fmedia&parent=10446"}],"curies":[{"name":"wp","href":"https:\/\/api.w.org\/{rel}","templated":true}]}}