{"id":10544,"date":"2025-03-20T13:26:17","date_gmt":"2025-03-20T12:26:17","guid":{"rendered":"https:\/\/topol.org.pl\/?page_id=10544"},"modified":"2025-03-27T21:55:16","modified_gmt":"2025-03-27T20:55:16","slug":"wiosna","status":"publish","type":"page","link":"https:\/\/topol.org.pl\/?page_id=10544","title":{"rendered":"Wiosna"},"content":{"rendered":"\n<p>20.03.2025 13.25<\/p>\n\n\n\n<p><strong>Mo\u017cna powiedzie\u0107, \u017ce napisa\u0142em scenariusz do filmu historyczno- politycznego &#8222;Moje Dzieje Polski&#8221;. Czy mo\u017cna zrobi\u0107 z tego dobry film o Polsce. A mo\u017ce jednak co\u015b si\u0119 wydarzy, \u017ce zrealizuj\u0119 to naprawd\u0119.<\/strong><\/p>\n\n\n\n<p>Dariusz Goworek<\/p>\n\n\n\n<p>Kontakt: admin@topol.org.pl tel. 694212807<\/p>\n\n\n\n<figure class=\"wp-block-image size-large\"><img loading=\"lazy\" decoding=\"async\" width=\"768\" height=\"1024\" src=\"https:\/\/topol.org.pl\/wp-content\/uploads\/2025\/03\/17424738412588646678518512022409-768x1024.jpg\" alt=\"\" class=\"wp-image-10546\" srcset=\"https:\/\/topol.org.pl\/wp-content\/uploads\/2025\/03\/17424738412588646678518512022409-768x1024.jpg 768w, https:\/\/topol.org.pl\/wp-content\/uploads\/2025\/03\/17424738412588646678518512022409-225x300.jpg 225w, https:\/\/topol.org.pl\/wp-content\/uploads\/2025\/03\/17424738412588646678518512022409-1152x1536.jpg 1152w, https:\/\/topol.org.pl\/wp-content\/uploads\/2025\/03\/17424738412588646678518512022409-1536x2048.jpg 1536w, https:\/\/topol.org.pl\/wp-content\/uploads\/2025\/03\/17424738412588646678518512022409-scaled.jpg 1920w\" sizes=\"auto, (max-width: 768px) 100vw, 768px\" \/><\/figure>\n\n\n\n<p>21.03.2025 06.36 <a href=\"https:\/\/www.rp.pl\/sady-i-trybunaly\/art41967541-cyfrowy-sad-ministerstwo-sprawiedliwosci-przedstawilo-plan\">&#8222;Digitalny asystent s\u0119dziego&#8221; i &#8222;poligon do\u015bwiadczalny&#8221;<\/a>.    \u0179r\u00f3d\u0142o: rp.pl<\/p>\n\n\n\n<p><strong>Jeste\u015bmy &#8222;poligonem do\u015bwiadczalnych&#8221; dla digitalnego s\u0105du.<\/strong><\/p>\n\n\n\n<p><a href=\"https:\/\/topol.org.pl\/?page_id=9406\">Dnia 14.03.2025 14.03 napisa\u0142em Planuj\u0119 wyjazd do Warszawy 21.03.2025 o godz. 6.00<\/a> w celu zarejestrowania komitetu wyborczego.&nbsp;<a href=\"https:\/\/wybory.gov.pl\/prezydent2025\/pl\/kalendarz\">Kalendarz wyborczy<\/a>.&nbsp;<a href=\"https:\/\/topol.org.pl\/?page_id=9406\">Czas nagli<\/a>,<\/p>\n\n\n\n<p><strong>S\u0105dz\u0119&#8230;, <a href=\"https:\/\/www.youtube.com\/watch?v=2m4rT1bpDMM\">Polacy nie s\u0105 przygotowani, \u017ceby walczy\u0107 za nich<\/a>. Jad\u0119 do <a href=\"https:\/\/topol.org.pl\/wp-content\/uploads\/2025\/03\/17425606203638148696842115947672-scaled.jpg\">pracy<\/a>.<\/strong> <strong>Zastanawiam si\u0119 jak przyjmowa\u0107 &#8222;digitalnych asystent\u00f3w&#8221; do &#8222;Palestry&#8221;. Jakie kryteria stosowa\u0107, to ma by\u0107 wska\u017anik kwantowy, czy po prostu to b\u0119d\u0105 <a href=\"https:\/\/www.google.com\/search?q=surogaci&amp;oq=surogaci&amp;gs_lcrp=EgZjaHJvbWUyBggAEEUYOdIBCTIxNjFqMGoxNagCCLACAQ&amp;sourceid=chrome&amp;ie=UTF-8\">surogaci<\/a> z palestry, kontroluj\u0105cy asystenta przy pomocy okular\u00f3w.<\/strong> <strong>Nigdy bym nie pomy\u015bla\u0142, \u017ce b\u0119d\u0119 ratowa\u0142 <a href=\"https:\/\/www.google.com\/search?q=paleo-s%C4%99dzi%C3%B3w&amp;oq=paleo-s%C4%99dzi%C3%B3w&amp;gs_lcrp=EgZjaHJvbWUyBggAEEUYOdIBCTIxOTlqMGoxNagCCLACAQ&amp;sourceid=chrome&amp;ie=UTF-8\">paleo-s\u0119dzi\u00f3w<\/a> i neo-s\u0119dzi\u00f3w od globalist\u00f3w z naszego Davos.<\/strong><\/p>\n\n\n\n<p><strong>Obejrza\u0142em <\/strong><a href=\"https:\/\/www.youtube.com\/watch?v=2m4rT1bpDMM\">PREZYDENCKIE ZERO #5: STANOWSKI NA WIECU RAFA\u0141A TRZASKOWSKIEGO<\/a><strong>. Wschodnia flanka NATO to jawnie zapowied\u017a wojny. Po utworzeniu armii europejskiej stracimy suwerenno\u015b\u0107 i niepodleg\u0142o\u015b\u0107. Mo\u017cliwe , \u017ce <a href=\"https:\/\/dorzeczy.pl\/ekonomia\/706323\/niemcy-szybko-wzmacniaja-swoja-armie.html\">p\u00f3jdziemy na wojn\u0119<\/a>. Nast\u0105pi federalizacja Unii. Chodzi o to, \u017ce tylko wprowadzaj\u0105c <a href=\"https:\/\/topol.org.pl\/?page_id=47\">Konstytucj\u0119 z 11.10.2023 r.<\/a> w jednej chwili przerwiemy zwi\u0105zek z Rzesz\u0105 Unijn\u0105. &#8222;Dux Poloniae&#8221; to w\u0142adza prezydencka. <strong>&#8222;Dux Poloniae&#8221;<\/strong><\/strong> <strong>powo\u0142a wiceprezydenta. Dlatego mamy wr\u00f3ci\u0107 do Kr\u00f3lestwa Polskiego, poniewa\u017c tylko wtedy zachowamy swoje pa\u0144stwo.<\/strong> <strong>Uprzedzam o tym Wojsko Polskie i S\u0142u\u017cby.<\/strong> <strong><a href=\"https:\/\/topol.org.pl\/?page_id=47\">Konstytucja z 11.10.2023 r.<\/a><\/strong> <strong>to m\u00f3j program. Napisa\u0142em program w 2023 roku.<\/strong><\/p>\n\n\n\n<p>21.03.2025 19.58 <a href=\"https:\/\/www.youtube.com\/watch?v=LpePCI7qGFY\">PROKURATURA to nie WYMIAR SPRAWIEDLIWO\u015aCI &#8211; S\u0119dzia Barbara Piwnik<\/a> \u0179r\u00f3d\u0142o: Maciej Uchma\u0144ski<\/p>\n\n\n\n<p><strong><a href=\"https:\/\/youtu.be\/LpePCI7qGFY?t=4180\">S\u0119dzia Dago<\/a>&#8211;<a href=\"https:\/\/translate.google.com\/?sl=pl&amp;tl=la&amp;text=S%C4%99dzia%20Dago%0A&amp;op=translate\">Dago iudex<\/a><\/strong><\/p>\n\n\n\n<figure class=\"wp-block-image size-full\"><a href=\"https:\/\/youtu.be\/LpePCI7qGFY?t=4123\"><img loading=\"lazy\" decoding=\"async\" width=\"999\" height=\"662\" src=\"https:\/\/topol.org.pl\/wp-content\/uploads\/2025\/03\/Bez-Konstytucji-z-11.10.2023-nas-nie-ma.jpg\" alt=\"\" class=\"wp-image-10633\" srcset=\"https:\/\/topol.org.pl\/wp-content\/uploads\/2025\/03\/Bez-Konstytucji-z-11.10.2023-nas-nie-ma.jpg 999w, https:\/\/topol.org.pl\/wp-content\/uploads\/2025\/03\/Bez-Konstytucji-z-11.10.2023-nas-nie-ma-300x199.jpg 300w, https:\/\/topol.org.pl\/wp-content\/uploads\/2025\/03\/Bez-Konstytucji-z-11.10.2023-nas-nie-ma-768x509.jpg 768w\" sizes=\"auto, (max-width: 999px) 100vw, 999px\" \/><\/a><\/figure>\n\n\n\n<p>23.03.2025 09.23 &#8222;<a href=\"https:\/\/youtu.be\/uARxBp-gR8M?t=20\">Polacy nie chc\u0105 likwidacji pa\u0144stwa polskiego<\/a>&#8221; \u0179r\u00f3d\u0142o: <a href=\"https:\/\/www.youtube.com\/@TelewizjawPolsce24\">wPolsce24<\/a><\/p>\n\n\n\n<p>23.03.2025 12.56 <a href=\"https:\/\/www.youtube.com\/watch?v=NX2AKUP63ek&amp;t=2141s\">Polska jest w kluczowym momencie geopolitycznego wyboru sojuszy!<\/a> &#8211; \u0179r\u00f3d\u0142o: <a href=\"https:\/\/konserwatyzm.pl\/wp-content\/uploads\/Wielomski_europejskie_dyskusje_www.pdf\">prof. Adam Wielomski<\/a><\/p>\n\n\n\n<p><a href=\"https:\/\/youtu.be\/ibQX2kmNFo4?t=51\">Jak wykszta\u0142ceni ludzie wyt\u0142umacz\u0105 co zrobili?<\/a> To mo\u017cna rozwi\u0105za\u0107 wprowadzaj\u0105c Rz\u0105dy &#8222;Dux Poloniae&#8221;. Ci co chc\u0105 swojej naprawy musz\u0105 z\u0142o\u017cy\u0107 przysi\u0119g\u0119.<br>PREAMBU\u0141A<\/p>\n\n\n\n<p>\u201eMiejcie nadziej\u0119, wytrwa\u0142o\u015b\u0107, odwag\u0119 i m\u00f3dlcie si\u0119, a ciemi\u0119\u017ccy wasi run\u0105 i Kr\u00f3lestwo Polskie powr\u00f3ci\u201d S\u0142owa Piusa IX* po 228 latach nabieraj\u0105 mocy.<br>Wojsko, zacz\u0119\u0142o wybiera\u0107 kr\u00f3l\u00f3w. Najwi\u0119ksz\u0105 w\u0142adz\u0119 w Kr\u00f3lestwie (<em>Corona Regni Poloniae<\/em>) ma w kolejno\u015bci Kr\u00f3l, Prezydent, Rz\u0105d i Sejm. Czw\u00f3rpodzia\u0142 w\u0142adzy. W bardzo wa\u017cnych sprawach decyduje Kr\u00f3l. Cywile nawet na najwy\u017cszym stanowisku w pa\u0144stwie nie odpowiadaj\u0105 za nic. Za bezpiecze\u0144stwo pa\u0144stwa odpowiada Kr\u00f3l, Wojsko Polskie i S\u0142u\u017cby. Jestem \u201eDux Poloniae\u201d od 09.02.2023 roku. W lipcu by\u0142em na \u0141ysej G\u00f3rze-<a href=\"https:\/\/pl.wikipedia.org\/wiki\/Krzy%C5%BC_Prawdziwy\">\u015awi\u0119ty Krzy\u017c<\/a>&nbsp;i z\u0142o\u017cy\u0142em przysi\u0119g\u0119 przed Bogiem i Krzy\u017cem Pana Jezusa. Zawo\u0142anie na powitanie w\u0142adcy Polski \u201eid\u017a, kr\u00f3lu\u201d po \u0142acinie \u201eGo wo rex\u201d<br>Na razie jestem 1.<br>KONSTYTUCJA z dnia 11.10.2023 roku<br>Ci co nie z\u0142o\u017c\u0105 przysi\u0119gi, strac\u0105 urz\u0105d, profity i znaczenie. Wybierzemy sk\u0142ad z ludzi, kt\u00f3rzy przyst\u0105pi\u0105 do &#8222;Dux Poloniae&#8221;. Niereformowalni maj\u0105 szans\u0119 zaistnie\u0107 w nowych warunkach. Byli urz\u0119dnicy, s\u0119dziowie, nauczyciele i inni\u2026 Przejd\u0105 w stan spoczynku , lub b\u0119d\u0105 prowadzili dzia\u0142alno\u015b\u0107 gospodarcz\u0105 na w\u0142asny rachunek. Ma\u0142y ZUS i przywr\u00f3cona ustawa Wilczka umo\u017cliwi\u0105 sukces na w\u0142asny rachunek. Sko\u0144czy si\u0119 zaci\u0105ganie d\u0142ug\u00f3w na swoje pensje i zasiadanie przy obfitym&#8230; S\u0105dzenie chciwych nic nie da. Ludzie si\u0119 nie zmieni\u0105. Z nowej elity r\u00f3wnie\u017c mog\u0105 wyrosn\u0105\u0107 ich nast\u0119pcy. Dlatego w telewizji pu\u015bcimy film &#8222;<a href=\"https:\/\/www.google.com\/search?q=W+garniturach&amp;oq=W+garniturach&amp;gs_lcrp=EgZjaHJvbWUyBggAEEUYOdIBCTIyMDdqMGoxNagCCLACAQ&amp;sourceid=chrome&amp;ie=UTF-8\">W garniturach<\/a>&#8221; \u017ceby byli z prawem &#8222;<a href=\"https:\/\/www.google.com\/search?q=za+Pan+brat&amp;oq=za+Pan+brat&amp;gs_lcrp=EgZjaHJvbWUyBggAEEUYOdIBCTI0NjdqMGoxNagCCLACAQ&amp;sourceid=chrome&amp;ie=UTF-8\">ZA PAN BRAT<\/a>&#8222;.<\/p>\n\n\n\n<p><strong>Wybory powszechne na Prezydenta to referendum, pozwalaj\u0105ce na takie zmiany.<\/strong> \u0179r\u00f3d\u0142o: <a href=\"https:\/\/topol.org.pl\/?page_id=47\">Fragment<\/a><\/p>\n\n\n\n<p>24.03.2025 16.15 <a href=\"https:\/\/www.youtube.com\/watch?v=FossNp7PR0E&amp;t=966s\">Ignacy Mo\u015bcicki, prezydent II RP, mia\u0142 150 os\u00f3b s\u0142u\u017cby i da\u0142 sobie zarobki wi\u0119ksze ni\u017c prezydent USA<\/a> \u0179r\u00f3d\u0142o: <a href=\"https:\/\/www.youtube.com\/watch?v=FossNp7PR0E&amp;t=966s\">Pi\u0144ski o historii<\/a><\/p>\n\n\n\n<figure class=\"wp-block-image size-full\"><a href=\"https:\/\/www.youtube.com\/watch?v=FossNp7PR0E&amp;t=1229s\"><img loading=\"lazy\" decoding=\"async\" width=\"555\" height=\"313\" src=\"https:\/\/topol.org.pl\/wp-content\/uploads\/2025\/03\/Ostatni-Krol-Polski.jpg\" alt=\"\" class=\"wp-image-10751\" srcset=\"https:\/\/topol.org.pl\/wp-content\/uploads\/2025\/03\/Ostatni-Krol-Polski.jpg 555w, https:\/\/topol.org.pl\/wp-content\/uploads\/2025\/03\/Ostatni-Krol-Polski-300x169.jpg 300w\" sizes=\"auto, (max-width: 555px) 100vw, 555px\" \/><\/a><\/figure>\n\n\n\n<p>Konstytucja 3 maja jest nieaktualna, na tronie Polskim mia\u0142 zasiada\u0107 kr\u00f3l z Niemieckiego rodu, protoplast\u0105 hrabia, Ka\u017cdy kr\u00f3l jest \u201eDux Poloniae\u201d* Tre\u015b\u0107 Konstytucji z 1997. akceptuj\u0119 mimo \u017ce referendum jest niewa\u017cne bo uczestniczy\u0142o 42,86% ludzi. Wa\u017cna jest konstytucja z 1935 roku po zaprzysi\u0119\u017ceniu prezydenta na uchod\u017astwie legalizuje* granice z 2 RP. Dlatego w dniu 11.10.2023 zaznaczam, \u017ce <a href=\"https:\/\/topol.org.pl\/?page_id=149\">2RP<\/a>, PRL, <a href=\"https:\/\/topol.org.pl\/?page_id=151\">3RP<\/a> nie maj\u0105 ci\u0105g\u0142o\u015bci z Kr\u00f3lestwem (<em>Corona Regni Poloniae<\/em>). \u0179r\u00f3d\u0142o: <a href=\"https:\/\/topol.org.pl\/?page_id=47\">Fragment<\/a><\/p>\n\n\n\n<p>24.03.2025 18.48 <a href=\"https:\/\/www.rp.pl\/polityka\/art41997231-zakonczyla-sie-rejestracja-komitetow-wyborczych-co-to-znaczy-dla-kampanii-prezydenckiej\">Dok\u0142adnie o 16:15, zgodnie z informacj\u0105 PKW, min\u0105\u0142 termin zg\u0142aszania komitet\u00f3w w wyborach prezydenckich.<\/a> \u0179r\u00f3d\u0142o: rp.pl<\/p>\n\n\n\n<figure class=\"wp-block-image size-full\"><a href=\"https:\/\/www.youtube.com\/watch?v=AMN07vk4AtQ\"><img loading=\"lazy\" decoding=\"async\" width=\"1001\" height=\"773\" src=\"https:\/\/topol.org.pl\/wp-content\/uploads\/2025\/03\/Decydujaca-walka-o-wladze-18.05.2025-rok.jpg\" alt=\"\" class=\"wp-image-10756\" srcset=\"https:\/\/topol.org.pl\/wp-content\/uploads\/2025\/03\/Decydujaca-walka-o-wladze-18.05.2025-rok.jpg 1001w, https:\/\/topol.org.pl\/wp-content\/uploads\/2025\/03\/Decydujaca-walka-o-wladze-18.05.2025-rok-300x232.jpg 300w, https:\/\/topol.org.pl\/wp-content\/uploads\/2025\/03\/Decydujaca-walka-o-wladze-18.05.2025-rok-768x593.jpg 768w\" sizes=\"auto, (max-width: 1001px) 100vw, 1001px\" \/><\/a><\/figure>\n\n\n\n<p>Przedstawienie musi trwa\u0107&#8230;<\/p>\n\n\n\n<p>24.03.2025 20.04 <a href=\"https:\/\/youtu.be\/QFXz-9rLatA?t=2179\">Armia europejska, czyli niemiecka. To dzieje si\u0119 w\u0142a\u015bnie teraz! CZ\u0118\u015a\u0106 I<\/a> Magdalena Zi\u0119tek-Wielomska \u0179r\u00f3d\u0142o: <a href=\"https:\/\/capitalbook.com.pl\/pl\/p\/Niemiecki-sen-o-imperium-Magdalena-Zietek-Wielomska\/5165?gad_source=1&amp;gclid=Cj0KCQjwhYS_BhD2ARIsAJTMMQYwlxHPrdajUt88TFmwfFvEXI_UZdIHm_pOxyK6fqV02i-DW7VRDmYaAosYEALw_wcB\">Ksi\u0119garnia Multibook.pl<\/a><\/p>\n\n\n\n<p>&#8222;<a href=\"https:\/\/youtu.be\/QFXz-9rLatA?t=3929\">Nie reagowali\u015bmy wtedy , kiedy mo\u017cna by\u0142o jeszcze reagowa\u0107<\/a>&#8221; <\/p>\n\n\n\n<p><strong><a href=\"https:\/\/topol.org.pl\/?page_id=7049\">Szlakiem Marszu Niepodleg\u0142o\u015bci<\/a><\/strong><\/p>\n\n\n\n<p><strong><a href=\"https:\/\/topol.org.pl\/?page_id=47\">Konstytucja z 11.10.2023 r.<\/a><\/strong> <strong>to m\u00f3j program. Napisa\u0142em program w 2023 roku.<\/strong><\/p>\n\n\n\n<p>Verte &gt;<a href=\"https:\/\/topol.org.pl\/?page_id=6187\">Fundacja Narodowe Si\u0142y Samoobrony \u201eGrot\u201d<\/a><\/p>\n\n\n\n<p><\/p>\n","protected":false},"excerpt":{"rendered":"<p>20.03.2025 13.25 Mo\u017cna powiedzie\u0107, \u017ce napisa\u0142em scenariusz do filmu historyczno- politycznego &#8222;Moje Dzieje Polski&#8221;. Czy mo\u017cna zrobi\u0107 z tego dobry film o Polsce. A mo\u017ce jednak co\u015b si\u0119 wydarzy, \u017ce zrealizuj\u0119 to naprawd\u0119. Dariusz Goworek Kontakt: admin@topol.org.pl tel. 694212807 21.03.2025 06.36 &#8222;Digitalny asystent s\u0119dziego&#8221; i &#8222;poligon do\u015bwiadczalny&#8221;. \u0179r\u00f3d\u0142o: rp.pl Jeste\u015bmy &#8222;poligonem do\u015bwiadczalnych&#8221; dla digitalnego s\u0105du. [&hellip;]<\/p>\n","protected":false},"author":1,"featured_media":0,"parent":0,"menu_order":279,"comment_status":"closed","ping_status":"closed","template":"","meta":{"footnotes":""},"class_list":["post-10544","page","type-page","status-publish","hentry"],"_links":{"self":[{"href":"https:\/\/topol.org.pl\/index.php?rest_route=\/wp\/v2\/pages\/10544","targetHints":{"allow":["GET"]}}],"collection":[{"href":"https:\/\/topol.org.pl\/index.php?rest_route=\/wp\/v2\/pages"}],"about":[{"href":"https:\/\/topol.org.pl\/index.php?rest_route=\/wp\/v2\/types\/page"}],"author":[{"embeddable":true,"href":"https:\/\/topol.org.pl\/index.php?rest_route=\/wp\/v2\/users\/1"}],"replies":[{"embeddable":true,"href":"https:\/\/topol.org.pl\/index.php?rest_route=%2Fwp%2Fv2%2Fcomments&post=10544"}],"version-history":[{"count":103,"href":"https:\/\/topol.org.pl\/index.php?rest_route=\/wp\/v2\/pages\/10544\/revisions"}],"predecessor-version":[{"id":10856,"href":"https:\/\/topol.org.pl\/index.php?rest_route=\/wp\/v2\/pages\/10544\/revisions\/10856"}],"wp:attachment":[{"href":"https:\/\/topol.org.pl\/index.php?rest_route=%2Fwp%2Fv2%2Fmedia&parent=10544"}],"curies":[{"name":"wp","href":"https:\/\/api.w.org\/{rel}","templated":true}]}}