{"id":1066,"date":"2023-12-08T20:59:28","date_gmt":"2023-12-08T19:59:28","guid":{"rendered":"https:\/\/topol.org.pl\/?page_id=1066"},"modified":"2026-01-09T10:15:44","modified_gmt":"2026-01-09T09:15:44","slug":"przestroga","status":"publish","type":"page","link":"https:\/\/topol.org.pl\/?page_id=1066","title":{"rendered":"Przestroga"},"content":{"rendered":"\n<p><a href=\"https:\/\/historia.dorzeczy.pl\/druga-wojna-swiatowa\/706293\/rodzina-ulmow-ulmowie-za-dobro-zaplacili-najwyzsza-cene.html\">Za dobro zap\u0142acili najwy\u017csz\u0105 cen\u0119. Niemcy wymordowali nawet malutkie dzieci<\/a><\/p>\n\n\n\n<p><a href=\"https:\/\/historia.dorzeczy.pl\/druga-wojna-swiatowa\/559974\/aborcja-tylko-dla-polek-tak-niemcy-walczyli-z-nizszymi-rasami.html\">Aborcja tylko dla&nbsp;Polek. Tak Niemcy walczyli z&nbsp;&#8222;ni\u017cszymi rasami&#8221;<\/a><\/p>\n\n\n\n<p><a href=\"https:\/\/historia.dorzeczy.pl\/druga-wojna-swiatowa\/509964\/oboz-koncentracyjny-dla-dzieci-w-lodzi-przy-ul-przemyslowej-hanba-niemcow.html\">Ob\u00f3z koncentracyjny dla&nbsp;dzieci. Jaki nar\u00f3d zdolny by\u0142 do&nbsp;takich rzeczy?<\/a><\/p>\n\n\n\n<p><a href=\"https:\/\/historia.dorzeczy.pl\/druga-wojna-swiatowa\/478623\/akcja-buerkl-smierc-kata-pawiaka-wielki-sukces-kedywu.html\">Akcja B\u00fcrkl. \u015amier\u0107 kata Pawiaka i&nbsp;wielki sukces Kedywu<\/a><\/p>\n\n\n\n<p><a href=\"https:\/\/historia.dorzeczy.pl\/druga-wojna-swiatowa\/536610\/niemiecka-zbrodnia-w-chelmie-niemcy-zabili-400-chorych-osob-akcja-t4.html\">&#8222;Nar\u00f3d Goethego&#8221; masowo mordowa\u0142 chore dzieci. Akcja T4 i&nbsp;Che\u0142m<\/a><\/p>\n\n\n\n<p><a href=\"https:\/\/historia.dorzeczy.pl\/druga-wojna-swiatowa\/490716\/kl-posen-pierwszy-niemiecki-oboz-na-terenie-polski-i-pierwsze-komory-gazowe.html\">KL Posen. Pierwszy niemiecki ob\u00f3z na&nbsp;terenie Polski i&nbsp;pierwsze komory gazowe<\/a><\/p>\n\n\n\n<p><a href=\"https:\/\/historia.dorzeczy.pl\/druga-wojna-swiatowa\/484908\/akcja-zywiec-morderczy-plan-niemcy-uznali-za-w-pelni-udany-eksperyment.html\">Akcja \u017bywiec. Morderczy plan Niemcy uznali za&nbsp;w&nbsp;pe\u0142ni udany eksperyment<\/a><\/p>\n\n\n\n<p><a href=\"https:\/\/historia.dorzeczy.pl\/druga-wojna-swiatowa\/478167\/sonderfahndungsbuch-polen-lista-polakow-do-zlikwidowania.html\">Sonderfahndungsbuch Polen. Lista Polak\u00f3w do&nbsp;zlikwidowania<\/a><\/p>\n\n\n\n<p><a href=\"https:\/\/historia.dorzeczy.pl\/druga-wojna-swiatowa\/467655\/heinz-reinefarth-bezkarny-kat-woli-morderca-dzieci-kobiet.html\">Heinz Reinefarth. Kat Woli, morderca dzieci, kobiet. Rze\u017a Woli &#8211;&nbsp;zbrodnia bez kary<\/a><\/p>\n\n\n\n<p><a href=\"https:\/\/historia.dorzeczy.pl\/druga-wojna-swiatowa\/523695\/proces-lekarzy-ktorzy-niemcy-poniesli-kare-za-swe-pseudomedyczne-zbrodnie.html\">Proces lekarzy. Kt\u00f3rzy Niemcy ponie\u015bli kar\u0119 za&nbsp;swe pseudomedyczne zbrodnie<\/a><\/p>\n\n\n\n<p><a href=\"https:\/\/historia.dorzeczy.pl\/174183\/zbrodnia-w-hucie-pieniackiej-77-rocznica.html\">\u201eUgi\u0119\u0142y si\u0119 pode mn\u0105 kolana, ukl\u0105k\u0142em\u201d. Tak zgin\u0119\u0142a Huta Pieniacka<\/a><\/p>\n\n\n\n<p><a href=\"https:\/\/historia.dorzeczy.pl\/druga-wojna-swiatowa\/614235\/karbowiak-niemieckie-zastepy-smierci.html\">Niemieckie zast\u0119py \u015bmierci<\/a><\/p>\n\n\n\n<p><a href=\"https:\/\/dorzeczy.pl\/opinie\/577086\/przemyslaw-czarnek-ostro-poucza-ambasadora-niemiec.html\">&#8222;Zrujnowali\u015bcie nasz kraj!&#8221;<\/a><\/p>\n\n\n\n<p><a href=\"https:\/\/dorzeczy.pl\/ekonomia\/522996\/rheinmetall-chce-produkowac-czolgi-panther-na-ukrainie.html\">Rheinmetall planuje produkcj\u0119 czo\u0142g\u00f3w Panther na&nbsp;Ukrainie<\/a><\/p>\n\n\n\n<p><a href=\"https:\/\/historia.dorzeczy.pl\/druga-wojna-swiatowa\/663064\/hanba-dla-berlina-niemiecki-oboz-koncentracyjny-dla-polskich-dzieci.html\">Ha\u0144ba dla&nbsp;Berlina. Niemiecki ob\u00f3z koncentracyjny dla&nbsp;polskich dzieci<\/a><\/p>\n\n\n\n<p><a href=\"https:\/\/historia.dorzeczy.pl\/druga-wojna-swiatowa\/670699\/i-w-obozach-brzmialy-koledy-pelne-nadziei-boze-narodzenie-za-drutami.html\">I w&nbsp;obozach brzmia\u0142y kol\u0119dy. Pe\u0142ne nadziei (mimo wszystko) Bo\u017ce Narodzenie za&nbsp;drutami<\/a><\/p>\n\n\n\n<h6 class=\"wp-block-heading\"><a href=\"https:\/\/historia.dorzeczy.pl\/druga-wojna-swiatowa\/467655\/heinz-reinefarth-bezkarny-kat-woli-morderca-dzieci-kobiet.html\">zbrodnia bez kary<\/a> !<\/h6>\n\n\n\n<p>\u0179r\u00f3d\u0142o: DoRzeczy.pl<\/p>\n\n\n\n<p>Ciemna STRONA BOGACTWA NIEMIEC \u0179r\u00f3d\u0142o: <a href=\"https:\/\/www.youtube.com\/watch?v=1d3ki0MvQ4c\">Globalista<\/a><\/p>\n\n\n\n<p>Verte &gt;<a href=\"https:\/\/topol.org.pl\/?page_id=6187\">Fundacja Narodowe Si\u0142y Samoobrony \u201eGrot\u201d<\/a><\/p>\n\n\n\n<p><\/p>\n","protected":false},"excerpt":{"rendered":"<p>Za dobro zap\u0142acili najwy\u017csz\u0105 cen\u0119. Niemcy wymordowali nawet malutkie dzieci Aborcja tylko dla&nbsp;Polek. Tak Niemcy walczyli z&nbsp;&#8222;ni\u017cszymi rasami&#8221; Ob\u00f3z koncentracyjny dla&nbsp;dzieci. Jaki nar\u00f3d zdolny by\u0142 do&nbsp;takich rzeczy? Akcja B\u00fcrkl. \u015amier\u0107 kata Pawiaka i&nbsp;wielki sukces Kedywu &#8222;Nar\u00f3d Goethego&#8221; masowo mordowa\u0142 chore dzieci. Akcja T4 i&nbsp;Che\u0142m KL Posen. Pierwszy niemiecki ob\u00f3z na&nbsp;terenie Polski i&nbsp;pierwsze komory gazowe Akcja [&hellip;]<\/p>\n","protected":false},"author":1,"featured_media":0,"parent":0,"menu_order":20,"comment_status":"closed","ping_status":"closed","template":"","meta":{"footnotes":""},"class_list":["post-1066","page","type-page","status-publish","hentry"],"_links":{"self":[{"href":"https:\/\/topol.org.pl\/index.php?rest_route=\/wp\/v2\/pages\/1066","targetHints":{"allow":["GET"]}}],"collection":[{"href":"https:\/\/topol.org.pl\/index.php?rest_route=\/wp\/v2\/pages"}],"about":[{"href":"https:\/\/topol.org.pl\/index.php?rest_route=\/wp\/v2\/types\/page"}],"author":[{"embeddable":true,"href":"https:\/\/topol.org.pl\/index.php?rest_route=\/wp\/v2\/users\/1"}],"replies":[{"embeddable":true,"href":"https:\/\/topol.org.pl\/index.php?rest_route=%2Fwp%2Fv2%2Fcomments&post=1066"}],"version-history":[{"count":37,"href":"https:\/\/topol.org.pl\/index.php?rest_route=\/wp\/v2\/pages\/1066\/revisions"}],"predecessor-version":[{"id":10687,"href":"https:\/\/topol.org.pl\/index.php?rest_route=\/wp\/v2\/pages\/1066\/revisions\/10687"}],"wp:attachment":[{"href":"https:\/\/topol.org.pl\/index.php?rest_route=%2Fwp%2Fv2%2Fmedia&parent=1066"}],"curies":[{"name":"wp","href":"https:\/\/api.w.org\/{rel}","templated":true}]}}