{"id":10802,"date":"2025-03-26T08:57:18","date_gmt":"2025-03-26T07:57:18","guid":{"rendered":"https:\/\/topol.org.pl\/?page_id=10802"},"modified":"2026-03-16T10:12:40","modified_gmt":"2026-03-16T09:12:40","slug":"wawel-277","status":"publish","type":"page","link":"https:\/\/topol.org.pl\/?page_id=10802","title":{"rendered":"Wawel"},"content":{"rendered":"\n<p>17.03.2025 06.57 <strong>Urodzi\u0142em si\u0119 16 lat po wojnie. Historii w szkole uczyli nas od Mieszka czyli 966 r.&nbsp;<a href=\"https:\/\/www.youtube.com\/watch?v=qs30-LxfJxQ\">W czwartej klasie mia\u0142em histori\u0119 i pami\u0119tam swoje zdziwienie, \u017ce zaczynamy od 966 r.<\/a>&nbsp;Min\u0119\u0142y lata, zobaczy\u0142em na Kolumnie Zygmunta tabliczk\u0119 Boles\u0142awa Bieruta. Jestem mu wdzi\u0119czny, \u017ce nie zaora\u0142 Star\u00f3wki.&nbsp;<a href=\"https:\/\/topol.org.pl\/?page_id=149\">Niedawno czyta\u0142em artyku\u0142 o Karolu \u015awierczewskim.<\/a>&nbsp;Min\u0119\u0142o 80 lat, usun\u0119li\u015bmy \u015blady po komunizmie(pomniki).&nbsp;<a href=\"https:\/\/topol.org.pl\/?page_id=1066\">Teraz Niemcy mog\u0105 za\u017c\u0105da\u0107 Ziem Zachodnich.<\/a>&nbsp;Czy o to nam chodzi? Ukraina to oddzielne pa\u0144stwo, Bia\u0142oru\u015b te\u017c oddzielne pa\u0144stwo. Teraz mamy najlepsze granice naszego pa\u0144stwa.<\/strong><\/p>\n\n\n\n<p>26.03.2025 06.31 Wawel \u2013 Od \u0142owc\u00f3w mamut\u00f3w do Zamku Kr\u00f3lewskiego<\/p>\n\n\n\n<p>\u0179r\u00f3d\u0142o: <a href=\"https:\/\/www.youtube.com\/watch?v=qs30-LxfJxQ\">Historia na wyci\u0105gni\u0119cie r\u0119ki<\/a><\/p>\n\n\n\n<p>Chyba wiem co to za <a href=\"https:\/\/topol.org.pl\/?page_id=192\">rebus<\/a> z nazw\u0105 <a href=\"https:\/\/pl.wikipedia.org\/wiki\/Wawel\">Wawel<\/a> i Gall Anonim. Ale nie powiem.<\/p>\n\n\n\n<p>29.03.2025 17.07<\/p>\n\n\n\n<p><a href=\"https:\/\/pl.wikipedia.org\/wiki\/J%C4%99zyk_polski\">J\u0119zyk polski,\u00a0polszczyzna<\/a> \u0179r\u00f3d\u0142o: Wikipedia<\/p>\n\n\n\n<p><a href=\"https:\/\/pl.wikipedia.org\/wiki\/J%C4%99zyki_indoeuropejskie\">J\u0119zyki indoeuropejskie<\/a> \u0179r\u00f3d\u0142o: Wikipedia<\/p>\n\n\n\n<p><a href=\"https:\/\/pl.wikipedia.org\/wiki\/J%C4%99zyk_praindoeuropejski\">J\u0119zyk praindoeuropejski<\/a> \u0179r\u00f3d\u0142o: Wikipedia<\/p>\n\n\n\n<p><a href=\"https:\/\/pl.wikipedia.org\/wiki\/Praj%C4%99zyk\">Praj\u0119zyk<\/a> \u0179r\u00f3d\u0142o: Wikipedia<\/p>\n\n\n\n<p><a href=\"https:\/\/pl.wikipedia.org\/wiki\/Sanskryt\">Sanskryt<\/a> \u0179r\u00f3d\u0142o: Wikipedia<\/p>\n\n\n\n<p>Verte &gt;<a href=\"https:\/\/topol.org.pl\/?page_id=6187\">Fundacja Narodowe Si\u0142y Samoobrony \u201eGrot\u201d<\/a><\/p>\n\n\n\n<p><\/p>\n","protected":false},"excerpt":{"rendered":"<p>17.03.2025 06.57 Urodzi\u0142em si\u0119 16 lat po wojnie. Historii w szkole uczyli nas od Mieszka czyli 966 r.&nbsp;W czwartej klasie mia\u0142em histori\u0119 i pami\u0119tam swoje zdziwienie, \u017ce zaczynamy od 966 r.&nbsp;Min\u0119\u0142y lata, zobaczy\u0142em na Kolumnie Zygmunta tabliczk\u0119 Boles\u0142awa Bieruta. Jestem mu wdzi\u0119czny, \u017ce nie zaora\u0142 Star\u00f3wki.&nbsp;Niedawno czyta\u0142em artyku\u0142 o Karolu \u015awierczewskim.&nbsp;Min\u0119\u0142o 80 lat, usun\u0119li\u015bmy \u015blady [&hellip;]<\/p>\n","protected":false},"author":1,"featured_media":0,"parent":6704,"menu_order":3,"comment_status":"closed","ping_status":"closed","template":"","meta":{"footnotes":""},"class_list":["post-10802","page","type-page","status-publish","hentry"],"_links":{"self":[{"href":"https:\/\/topol.org.pl\/index.php?rest_route=\/wp\/v2\/pages\/10802","targetHints":{"allow":["GET"]}}],"collection":[{"href":"https:\/\/topol.org.pl\/index.php?rest_route=\/wp\/v2\/pages"}],"about":[{"href":"https:\/\/topol.org.pl\/index.php?rest_route=\/wp\/v2\/types\/page"}],"author":[{"embeddable":true,"href":"https:\/\/topol.org.pl\/index.php?rest_route=\/wp\/v2\/users\/1"}],"replies":[{"embeddable":true,"href":"https:\/\/topol.org.pl\/index.php?rest_route=%2Fwp%2Fv2%2Fcomments&post=10802"}],"version-history":[{"count":12,"href":"https:\/\/topol.org.pl\/index.php?rest_route=\/wp\/v2\/pages\/10802\/revisions"}],"predecessor-version":[{"id":10896,"href":"https:\/\/topol.org.pl\/index.php?rest_route=\/wp\/v2\/pages\/10802\/revisions\/10896"}],"up":[{"embeddable":true,"href":"https:\/\/topol.org.pl\/index.php?rest_route=\/wp\/v2\/pages\/6704"}],"wp:attachment":[{"href":"https:\/\/topol.org.pl\/index.php?rest_route=%2Fwp%2Fv2%2Fmedia&parent=10802"}],"curies":[{"name":"wp","href":"https:\/\/api.w.org\/{rel}","templated":true}]}}