{"id":10827,"date":"2025-03-27T06:46:19","date_gmt":"2025-03-27T05:46:19","guid":{"rendered":"https:\/\/topol.org.pl\/?page_id=10827"},"modified":"2025-03-28T15:59:30","modified_gmt":"2025-03-28T14:59:30","slug":"hero-irritant","status":"publish","type":"page","link":"https:\/\/topol.org.pl\/?page_id=10827","title":{"rendered":"&#8222;hero irritant&#8221;"},"content":{"rendered":"\n<p>27.03.2025 07.00 <a href=\"https:\/\/translate.google.com\/?sl=auto&amp;tl=pl&amp;text=hero%20irritant&amp;op=translate\">hero irritant-Irytuj\u0105cy bohater<\/a>. Wyskoczy\u0142a mi reklama, co my\u015ble\u0107.<\/p>\n\n\n\n<p>Zagram na gie\u0142dzie <a href=\"https:\/\/www.google.com\/search?q=irytuj%C4%85cy&amp;oq=irytuj%C4%85cy&amp;gs_lcrp=EgZjaHJvbWUyBggAEEUYOdIBCTc2MjlqMGoxNagCCLACAQ&amp;sourceid=chrome&amp;ie=UTF-8\">krypto walut<\/a>, jak <a href=\"https:\/\/topol.org.pl\/?page_id=2759\">zgromadz\u0119 \u015brodki<\/a>&#8230;(<a href=\"https:\/\/topol.org.pl\/?page_id=10180\">grzywna<\/a>)to za\u0142o\u017c\u0119&#8230;fundacj\u0119.<\/p>\n\n\n\n<figure class=\"wp-block-image size-large\"><img loading=\"lazy\" decoding=\"async\" width=\"1024\" height=\"576\" src=\"https:\/\/topol.org.pl\/wp-content\/uploads\/2025\/03\/Robot-Google-widzi-te-strone-po-raz-pierwszy-1024x576.jpg\" alt=\"\" class=\"wp-image-10848\" srcset=\"https:\/\/topol.org.pl\/wp-content\/uploads\/2025\/03\/Robot-Google-widzi-te-strone-po-raz-pierwszy-1024x576.jpg 1024w, https:\/\/topol.org.pl\/wp-content\/uploads\/2025\/03\/Robot-Google-widzi-te-strone-po-raz-pierwszy-300x169.jpg 300w, https:\/\/topol.org.pl\/wp-content\/uploads\/2025\/03\/Robot-Google-widzi-te-strone-po-raz-pierwszy-768x432.jpg 768w, https:\/\/topol.org.pl\/wp-content\/uploads\/2025\/03\/Robot-Google-widzi-te-strone-po-raz-pierwszy-1536x864.jpg 1536w, https:\/\/topol.org.pl\/wp-content\/uploads\/2025\/03\/Robot-Google-widzi-te-strone-po-raz-pierwszy.jpg 1920w\" sizes=\"auto, (max-width: 1024px) 100vw, 1024px\" \/><\/figure>\n\n\n\n<p>Chyba zaczn\u0119 zbiera\u0107 z\u0142om, i wyrabia\u0107 grzywny. Wol\u0119 tak\u0105 walut\u0119.<\/p>\n\n\n\n<p>Verte &gt;<a href=\"https:\/\/topol.org.pl\/?page_id=6187\">Fundacja Narodowe Si\u0142y Samoobrony \u201eGrot\u201d<\/a><\/p>\n\n\n\n<p><\/p>\n","protected":false},"excerpt":{"rendered":"<p>27.03.2025 07.00 hero irritant-Irytuj\u0105cy bohater. Wyskoczy\u0142a mi reklama, co my\u015ble\u0107. Zagram na gie\u0142dzie krypto walut, jak zgromadz\u0119 \u015brodki&#8230;(grzywna)to za\u0142o\u017c\u0119&#8230;fundacj\u0119. Chyba zaczn\u0119 zbiera\u0107 z\u0142om, i wyrabia\u0107 grzywny. Wol\u0119 tak\u0105 walut\u0119. Verte &gt;Fundacja Narodowe Si\u0142y Samoobrony \u201eGrot\u201d<\/p>\n","protected":false},"author":1,"featured_media":0,"parent":2759,"menu_order":280,"comment_status":"closed","ping_status":"closed","template":"","meta":{"footnotes":""},"class_list":["post-10827","page","type-page","status-publish","hentry"],"_links":{"self":[{"href":"https:\/\/topol.org.pl\/index.php?rest_route=\/wp\/v2\/pages\/10827","targetHints":{"allow":["GET"]}}],"collection":[{"href":"https:\/\/topol.org.pl\/index.php?rest_route=\/wp\/v2\/pages"}],"about":[{"href":"https:\/\/topol.org.pl\/index.php?rest_route=\/wp\/v2\/types\/page"}],"author":[{"embeddable":true,"href":"https:\/\/topol.org.pl\/index.php?rest_route=\/wp\/v2\/users\/1"}],"replies":[{"embeddable":true,"href":"https:\/\/topol.org.pl\/index.php?rest_route=%2Fwp%2Fv2%2Fcomments&post=10827"}],"version-history":[{"count":10,"href":"https:\/\/topol.org.pl\/index.php?rest_route=\/wp\/v2\/pages\/10827\/revisions"}],"predecessor-version":[{"id":10850,"href":"https:\/\/topol.org.pl\/index.php?rest_route=\/wp\/v2\/pages\/10827\/revisions\/10850"}],"up":[{"embeddable":true,"href":"https:\/\/topol.org.pl\/index.php?rest_route=\/wp\/v2\/pages\/2759"}],"wp:attachment":[{"href":"https:\/\/topol.org.pl\/index.php?rest_route=%2Fwp%2Fv2%2Fmedia&parent=10827"}],"curies":[{"name":"wp","href":"https:\/\/api.w.org\/{rel}","templated":true}]}}