{"id":109,"date":"2023-10-17T06:53:15","date_gmt":"2023-10-17T04:53:15","guid":{"rendered":"https:\/\/topol.org.pl\/?page_id=109"},"modified":"2026-01-09T10:07:05","modified_gmt":"2026-01-09T09:07:05","slug":"polacy","status":"publish","type":"page","link":"https:\/\/topol.org.pl\/?page_id=109","title":{"rendered":"Polacy"},"content":{"rendered":"\n<h4 class=\"wp-block-heading has-text-align-right\"><a href=\"https:\/\/topol.org.pl\/wp-login.php?redirect_to=https%3A%2F%2Ftopol.org.pl%2Fwp-admin%2F&amp;reauth=1\">Panel logowania<\/a><\/h4>\n\n\n\n<p class=\"has-text-align-left\">\u0179r\u00f3d\u0142o: Wikipedia Polacy<\/p>\n\n\n\n<p><strong><a href=\"https:\/\/pl.wikipedia.org\/wiki\/Kronika_wielkopolska\">Kronika wielkopolska<\/a><\/strong>\u00a0(<a href=\"https:\/\/pl.wikipedia.org\/wiki\/%C5%81acina\">\u0142ac.<\/a>\u00a0<em><a href=\"https:\/\/pl.wikipedia.org\/wiki\/Kategoria:Kronika_wielkopolska\">Chronica Poloniae maioris<\/a><\/em>)\u00a0zawiera r\u00f3wnie\u017c przepowiednie dotycz\u0105ce zjednoczenia kraju i odnowienia jego pot\u0119gi.<\/p>\n\n\n\n<p>Opieraj\u0105c si\u0119 na&nbsp;<a href=\"https:\/\/pl.wikipedia.org\/wiki\/Kronika_Wincentego_Kad%C5%82ubka\">dziele<\/a>&nbsp;<a href=\"https:\/\/pl.wikipedia.org\/wiki\/Wincenty_Kad%C5%82ubek\">Wincentego Kad\u0142ubka<\/a>, cho\u0107 z licznymi zmianami, autor&nbsp;<em>Kroniki Wielkopolskiej<\/em>&nbsp;uto\u017csami\u0142 legendarne pa\u0144stwo Lechit\u00f3w z historycznym kr\u00f3lestwem polskim i na tej podstawie okre\u015bli\u0142 domniemane, dawne granice Polski, kt\u00f3rych przywr\u00f3cenia oczekiwa\u0142 od przysz\u0142ych w\u0142adc\u00f3w zjednoczonego kraju. Te legendarne granice Polski mia\u0142y si\u0119ga\u0107 od&nbsp;<a href=\"https:\/\/pl.wikipedia.org\/wiki\/Ren\">Renu<\/a>&nbsp;na zachodzie po&nbsp;<a href=\"https:\/\/pl.wikipedia.org\/wiki\/Dniepr\">Dniepr<\/a>&nbsp;na wschodzie, a od&nbsp;<a href=\"https:\/\/pl.wikipedia.org\/wiki\/Dunaj\">Dunaju<\/a>&nbsp;na po\u0142udniu po morza&nbsp;<a href=\"https:\/\/pl.wikipedia.org\/wiki\/Morze_Ba%C5%82tyckie\">Ba\u0142tyckie<\/a>&nbsp;i&nbsp;<a href=\"https:\/\/pl.wikipedia.org\/wiki\/Morze_P%C3%B3%C5%82nocne\">P\u00f3\u0142nocne<\/a>.<\/p>\n\n\n\n<p><a href=\"https:\/\/historia.dorzeczy.pl\/archeologia\/640879\/najstarsza-znana-bitwa-w-dziejach-swiata-kto-starl-sie-nad-rzeka-tollense.html\">Najstarsza znana bitwa w&nbsp;dziejach \u015bwiata? Kto star\u0142 si\u0119 nad rzek\u0105 Tollense<\/a><\/p>\n\n\n\n<p class=\"has-text-align-left\"><br><a href=\"https:\/\/pl.wikipedia.org\/wiki\/Polacy\">Polacy<\/a> \u2013 nar\u00f3d zachodnios\u0142owia\u0144ski (<a href=\"https:\/\/pl.wikipedia.org\/wiki\/J%C4%99zyki_lechickie\">lechicki<\/a>) zamieszkuj\u0105cy g\u0142\u00f3wnie obszar Rzeczypospolitej Polskiej i b\u0119d\u0105cy jej g\u0142\u00f3wnym sk\u0142adnikiem ludno\u015bciowym, a poza granicami Polski tworz\u0105cy Poloni\u0119. \u0179r\u00f3d\u0142o: <a href=\"https:\/\/pl.wikipedia.org\/wiki\/Polacy\">Wikipedia Polacy<\/a><\/p>\n\n\n\n<p>Polacy pos\u0142uguj\u0105 si\u0119 w wi\u0119kszo\u015bci j\u0119zykiem polskim oraz alfabetem \u0142aci\u0144skim, kt\u00f3ry zosta\u0142 wprowadzony w X wieku z chwil\u0105, od kt\u00f3rej na ziemiach polskich zacz\u0119to wprowadza\u0107 chrze\u015bcija\u0144stwo obrz\u0105dku zachodniego. W ukszta\u0142towaniu wyznaniowym Polak\u00f3w wyra\u017an\u0105 wi\u0119kszo\u015b\u0107 stanowi\u0105 katolicy obrz\u0105dku \u0142aci\u0144skiego, obecne s\u0105 tak\u017ce inne obrz\u0105dki i wyznania.<\/p>\n\n\n\n<p>Wed\u0142ug Narodowego Spisu Powszechnego z 2011 roku liczba os\u00f3b deklaruj\u0105cych narodowo\u015b\u0107 polsk\u0105 zamieszka\u0142ych na terenie Polski wynosi 36,5 mln (37,4 mln) przy populacji 38,5 mln. Liczebno\u015b\u0107 diaspory polskiej wed\u0142ug r\u00f3\u017cnych \u017ar\u00f3de\u0142 to 13\u201316 mln. Stowarzyszenie \u201eWsp\u00f3lnota Polska\u201d szacuje liczebno\u015b\u0107 Polonii na 20 mln<\/p>\n\n\n\n<p><a href=\"https:\/\/pl.wikipedia.org\/wiki\/Polska\">Polska<\/a><\/p>\n\n\n\n<p><a href=\"https:\/\/pl.wikipedia.org\/wiki\/Pa%C5%84stwo_unitarne\">Pa\u0144stwo unitarne<\/a><\/p>\n\n\n\n<p>Verte &gt;<a href=\"https:\/\/topol.org.pl\/?page_id=6187\">Fundacja Narodowe Si\u0142y Samoobrony \u201eGrot\u201d<\/a><\/p>\n","protected":false},"excerpt":{"rendered":"<p>Panel logowania \u0179r\u00f3d\u0142o: Wikipedia Polacy Kronika wielkopolska\u00a0(\u0142ac.\u00a0Chronica Poloniae maioris)\u00a0zawiera r\u00f3wnie\u017c przepowiednie dotycz\u0105ce zjednoczenia kraju i odnowienia jego pot\u0119gi. Opieraj\u0105c si\u0119 na&nbsp;dziele&nbsp;Wincentego Kad\u0142ubka, cho\u0107 z licznymi zmianami, autor&nbsp;Kroniki Wielkopolskiej&nbsp;uto\u017csami\u0142 legendarne pa\u0144stwo Lechit\u00f3w z historycznym kr\u00f3lestwem polskim i na tej podstawie okre\u015bli\u0142 domniemane, dawne granice Polski, kt\u00f3rych przywr\u00f3cenia oczekiwa\u0142 od przysz\u0142ych w\u0142adc\u00f3w zjednoczonego kraju. Te legendarne granice [&hellip;]<\/p>\n","protected":false},"author":1,"featured_media":111,"parent":0,"menu_order":9,"comment_status":"closed","ping_status":"closed","template":"","meta":{"footnotes":""},"class_list":["post-109","page","type-page","status-publish","has-post-thumbnail","hentry"],"_links":{"self":[{"href":"https:\/\/topol.org.pl\/index.php?rest_route=\/wp\/v2\/pages\/109","targetHints":{"allow":["GET"]}}],"collection":[{"href":"https:\/\/topol.org.pl\/index.php?rest_route=\/wp\/v2\/pages"}],"about":[{"href":"https:\/\/topol.org.pl\/index.php?rest_route=\/wp\/v2\/types\/page"}],"author":[{"embeddable":true,"href":"https:\/\/topol.org.pl\/index.php?rest_route=\/wp\/v2\/users\/1"}],"replies":[{"embeddable":true,"href":"https:\/\/topol.org.pl\/index.php?rest_route=%2Fwp%2Fv2%2Fcomments&post=109"}],"version-history":[{"count":15,"href":"https:\/\/topol.org.pl\/index.php?rest_route=\/wp\/v2\/pages\/109\/revisions"}],"predecessor-version":[{"id":10088,"href":"https:\/\/topol.org.pl\/index.php?rest_route=\/wp\/v2\/pages\/109\/revisions\/10088"}],"wp:featuredmedia":[{"embeddable":true,"href":"https:\/\/topol.org.pl\/index.php?rest_route=\/wp\/v2\/media\/111"}],"wp:attachment":[{"href":"https:\/\/topol.org.pl\/index.php?rest_route=%2Fwp%2Fv2%2Fmedia&parent=109"}],"curies":[{"name":"wp","href":"https:\/\/api.w.org\/{rel}","templated":true}]}}