{"id":10997,"date":"2025-04-02T16:49:28","date_gmt":"2025-04-02T14:49:28","guid":{"rendered":"https:\/\/topol.org.pl\/?page_id=10997"},"modified":"2025-04-11T07:15:01","modified_gmt":"2025-04-11T05:15:01","slug":"telewizja-wars-i-sawa","status":"publish","type":"page","link":"https:\/\/topol.org.pl\/?page_id=10997","title":{"rendered":"TV Wars i Sawa"},"content":{"rendered":"\n<p>Telewizja Wars i Sawa<\/p>\n\n\n\n<p><a href=\"https:\/\/www.youtube.com\/channel\/UCOxA07wRzC7olVQtTls95VQ\">TV Wars i Sawa<\/a><\/p>\n\n\n\n<p>Niebawem powstanie Telewizja. <\/p>\n\n\n\n<p>02.04.2025 16.33 &#8222;<a href=\"https:\/\/dorzeczy.pl\/ekonomia\/709755\/wlasciciel-onetu-moze-zlozyc-oferte-zakupu-tvn.html\">Jest kolejny ch\u0119tny<\/a>&#8221; \u0179r\u00f3d\u0142o:&nbsp;<a href=\"https:\/\/dorzeczy.pl\/ekonomia\/709755\/wlasciciel-onetu-moze-zlozyc-oferte-zakupu-tvn.html\">Puls Biznesu\/DoRzeczy.pl<\/a><\/p>\n\n\n\n<p>Verte &gt;<a href=\"https:\/\/topol.org.pl\/?page_id=6187\">Fundacja Narodowe Si\u0142y Samoobrony \u201eGrot\u201d<\/a><\/p>\n\n\n\n<p><\/p>\n","protected":false},"excerpt":{"rendered":"<p>Telewizja Wars i Sawa TV Wars i Sawa Niebawem powstanie Telewizja. 02.04.2025 16.33 &#8222;Jest kolejny ch\u0119tny&#8221; \u0179r\u00f3d\u0142o:&nbsp;Puls Biznesu\/DoRzeczy.pl Verte &gt;Fundacja Narodowe Si\u0142y Samoobrony \u201eGrot\u201d<\/p>\n","protected":false},"author":1,"featured_media":0,"parent":9670,"menu_order":0,"comment_status":"closed","ping_status":"closed","template":"","meta":{"footnotes":""},"class_list":["post-10997","page","type-page","status-publish","hentry"],"_links":{"self":[{"href":"https:\/\/topol.org.pl\/index.php?rest_route=\/wp\/v2\/pages\/10997","targetHints":{"allow":["GET"]}}],"collection":[{"href":"https:\/\/topol.org.pl\/index.php?rest_route=\/wp\/v2\/pages"}],"about":[{"href":"https:\/\/topol.org.pl\/index.php?rest_route=\/wp\/v2\/types\/page"}],"author":[{"embeddable":true,"href":"https:\/\/topol.org.pl\/index.php?rest_route=\/wp\/v2\/users\/1"}],"replies":[{"embeddable":true,"href":"https:\/\/topol.org.pl\/index.php?rest_route=%2Fwp%2Fv2%2Fcomments&post=10997"}],"version-history":[{"count":10,"href":"https:\/\/topol.org.pl\/index.php?rest_route=\/wp\/v2\/pages\/10997\/revisions"}],"predecessor-version":[{"id":11395,"href":"https:\/\/topol.org.pl\/index.php?rest_route=\/wp\/v2\/pages\/10997\/revisions\/11395"}],"up":[{"embeddable":true,"href":"https:\/\/topol.org.pl\/index.php?rest_route=\/wp\/v2\/pages\/9670"}],"wp:attachment":[{"href":"https:\/\/topol.org.pl\/index.php?rest_route=%2Fwp%2Fv2%2Fmedia&parent=10997"}],"curies":[{"name":"wp","href":"https:\/\/api.w.org\/{rel}","templated":true}]}}