{"id":11051,"date":"2025-04-05T14:08:25","date_gmt":"2025-04-05T12:08:25","guid":{"rendered":"https:\/\/topol.org.pl\/?page_id=11051"},"modified":"2026-01-09T11:02:18","modified_gmt":"2026-01-09T10:02:18","slug":"jestem-za-imperialna-rosja","status":"publish","type":"page","link":"https:\/\/topol.org.pl\/?page_id=11051","title":{"rendered":"Imperialna Rosja"},"content":{"rendered":"\n<p>05.04.2025 14.02 <a href=\"https:\/\/dorzeczy.pl\/opinie\/710925\/simonian-chce-odebrac-polsce-i-litwie-rosyjskie-ziemie.html\">W Rosji m\u00f3wi si\u0119 o&nbsp;&#8222;odzyskaniu&#8221; utraconych ziem. Wspomniano o&nbsp;Polsce.<\/a> \u0179r\u00f3d\u0142o:&nbsp;ura.ru, Bild\/<a href=\"https:\/\/dorzeczy.pl\/opinie\/710925\/simonian-chce-odebrac-polsce-i-litwie-rosyjskie-ziemie.html\">DoRzeczy.pl<\/a><\/p>\n\n\n\n<p>05.04.2025 14.02 <strong>Jestem za imperialn\u0105 Rosj\u0105 i jej ambicjami, ale obrali z\u0142y kierunek. Proponuj\u0119, \u017ceby zainteresowali si\u0119 dobrymi relacjami z <a href=\"https:\/\/pl.wikipedia.org\/wiki\/Mongolia\">Mongoli\u0105<\/a> i <a href=\"https:\/\/pl.wikipedia.org\/wiki\/Alaska\">USA<\/a>.<\/strong><\/p>\n\n\n\n<p>Verte &gt;<a href=\"https:\/\/topol.org.pl\/?page_id=6187\">Fundacja Narodowe Si\u0142y Samoobrony \u201eGrot\u201d<\/a><\/p>\n\n\n\n<p><\/p>\n","protected":false},"excerpt":{"rendered":"<p>05.04.2025 14.02 W Rosji m\u00f3wi si\u0119 o&nbsp;&#8222;odzyskaniu&#8221; utraconych ziem. Wspomniano o&nbsp;Polsce. \u0179r\u00f3d\u0142o:&nbsp;ura.ru, Bild\/DoRzeczy.pl 05.04.2025 14.02 Jestem za imperialn\u0105 Rosj\u0105 i jej ambicjami, ale obrali z\u0142y kierunek. Proponuj\u0119, \u017ceby zainteresowali si\u0119 dobrymi relacjami z Mongoli\u0105 i USA. Verte &gt;Fundacja Narodowe Si\u0142y Samoobrony \u201eGrot\u201d<\/p>\n","protected":false},"author":1,"featured_media":0,"parent":9745,"menu_order":2,"comment_status":"closed","ping_status":"closed","template":"","meta":{"footnotes":""},"class_list":["post-11051","page","type-page","status-publish","hentry"],"_links":{"self":[{"href":"https:\/\/topol.org.pl\/index.php?rest_route=\/wp\/v2\/pages\/11051","targetHints":{"allow":["GET"]}}],"collection":[{"href":"https:\/\/topol.org.pl\/index.php?rest_route=\/wp\/v2\/pages"}],"about":[{"href":"https:\/\/topol.org.pl\/index.php?rest_route=\/wp\/v2\/types\/page"}],"author":[{"embeddable":true,"href":"https:\/\/topol.org.pl\/index.php?rest_route=\/wp\/v2\/users\/1"}],"replies":[{"embeddable":true,"href":"https:\/\/topol.org.pl\/index.php?rest_route=%2Fwp%2Fv2%2Fcomments&post=11051"}],"version-history":[{"count":4,"href":"https:\/\/topol.org.pl\/index.php?rest_route=\/wp\/v2\/pages\/11051\/revisions"}],"predecessor-version":[{"id":11059,"href":"https:\/\/topol.org.pl\/index.php?rest_route=\/wp\/v2\/pages\/11051\/revisions\/11059"}],"up":[{"embeddable":true,"href":"https:\/\/topol.org.pl\/index.php?rest_route=\/wp\/v2\/pages\/9745"}],"wp:attachment":[{"href":"https:\/\/topol.org.pl\/index.php?rest_route=%2Fwp%2Fv2%2Fmedia&parent=11051"}],"curies":[{"name":"wp","href":"https:\/\/api.w.org\/{rel}","templated":true}]}}