{"id":11070,"date":"2025-04-06T07:35:58","date_gmt":"2025-04-06T05:35:58","guid":{"rendered":"https:\/\/topol.org.pl\/?page_id=11070"},"modified":"2025-04-07T17:59:42","modified_gmt":"2025-04-07T15:59:42","slug":"mam-unie-nie-biore-dotacji-21-03-2025","status":"publish","type":"page","link":"https:\/\/topol.org.pl\/?page_id=11070","title":{"rendered":"&#8222;&#8230;mam uni\u0119, nie bior\u0119 dotacji, 21.03.2025&#8221;"},"content":{"rendered":"\n<p>06.04.2025 07.33 <a href=\"https:\/\/www.youtube.com\/watch?v=a_fJ_NqCZ1w\">&#8222;&#8230;nie bior\u0119 dotacji, 21.03.2025&#8221;<\/a> \u0179r\u00f3d\u0142o: <a href=\"https:\/\/www.youtube.com\/watch?v=aC9qC3_Egkg\">k1paw<\/a><\/p>\n\n\n\n<p>Verte &gt;<a href=\"https:\/\/topol.org.pl\/?page_id=6187\">Fundacja Narodowe Si\u0142y Samoobrony \u201eGrot\u201d<\/a><\/p>\n\n\n\n<p><\/p>\n","protected":false},"excerpt":{"rendered":"<p>06.04.2025 07.33 &#8222;&#8230;nie bior\u0119 dotacji, 21.03.2025&#8221; \u0179r\u00f3d\u0142o: k1paw Verte &gt;Fundacja Narodowe Si\u0142y Samoobrony \u201eGrot\u201d<\/p>\n","protected":false},"author":1,"featured_media":0,"parent":10544,"menu_order":282,"comment_status":"closed","ping_status":"closed","template":"","meta":{"footnotes":""},"class_list":["post-11070","page","type-page","status-publish","hentry"],"_links":{"self":[{"href":"https:\/\/topol.org.pl\/index.php?rest_route=\/wp\/v2\/pages\/11070","targetHints":{"allow":["GET"]}}],"collection":[{"href":"https:\/\/topol.org.pl\/index.php?rest_route=\/wp\/v2\/pages"}],"about":[{"href":"https:\/\/topol.org.pl\/index.php?rest_route=\/wp\/v2\/types\/page"}],"author":[{"embeddable":true,"href":"https:\/\/topol.org.pl\/index.php?rest_route=\/wp\/v2\/users\/1"}],"replies":[{"embeddable":true,"href":"https:\/\/topol.org.pl\/index.php?rest_route=%2Fwp%2Fv2%2Fcomments&post=11070"}],"version-history":[{"count":3,"href":"https:\/\/topol.org.pl\/index.php?rest_route=\/wp\/v2\/pages\/11070\/revisions"}],"predecessor-version":[{"id":11118,"href":"https:\/\/topol.org.pl\/index.php?rest_route=\/wp\/v2\/pages\/11070\/revisions\/11118"}],"up":[{"embeddable":true,"href":"https:\/\/topol.org.pl\/index.php?rest_route=\/wp\/v2\/pages\/10544"}],"wp:attachment":[{"href":"https:\/\/topol.org.pl\/index.php?rest_route=%2Fwp%2Fv2%2Fmedia&parent=11070"}],"curies":[{"name":"wp","href":"https:\/\/api.w.org\/{rel}","templated":true}]}}