{"id":11074,"date":"2025-04-06T08:39:13","date_gmt":"2025-04-06T06:39:13","guid":{"rendered":"https:\/\/topol.org.pl\/?page_id=11074"},"modified":"2026-01-09T10:19:59","modified_gmt":"2026-01-09T09:19:59","slug":"poczta-polska-wprowadzila-do-sprzedazy-ksiazke-rok-1984-george-orwella","status":"publish","type":"page","link":"https:\/\/topol.org.pl\/?page_id=11074","title":{"rendered":"Poczta Polska\u00a0wprowadzi\u0142a do sprzeda\u017cy ksi\u0105\u017ck\u0119 \u201eRok 1984\u201d\u00a0George Orwella"},"content":{"rendered":"\n<p>05.04.2025 09.56&nbsp;<strong>Poczta Polska<\/strong>&nbsp;wprowadzi\u0142a do sprzeda\u017cy ksi\u0105\u017ck\u0119 \u201e<a href=\"https:\/\/pl.wikipedia.org\/wiki\/Rok_1984\">Rok 1984<\/a>\u201d&nbsp;<a href=\"https:\/\/pl.wikipedia.org\/wiki\/George_Orwell\">George Orwella<\/a>&nbsp;pisarza i publicysty zmieniaj\u0105cego \u015bwiat. Wydanie wznowione w 2025 roku.<\/p>\n\n\n\n<p>05.04.2025 11.02 Druga podobn\u0105 ksi\u0105\u017ck\u0119&nbsp;<em><a href=\"https:\/\/pl.wikipedia.org\/wiki\/Limes_inferior\">Limes inferior<\/a><\/em>&nbsp;<a href=\"https:\/\/pl.wikipedia.org\/wiki\/Janusz_A._Zajdel\">Janusza Andrzeja Zajdela<\/a>&nbsp;kupi\u0142em przez pomy\u0142k\u0119, ale \u201e<strong>nie mog\u0142em przeczyta\u0107<\/strong>\u201e. Wydanie wznowione w 2025 roku.&nbsp;<a href=\"https:\/\/pl.wikipedia.org\/wiki\/Nagroda_im._Janusza_A._Zajdla\">Nagroda im. Janusza A. Zajdla<\/a>&nbsp;honoruje autor\u00f3w z kategorii: \u201e<strong><a href=\"https:\/\/dorzeczy.pl\/opinie\/710919\/najlepszy-wladca-polski-andrzej-pilipiuk-odpowiada.html\">polski pisarz fantasy<\/a><\/strong>\u201e.<\/p>\n\n\n\n<p>Verte ><a href=\"https:\/\/topol.org.pl\/?page_id=6187\">Fundacja Narodowe Si\u0142y Samoobrony \u201eGrot\u201d<\/a><\/p>\n\n\n\n<p><\/p>\n","protected":false},"excerpt":{"rendered":"<p>05.04.2025 09.56&nbsp;Poczta Polska&nbsp;wprowadzi\u0142a do sprzeda\u017cy ksi\u0105\u017ck\u0119 \u201eRok 1984\u201d&nbsp;George Orwella&nbsp;pisarza i publicysty zmieniaj\u0105cego \u015bwiat. Wydanie wznowione w 2025 roku. 05.04.2025 11.02 Druga podobn\u0105 ksi\u0105\u017ck\u0119&nbsp;Limes inferior&nbsp;Janusza Andrzeja Zajdela&nbsp;kupi\u0142em przez pomy\u0142k\u0119, ale \u201enie mog\u0142em przeczyta\u0107\u201e. Wydanie wznowione w 2025 roku.&nbsp;Nagroda im. Janusza A. Zajdla&nbsp;honoruje autor\u00f3w z kategorii: \u201epolski pisarz fantasy\u201e. Verte >Fundacja Narodowe Si\u0142y Samoobrony \u201eGrot\u201d<\/p>\n","protected":false},"author":1,"featured_media":0,"parent":2666,"menu_order":0,"comment_status":"closed","ping_status":"closed","template":"","meta":{"footnotes":""},"class_list":["post-11074","page","type-page","status-publish","hentry"],"_links":{"self":[{"href":"https:\/\/topol.org.pl\/index.php?rest_route=\/wp\/v2\/pages\/11074","targetHints":{"allow":["GET"]}}],"collection":[{"href":"https:\/\/topol.org.pl\/index.php?rest_route=\/wp\/v2\/pages"}],"about":[{"href":"https:\/\/topol.org.pl\/index.php?rest_route=\/wp\/v2\/types\/page"}],"author":[{"embeddable":true,"href":"https:\/\/topol.org.pl\/index.php?rest_route=\/wp\/v2\/users\/1"}],"replies":[{"embeddable":true,"href":"https:\/\/topol.org.pl\/index.php?rest_route=%2Fwp%2Fv2%2Fcomments&post=11074"}],"version-history":[{"count":3,"href":"https:\/\/topol.org.pl\/index.php?rest_route=\/wp\/v2\/pages\/11074\/revisions"}],"predecessor-version":[{"id":11078,"href":"https:\/\/topol.org.pl\/index.php?rest_route=\/wp\/v2\/pages\/11074\/revisions\/11078"}],"up":[{"embeddable":true,"href":"https:\/\/topol.org.pl\/index.php?rest_route=\/wp\/v2\/pages\/2666"}],"wp:attachment":[{"href":"https:\/\/topol.org.pl\/index.php?rest_route=%2Fwp%2Fv2%2Fmedia&parent=11074"}],"curies":[{"name":"wp","href":"https:\/\/api.w.org\/{rel}","templated":true}]}}