{"id":11128,"date":"2025-04-07T14:45:39","date_gmt":"2025-04-07T12:45:39","guid":{"rendered":"https:\/\/topol.org.pl\/?page_id=11128"},"modified":"2025-08-23T14:27:25","modified_gmt":"2025-08-23T12:27:25","slug":"w-dniu-24-03-2025-uzupelnilem-konstytucje-z-11-10-2023-r","status":"publish","type":"page","link":"https:\/\/topol.org.pl\/?page_id=11128","title":{"rendered":"&amp; 32 Deregulacja"},"content":{"rendered":"\n<p>&amp; 32 Deregulacja<\/p>\n\n\n\n<p><strong>Pa\u0144stwowa s\u0142u\u017cba zdrowia nie mo\u017ce by\u0107 zr\u00f3\u017cnicowana w dost\u0119pie dla ludzi w zale\u017cno\u015bci od wysoko\u015bci sk\u0142adki. Poniewa\u017c wszyscy musz\u0105 mie\u0107 taki sam dost\u0119p.<\/strong><\/p>\n\n\n\n<p><strong>Pomys\u0142 o mo\u017cliwo\u015bci pracy prywatnie lub pa\u0144stwowo jest dobry. Lekarz musi wybra\u0107.<\/strong>&nbsp;<strong>Ludzie musz\u0105 p\u0142aci\u0107 na NFZ, prywatne fundusze i ubezpieczenie w zachodnich funduszach mo\u017ce by\u0107 tylko dobrowolne. Musimy zachowa\u0107 pa\u0144stwow\u0105 s\u0142u\u017cb\u0119 zdrowia.<\/strong>&nbsp;<strong>Poniewa\u017c jest podstawowa.<\/strong><\/p>\n\n\n\n<p><strong>Szko\u0142y musz\u0105 by\u0107 pa\u0144stwowe tak jak teraz i prywatne tak jak teraz.<\/strong><\/p>\n\n\n\n<p><strong>Nie mo\u017cna pyta\u0107 ludzi o ka\u017cd\u0105 decyzj\u0119 i zmienia\u0107 Konstytucj\u0119 na ich widzimisi\u0119. Prawo do samostanowienia na poziomie lokalnym i w formie opinii ale nie zmieniania Konstytucji przez&nbsp;<a href=\"https:\/\/topol.org.pl\/?page_id=11060\">nie\u015bwiadomych ludzi<\/a>. Ostatnie referendum by\u0142o jasnym przyk\u0142adem !<\/strong>&nbsp;<strong><a href=\"https:\/\/topol.org.pl\/?page_id=3344\">Jestem zwolennikiem u\u017cywania ga\u015bnicy w czasie po\u017caru.<\/a><\/strong><\/p>\n\n\n\n<p><strong>Trzeba powr\u00f3ci\u0107 do powszechno\u015bci karty podatkowej i likwidacji kas fiskalnych na straganach. Ma\u0142y ZUS dla tych co chc\u0105. Po przepracowaniu przez kobiety 20 lat, przez m\u0119\u017cczyzn 25 lat emerytura lub renta r\u00f3wna najni\u017cszej pensji krajowej netto. Teraz naliczanie kapitalizacji i najni\u017csza krajowa rozjecha\u0142y si\u0119 do szeroko\u015bci\u00a0<a href=\"https:\/\/pl.wikipedia.org\/wiki\/Wielki_Kanion_Kolorado\">kanionu Kolorado<\/a>. Mamy bogactwa naturalne i z tego b\u0119dziemy sp\u0142aca\u0107 prowadz\u0105cych dzia\u0142alno\u015b\u0107 na w\u0142asny rachunek.<\/strong>\u00a0<strong>Dam przyk\u0142ad dla pana Rafa\u0142a Brzoski. Za\u0142\u00f3\u017cmy, \u017ce ma\u0142\u017ce\u0144stwo prowadzi firm\u0119 razem. Teraz p\u0142ac\u0105 ca\u0142y ZUS dwie osoby. W moim projekcie przez 20 lat ca\u0142e sk\u0142adki op\u0142aca \u017cona. A m\u0105\u017c ma\u0142y ZUS. Przez kolejne 25 lat ca\u0142e sk\u0142adki op\u0142aca m\u0105\u017c, a \u017cona ma\u0142y ZUS. Czyli po 45 latach pracy b\u0119d\u0105 mieli dwie emerytury w wysoko\u015bci najni\u017cszej pensji krajowej netto.<\/strong>\u00a0<strong>Oczywi\u015bcie na dzieci \u017cona b\u0119dzie mia\u0142a op\u0142acane sk\u0142adki przez pa\u0144stwo.<\/strong>\u00a0<strong>Czasami ma\u0142\u017ce\u0144stwo chce prowadzi\u0107 sp\u00f3\u0142k\u0119 cywiln\u0105 razem. A nie osobno na zmian\u0119 2 firmy oddzielne. Ca\u0142e \u017cycie z \u017con\u0105 mia\u0142em ten problem.<\/strong>\u00a0<strong>To jest moja deregulacja.<\/strong>\u00a0<strong>Wynika z do\u015bwiadczenia.<\/strong>\u00a0<strong>\u017beby zarz\u0105dza\u0107 gospodark\u0105 wystarczy nie przeszkadza\u0107 i ograniczy\u0107 kapita\u0142 zagraniczny do 49 % udzia\u0142\u00f3w. Firmy musz\u0105 mie\u0107 wi\u0119kszo\u015bciowy udzia\u0142 kapita\u0142u z Polski wtedy cz\u0119\u015bciowo zap\u0142ac\u0105 u nas podatek.<\/strong>\u00a0<strong>Od kapita\u0142u zagranicznego procentowego udzia\u0142u, powinny odprowadza\u0107 3% podatku obrotowego.<\/strong>\u00a0<strong>Niestety firmy funkcjonuj\u0105ce na rynku globalnym w niekt\u00f3rych krajach szczeg\u00f3lnie w Europie musz\u0105 spe\u0142nia\u0107 <a href=\"https:\/\/www.rp.pl\/finanse\/art42124821-raportowanie-esg-krok-ku-zrownowazonej-przyszlosci-ale-z-wyzwaniami\">ich normy np. ESG<\/a><\/strong>.\u00a0<strong>Nawet firmy funkcjonuj\u0105ce w \u0142a\u0144cuch dostaw na rynku lokalnym te\u017c musz\u0105 spe\u0142nia\u0107 normy.<\/strong>\u00a0<strong>Jeszcze jedno, nie ka\u017cda firma chce si\u0119 rozrasta\u0107.<\/strong>\u00a0<strong>Lub prowadzi\u0107 sp\u00f3\u0142k\u0119 z o.o.<\/strong>\u00a0<strong>W czasie zarazy mia\u0142em zamkni\u0119t\u0105 dzia\u0142alno\u015b\u0107 rok czasu.<\/strong>\u00a0<strong><a href=\"https:\/\/www.rp.pl\/uslugi\/art42138591-potezna-akwizycja-inpostu-w-wielkiej-brytanii-zagrozona-royal-mail\">Paczkomaty<\/a> i zmiana nawyk\u00f3w w\u015br\u00f3d klient\u00f3w dokona\u0142y reszty.<\/strong>\u00a0<strong>Towar zosta\u0142 niesprzedany. Nikt nie pokry\u0142 strat. W tym czasie eksperci od zarazy robili analizy i szykowali narracj\u0119 w mediach.<\/strong>\u00a0<strong>To si\u0119 nie mo\u017ce powt\u00f3rzy\u0107.<\/strong><\/p>\n\n\n\n<figure class=\"wp-block-image size-full\"><img loading=\"lazy\" decoding=\"async\" width=\"999\" height=\"599\" src=\"https:\/\/topol.org.pl\/wp-content\/uploads\/2025\/04\/Zmiana-przepisow-dotyczacych-ograniczen-nakazow-i-zakazow-zwiazanych-z-Covid-19-w-Polsce-i-na-Swiecie.jpg\" alt=\"\" class=\"wp-image-11135\" srcset=\"https:\/\/topol.org.pl\/wp-content\/uploads\/2025\/04\/Zmiana-przepisow-dotyczacych-ograniczen-nakazow-i-zakazow-zwiazanych-z-Covid-19-w-Polsce-i-na-Swiecie.jpg 999w, https:\/\/topol.org.pl\/wp-content\/uploads\/2025\/04\/Zmiana-przepisow-dotyczacych-ograniczen-nakazow-i-zakazow-zwiazanych-z-Covid-19-w-Polsce-i-na-Swiecie-300x180.jpg 300w, https:\/\/topol.org.pl\/wp-content\/uploads\/2025\/04\/Zmiana-przepisow-dotyczacych-ograniczen-nakazow-i-zakazow-zwiazanych-z-Covid-19-w-Polsce-i-na-Swiecie-768x460.jpg 768w\" sizes=\"auto, (max-width: 999px) 100vw, 999px\" \/><\/figure>\n\n\n\n<p><strong>Zaplecze w gabinecie Prezydenta musz\u0105 stanowi\u0107 zaufani ludzie, poniewa\u017c b\u0119d\u0105 sabotowa\u0107. Kasowa\u0107 dane, kopiowa\u0107 dane lub przeinacza\u0107 wypowiedzi i polecenia. Dlatego nie mo\u017cna zdawa\u0107 si\u0119 na ludzi z og\u0142oszenia. Mo\u017cna z\u0142apa\u0107 gum\u0119 w samochodzie prezydenckim na autostradzie. I waln\u0105\u0107 w band\u0119. Albo mie\u0107 katastrof\u0119 lotnicz\u0105. Rozwi\u0105zaniem jest przysi\u0119ga jak w wojsku. I odpowiedzialno\u015b\u0107 za zdrad\u0119. Teraz mamy przyk\u0142ad jak sabotuj\u0105, urz\u0119dnicy nak\u0142aniani przez Uni\u0119 i fundacje op\u0142acane przez lewak\u00f3w.<\/strong><\/p>\n\n\n\n<p><strong>Nie jestem za promowaniem MO-obywatela w ka\u017cdym aspekcie naszego \u017cycia. Jestem przeciwnikiem cyfryzacji,&nbsp;<a href=\"https:\/\/pl.wikipedia.org\/wiki\/Tokenizacja\">tokenizacji<\/a>.<\/strong><\/p>\n\n\n\n<p><strong>Nie da si\u0119 zarz\u0105dza\u0107 sprawnie bez realnej w\u0142adzy, tak jak w USA. Mo\u017cna zaufa\u0107 tylko\u2026 \u201d Dux Poloniae\u201d<\/strong>.&nbsp;<strong>Nie pr\u00f3bujcie z w\u0142adz\u0105 prezydenck\u0105.<\/strong><\/p>\n\n\n\n<p><strong><a href=\"https:\/\/topol.org.pl\/?page_id=47\">\u017beby pobudowa\u0107 Imperium, trzeba mie\u0107 mo\u017cliwo\u015bci i Polsk\u0119 na miar\u0119 1000-lecia<\/a>.<\/strong>&nbsp;<strong>Nie nazywa\u0107 Rzeczypospolitej\u2026 4RP.<\/strong><\/p>\n\n\n\n<p>Verte &gt;<a href=\"https:\/\/topol.org.pl\/?page_id=6187\">Fundacja Narodowe Si\u0142y Samoobrony \u201eGrot\u201d<\/a><\/p>\n\n\n\n<p><\/p>\n","protected":false},"excerpt":{"rendered":"<p>&amp; 32 Deregulacja Pa\u0144stwowa s\u0142u\u017cba zdrowia nie mo\u017ce by\u0107 zr\u00f3\u017cnicowana w dost\u0119pie dla ludzi w zale\u017cno\u015bci od wysoko\u015bci sk\u0142adki. Poniewa\u017c wszyscy musz\u0105 mie\u0107 taki sam dost\u0119p. Pomys\u0142 o mo\u017cliwo\u015bci pracy prywatnie lub pa\u0144stwowo jest dobry. Lekarz musi wybra\u0107.&nbsp;Ludzie musz\u0105 p\u0142aci\u0107 na NFZ, prywatne fundusze i ubezpieczenie w zachodnich funduszach mo\u017ce by\u0107 tylko dobrowolne. Musimy zachowa\u0107 [&hellip;]<\/p>\n","protected":false},"author":1,"featured_media":0,"parent":47,"menu_order":33,"comment_status":"closed","ping_status":"closed","template":"","meta":{"footnotes":""},"class_list":["post-11128","page","type-page","status-publish","hentry"],"_links":{"self":[{"href":"https:\/\/topol.org.pl\/index.php?rest_route=\/wp\/v2\/pages\/11128","targetHints":{"allow":["GET"]}}],"collection":[{"href":"https:\/\/topol.org.pl\/index.php?rest_route=\/wp\/v2\/pages"}],"about":[{"href":"https:\/\/topol.org.pl\/index.php?rest_route=\/wp\/v2\/types\/page"}],"author":[{"embeddable":true,"href":"https:\/\/topol.org.pl\/index.php?rest_route=\/wp\/v2\/users\/1"}],"replies":[{"embeddable":true,"href":"https:\/\/topol.org.pl\/index.php?rest_route=%2Fwp%2Fv2%2Fcomments&post=11128"}],"version-history":[{"count":12,"href":"https:\/\/topol.org.pl\/index.php?rest_route=\/wp\/v2\/pages\/11128\/revisions"}],"predecessor-version":[{"id":11571,"href":"https:\/\/topol.org.pl\/index.php?rest_route=\/wp\/v2\/pages\/11128\/revisions\/11571"}],"up":[{"embeddable":true,"href":"https:\/\/topol.org.pl\/index.php?rest_route=\/wp\/v2\/pages\/47"}],"wp:attachment":[{"href":"https:\/\/topol.org.pl\/index.php?rest_route=%2Fwp%2Fv2%2Fmedia&parent=11128"}],"curies":[{"name":"wp","href":"https:\/\/api.w.org\/{rel}","templated":true}]}}