{"id":11140,"date":"2025-04-07T15:21:33","date_gmt":"2025-04-07T13:21:33","guid":{"rendered":"https:\/\/topol.org.pl\/?page_id=11140"},"modified":"2025-08-23T14:21:59","modified_gmt":"2025-08-23T12:21:59","slug":"03-11-2024-uzupelnilem","status":"publish","type":"page","link":"https:\/\/topol.org.pl\/?page_id=11140","title":{"rendered":"&amp; 2. Rola Parlamentu i powo\u0142anie Sejmu Wielkiego"},"content":{"rendered":"\n<p><\/p>\n\n\n\n<p>&amp; 2. Rola Parlamentu i powo\u0142anie Sejmu Wielkiego<br>Sejm i Senat czyli Parlament b\u0119dzie wybierany tak jak teraz, b\u0119dzie pe\u0142ni\u0142 zadanie jak do tej pory. Czyli z wi\u0119kszo\u015bci parlamentarnej, pos\u0142\u00f3w b\u0119dzie powo\u0142ywany rz\u0105d tak jak do tej pory. Pos\u0142owie i Senatorowie b\u0119d\u0105 mogli zg\u0142asza\u0107 ustawy. I Prezydent. Ale Ni\u017csz\u0105 Izb\u0105 Parlamentu b\u0119dzie Sejm Wielki a Wy\u017csz\u0105 Izb\u0105 Parlamentu b\u0119dzie 107 prezydent\u00f3w miast. Czyli b\u0119dzie wi\u0119cej demokracji w demokracji. Prezydent po zbadaniu ustawy pod k\u0105tem zgodno\u015bci z Konstytucj\u0105 podpisze ustaw\u0119.<br>Ustawy b\u0119d\u0105 tworzone w skr\u00f3cie. Zawsze b\u0119dzie mo\u017cna interpretowa\u0107 z korzy\u015bci\u0105 dla ludzi. Ustawa ma zmie\u015bci\u0107 si\u0119 na jednej stronie maszynopisu. Ustawy piszemy w kraju, bez przesadnego udzia\u0142u lobbyst\u00f3w. Dzia\u0142amy na korzy\u015b\u0107 ludzi.<br>W ca\u0142ej Polsce wybrali\u015bmy w 2024 roku1548 w\u00f3jt\u00f3w, 822 burmistrz\u00f3w i 107 prezydent\u00f3w miast w wyborach samorz\u0105dowych. To s\u0105 jednomandatowe okr\u0119gi wyborcze, 2477 wybranych os\u00f3b.<br>107 prezydent\u00f3w miast w wyborach samorz\u0105dowych to Senat.<br>Ustawy powinny by\u0107 g\u0142osowane na szczeblu samorz\u0105dowym. To b\u0119dzie Sejm Wielki, 2477 wybranych os\u00f3b. Nie mieliby\u015bmy tylu niepotrzebnych ustaw. Przy takim gremium, nie b\u0119dziemy procedowali niepotrzebnie. Nie zlikwidujemy sobie rolnictwa, nie zlikwidujemy wielu rzeczy, kt\u00f3re s\u0105 niezb\u0119dne. Oczywi\u015bcie ustawy b\u0119d\u0105 g\u0142osowane w ramach pe\u0142nionych urz\u0119d\u00f3w. Zaoszcz\u0119dzimy na zb\u0119dnej biurokracji. Panie Prezydencie prosz\u0119 rozwi\u0105za\u0107 Parlament i powo\u0142a\u0107 ten Parlament do procedowania ustaw jednocze\u015bnie powo\u0142a\u0107 Sejm Wielki. Jeszcze raz, ten Parlament w tym samym sk\u0142adzie, z tym samym wynagrodzeniem i dietami proceduje ustawy w komisjach sejmowych. Ustawy mog\u0105 by\u0107 zg\u0142aszane przez Prezydenta jak i przez ko\u0142a poselskie. Senat zatwierdza Ustaw\u0119. (Sejm sk\u0142ada si\u0119 z 460 pos\u0142\u00f3w wybieranych w wyborach powszechnych, r\u00f3wnych, bezpo\u015brednich, proporcjonalnych, w g\u0142osowaniu tajnym. 2.&nbsp;Senat sk\u0142ada si\u0119 ze 100 senator\u00f3w wybieranych w wojew\u00f3dztwach na okres kadencji Sejmu w wyborach wolnych, powszechnych, bezpo\u015brednich, w g\u0142osowaniu tajnym) Ale w g\u0142osowaniu uczestniczy Sejm Wielki i Senatorzy ze 107 miast. Wtedy Prezydent po zbadaniu zgodno\u015bci z Konstytucj\u0105 podpisuje Ustaw\u0119.<br>Celem jest wyb\u00f3r Prezydenta z naszego obozu. Je\u015bli zostanie wybrany w wyborach w 2025 roku. To b\u0119dzie realizowa\u0142 sw\u00f3j program, kt\u00f3ry tu zamie\u015bci\u0142em na tej stronie.&nbsp;<strong>Wybory powszechne na Prezydenta to referendum, pozwalaj\u0105ce na takie zmiany.<\/strong>&nbsp;Chc\u0119 to zrealizowa\u0107 pokojowo, \u017ceby byli tylko zwyci\u0119zcy.<br>Decentralizacja w\u0142adzy publicznej w Polsce jest zasad\u0105 prawn\u0105 wyra\u017con\u0105 w art. 15 Konstytucji Rzeczypospolitej Polskiej z 1997 roku. Granic\u0119 zasady decentralizacji wyznacza okre\u015blona w art. 3 Konstytucji zasada jednolito\u015bci pa\u0144stwa. Jednolito\u015b\u0107 terytorialna oraz ustrojowa Polski wyklucza m.in. federacyjny ustr\u00f3j pa\u0144stwa i autonomie terytorialne.<br>16 stycznia 2018 prezydent Polski Andrzej Duda podj\u0105\u0142 decyzj\u0119 o podpisaniu przyj\u0119tej ustawy z dnia 11 stycznia 2018, kt\u00f3ra wprowadza m.in. nowelizacj\u0119 Kodeksu wyborczego i ustaw o samorz\u0105dach. Ustawa wprowadza m.in. dwukadencyjno\u015b\u0107 w\u00f3jt\u00f3w, burmistrz\u00f3w i prezydent\u00f3w miast licz\u0105c pierwsz\u0105 kadencj\u0119 od 2018 r., jednomandatowe okr\u0119gi wyborcze w gminach do 20 tys. mieszka\u0144c\u00f3w i wyd\u0142u\u017ca kadencj\u0119 organ\u00f3w samorz\u0105dowych z 4 do 5 lat.<br>W 2024 roku Polska dzieli si\u0119 na 16 wojew\u00f3dztw, 314 powiat\u00f3w i 2477 gmin (302 miejskich w tym 66 miast na prawach powiatu, 711 miejsko-wiejskich oraz 1464 wiejskich). (Obja\u015bnienie: Udzia\u0142 w tworzeniu ustaw przez Sejm Wielki, w tym gmin wiejskich zapobiegnie likwidacji rolnictwa i dzia\u0142alno\u015bci gospodarczej do 250 zatrudnionych w gminach wiejskich. Likwidacja rolnictwa i dzia\u0142alno\u015bci na tych terenach zmusi ludzi do zasiedlania miast, kt\u00f3re po jakim\u015b czasie stan\u0105 si\u0119 gettem \u201eMultikulti\u201e).<\/p>\n","protected":false},"excerpt":{"rendered":"<p>&amp; 2. Rola Parlamentu i powo\u0142anie Sejmu WielkiegoSejm i Senat czyli Parlament b\u0119dzie wybierany tak jak teraz, b\u0119dzie pe\u0142ni\u0142 zadanie jak do tej pory. Czyli z wi\u0119kszo\u015bci parlamentarnej, pos\u0142\u00f3w b\u0119dzie powo\u0142ywany rz\u0105d tak jak do tej pory. Pos\u0142owie i Senatorowie b\u0119d\u0105 mogli zg\u0142asza\u0107 ustawy. I Prezydent. Ale Ni\u017csz\u0105 Izb\u0105 Parlamentu b\u0119dzie Sejm Wielki a Wy\u017csz\u0105 [&hellip;]<\/p>\n","protected":false},"author":1,"featured_media":0,"parent":47,"menu_order":3,"comment_status":"closed","ping_status":"closed","template":"","meta":{"footnotes":""},"class_list":["post-11140","page","type-page","status-publish","hentry"],"_links":{"self":[{"href":"https:\/\/topol.org.pl\/index.php?rest_route=\/wp\/v2\/pages\/11140","targetHints":{"allow":["GET"]}}],"collection":[{"href":"https:\/\/topol.org.pl\/index.php?rest_route=\/wp\/v2\/pages"}],"about":[{"href":"https:\/\/topol.org.pl\/index.php?rest_route=\/wp\/v2\/types\/page"}],"author":[{"embeddable":true,"href":"https:\/\/topol.org.pl\/index.php?rest_route=\/wp\/v2\/users\/1"}],"replies":[{"embeddable":true,"href":"https:\/\/topol.org.pl\/index.php?rest_route=%2Fwp%2Fv2%2Fcomments&post=11140"}],"version-history":[{"count":3,"href":"https:\/\/topol.org.pl\/index.php?rest_route=\/wp\/v2\/pages\/11140\/revisions"}],"predecessor-version":[{"id":11167,"href":"https:\/\/topol.org.pl\/index.php?rest_route=\/wp\/v2\/pages\/11140\/revisions\/11167"}],"up":[{"embeddable":true,"href":"https:\/\/topol.org.pl\/index.php?rest_route=\/wp\/v2\/pages\/47"}],"wp:attachment":[{"href":"https:\/\/topol.org.pl\/index.php?rest_route=%2Fwp%2Fv2%2Fmedia&parent=11140"}],"curies":[{"name":"wp","href":"https:\/\/api.w.org\/{rel}","templated":true}]}}