{"id":11142,"date":"2025-04-07T15:24:04","date_gmt":"2025-04-07T13:24:04","guid":{"rendered":"https:\/\/topol.org.pl\/?page_id=11142"},"modified":"2025-08-23T14:23:03","modified_gmt":"2025-08-23T12:23:03","slug":"03-02-2025-uzupelnilem","status":"publish","type":"page","link":"https:\/\/topol.org.pl\/?page_id=11142","title":{"rendered":"&amp; 8. Wybory i referenda."},"content":{"rendered":"\n<p>&amp; 8. Wybory powszechne i referenda w pa\u0144stwie.&nbsp;<\/p>\n\n\n\n<p><a href=\"https:\/\/dorzeczy.pl\/opinie\/641866\/glosowanie-przez-internet-gramatyka-nie-ma-zludzen.html\">Cyfrowy model promowany przez globalist\u00f3w doprowadzi do ubezw\u0142asnowolnienia ludzi.<\/a>&nbsp;Dlatego w Kr\u00f3lestwie Polskim cyfrowy wyb\u00f3r b\u0119dzie poparty wydrukowanym rezultatem wyborcy i w\u0142asnor\u0119cznym podpisem \u201eprzez niego d\u0142ugopisem\u201d. To rozwi\u0105\u017ce planowane fa\u0142szerstwa przez globalist\u00f3w. Podpisany wydrukowany rezultat wyborcy musi by\u0107 dostarczony przez niego osobi\u015bcie do PKW i w obecno\u015bci komisji wyborczej wrzucony do urny. Wyb\u00f3r w formie cyfrowej b\u0119dzie policzalny w czasie rzeczywistym, potwierdzenie, \u017ce to on wybra\u0142 b\u0119dzie w urnie wyborczej. G\u0142osy nie potwierdzone dwukrotnie nie b\u0119d\u0105 wa\u017cne. Moim zdaniem wybory teraz nie s\u0105 rzetelne. Np. w USA. Oczywi\u015bcie nie ustrze\u017cemy si\u0119 od&nbsp;<a href=\"https:\/\/pl.wikipedia.org\/wiki\/Sofi%C5%9Bci\">sofist\u00f3w<\/a>, kt\u00f3rzy zr\u0119cznie wm\u00f3wi\u0105 ludziom ka\u017cd\u0105 manipulacj\u0119. I doprowadz\u0105 do przegranej ludzi. Dlatego 22 lata temu napisa\u0142em program wyborczy&nbsp;<a href=\"https:\/\/topol.org.pl\/?page_id=1106\">\u201eKsi\u0119stwo Muszy\u0144skie\u201d<\/a>&nbsp;w kt\u00f3rym omawiam, \u017ce w ka\u017cdej gminie b\u0119dzie lokalna rozg\u0142o\u015bnia radiowa i lokalna wydrukowana gazeta. Teraz i cyfrowa gazeta.&nbsp;Poniewa\u017c wszystkie media s\u0105 w r\u0119kach globalist\u00f3w.&nbsp;Za&nbsp;<a href=\"https:\/\/www.google.com\/search?q=cywil%C3%B3w+czy+cywili&amp;oq=cywil%C3%B3w+czy+cywili&amp;gs_lcrp=EgZjaHJvbWUyBggAEEUYOdIBCTk1MjNqMGoxNagCCLACAQ&amp;sourceid=chrome&amp;ie=UTF-8\">cywil\u00f3w<\/a>, kt\u00f3rzy za nic nie odpowiadaj\u0105 w pa\u0144stwie b\u0119dzie decydowa\u0142 \u201eDux Poloniae\u201d.<\/p>\n\n\n\n<p>Konstytucja musi mie\u0107 sta\u0142e za\u0142o\u017cenia, nie mo\u017cna jej zmienia\u0107 co chwila przy pomocy referendum. W sumie niedu\u017ca zorganizowana grupa os\u00f3b np. p\u00f3\u0142 miliona os\u00f3b, mog\u0142aby Konstytucj\u0119 zmieni\u0107. Dlatego referendum mo\u017ce by\u0107 zaleceniem ale nie ustaw\u0105 zmieniaj\u0105c\u0105 Konstytucj\u0119 dla wszystkich. Referendum by\u0142oby odwr\u00f3conym \u201eLiberum veto\u201d. Nar\u00f3d mo\u017cna przekona\u0107 do wszystkiego tak jak w czasie \u201ezarazy\u201d.&nbsp;W Szwajcarii jest Davos siedziba globalist\u00f3w.&nbsp;<strong>Wi\u0105\u017c\u0105ce referendum to niebezpieczne rozwi\u0105zanie.<\/strong>&nbsp;<strong>Nie popieram tego rozwi\u0105zania.<\/strong><\/p>\n\n\n\n<p><\/p>\n","protected":false},"excerpt":{"rendered":"<p>&amp; 8. Wybory powszechne i referenda w pa\u0144stwie.&nbsp; Cyfrowy model promowany przez globalist\u00f3w doprowadzi do ubezw\u0142asnowolnienia ludzi.&nbsp;Dlatego w Kr\u00f3lestwie Polskim cyfrowy wyb\u00f3r b\u0119dzie poparty wydrukowanym rezultatem wyborcy i w\u0142asnor\u0119cznym podpisem \u201eprzez niego d\u0142ugopisem\u201d. To rozwi\u0105\u017ce planowane fa\u0142szerstwa przez globalist\u00f3w. Podpisany wydrukowany rezultat wyborcy musi by\u0107 dostarczony przez niego osobi\u015bcie do PKW i w obecno\u015bci komisji [&hellip;]<\/p>\n","protected":false},"author":1,"featured_media":0,"parent":47,"menu_order":9,"comment_status":"closed","ping_status":"closed","template":"","meta":{"footnotes":""},"class_list":["post-11142","page","type-page","status-publish","hentry"],"_links":{"self":[{"href":"https:\/\/topol.org.pl\/index.php?rest_route=\/wp\/v2\/pages\/11142","targetHints":{"allow":["GET"]}}],"collection":[{"href":"https:\/\/topol.org.pl\/index.php?rest_route=\/wp\/v2\/pages"}],"about":[{"href":"https:\/\/topol.org.pl\/index.php?rest_route=\/wp\/v2\/types\/page"}],"author":[{"embeddable":true,"href":"https:\/\/topol.org.pl\/index.php?rest_route=\/wp\/v2\/users\/1"}],"replies":[{"embeddable":true,"href":"https:\/\/topol.org.pl\/index.php?rest_route=%2Fwp%2Fv2%2Fcomments&post=11142"}],"version-history":[{"count":3,"href":"https:\/\/topol.org.pl\/index.php?rest_route=\/wp\/v2\/pages\/11142\/revisions"}],"predecessor-version":[{"id":11180,"href":"https:\/\/topol.org.pl\/index.php?rest_route=\/wp\/v2\/pages\/11142\/revisions\/11180"}],"up":[{"embeddable":true,"href":"https:\/\/topol.org.pl\/index.php?rest_route=\/wp\/v2\/pages\/47"}],"wp:attachment":[{"href":"https:\/\/topol.org.pl\/index.php?rest_route=%2Fwp%2Fv2%2Fmedia&parent=11142"}],"curies":[{"name":"wp","href":"https:\/\/api.w.org\/{rel}","templated":true}]}}