{"id":11148,"date":"2025-04-07T16:34:30","date_gmt":"2025-04-07T14:34:30","guid":{"rendered":"https:\/\/topol.org.pl\/?page_id=11148"},"modified":"2025-08-23T14:22:51","modified_gmt":"2025-08-23T12:22:51","slug":"27-12-2024-uzupelnilem","status":"publish","type":"page","link":"https:\/\/topol.org.pl\/?page_id=11148","title":{"rendered":"&amp; 7. S\u0142u\u017cba Zdrowia NFZ."},"content":{"rendered":"\n<p>&amp; 7. S\u0142u\u017cba Zdrowia finansowana przez NFZ.<\/p>\n\n\n\n<p>\u017beby nie doprowadzi\u0107 do bankructwa podstawowej s\u0142u\u017cby zdrowotnej czego chc\u0105 globali\u015bci, trzeba zagwarantowa\u0107, \u017ce jest podstawowa w Kr\u00f3lestwie Polskim. W przeciwnym razie zostanie sprywatyzowana. I dopiero wtedy oddzieli\u0107 s\u0142u\u017cb\u0119 publiczn\u0105 od prywatnej. Prywatna s\u0142u\u017cba zdrowia drenuje system zdrowotny. Dlatego musi dzia\u0142a\u0107 na w\u0142asny rachunek. Poniewa\u017c doprowadzi to w konsekwencji do wizyt lekarskich prowadzonych zdalnie przez sztuczn\u0105 inteligencj\u0119. Nie chc\u0119 do tego dopu\u015bci\u0107, poniewa\u017c nawet lekarze zasil\u0105 grup\u0119 bezrobotnych,&nbsp;<a href=\"https:\/\/dorzeczy.pl\/opinie\/642163\/sejm-posel-oskarzyl-rzad-o-likwidacje-kierunkow-lekarskich.html\">albo b\u0119dzie ich coraz mniej<\/a>. W naszym pa\u0144stwie lekarz b\u0119dzie podstawowym diagnost\u0105 w wydawanych decyzjach odno\u015bnie leczenia. Sztuczna inteligencja, mo\u017ce go tylko wspiera\u0107. Do czego si\u0119 zobowi\u0105zuj\u0119 i dopilnuj\u0119. Dlatego dobrze b\u0119dzie jak lekarze zrozumiej\u0105, \u017ce&nbsp;<a href=\"http:\/\/xn--ile%20tak%20naprawd%20zarabiaj%20lekarze-xqe24f\/?%20ILE%20W%20NFZ,%20ILE%20PRYWATNIE?\">rozwalaj\u0105 system<\/a>. Nie mog\u0105 s\u0142u\u017cy\u0107 Big Farmie tylko ludziom. Sk\u0142adali&nbsp;<a href=\"https:\/\/pl.wikipedia.org\/wiki\/Przysi%C4%99ga_Hipokratesa\">przysi\u0119g\u0119 Hipokratesa<\/a>. Teraz namawianie do zarazy i szprycy nie mo\u017ce si\u0119 powt\u00f3rzy\u0107. Nieuzasadnione zarobki w czasie zarazy, to kradzie\u017c publicznych pieni\u0119dzy.&nbsp;Trzeba \u201enatychmiast\u201d uruchomi\u0107 produkcj\u0119 polskich lek\u00f3w w Polskich Zak\u0142adach Farmaceutycznych z kapita\u0142em pa\u0144stwowym i polskim prywatnym. W czasie niedobor\u00f3w nie uda si\u0119 \u015bci\u0105gn\u0105\u0107 lek\u00f3w z zagranicy. Tak samo amunicji dla wojska.<\/p>\n\n\n\n<p><\/p>\n","protected":false},"excerpt":{"rendered":"<p>&amp; 7. S\u0142u\u017cba Zdrowia finansowana przez NFZ. \u017beby nie doprowadzi\u0107 do bankructwa podstawowej s\u0142u\u017cby zdrowotnej czego chc\u0105 globali\u015bci, trzeba zagwarantowa\u0107, \u017ce jest podstawowa w Kr\u00f3lestwie Polskim. W przeciwnym razie zostanie sprywatyzowana. I dopiero wtedy oddzieli\u0107 s\u0142u\u017cb\u0119 publiczn\u0105 od prywatnej. Prywatna s\u0142u\u017cba zdrowia drenuje system zdrowotny. Dlatego musi dzia\u0142a\u0107 na w\u0142asny rachunek. Poniewa\u017c doprowadzi to w [&hellip;]<\/p>\n","protected":false},"author":1,"featured_media":0,"parent":47,"menu_order":8,"comment_status":"closed","ping_status":"closed","template":"","meta":{"footnotes":""},"class_list":["post-11148","page","type-page","status-publish","hentry"],"_links":{"self":[{"href":"https:\/\/topol.org.pl\/index.php?rest_route=\/wp\/v2\/pages\/11148","targetHints":{"allow":["GET"]}}],"collection":[{"href":"https:\/\/topol.org.pl\/index.php?rest_route=\/wp\/v2\/pages"}],"about":[{"href":"https:\/\/topol.org.pl\/index.php?rest_route=\/wp\/v2\/types\/page"}],"author":[{"embeddable":true,"href":"https:\/\/topol.org.pl\/index.php?rest_route=\/wp\/v2\/users\/1"}],"replies":[{"embeddable":true,"href":"https:\/\/topol.org.pl\/index.php?rest_route=%2Fwp%2Fv2%2Fcomments&post=11148"}],"version-history":[{"count":3,"href":"https:\/\/topol.org.pl\/index.php?rest_route=\/wp\/v2\/pages\/11148\/revisions"}],"predecessor-version":[{"id":11178,"href":"https:\/\/topol.org.pl\/index.php?rest_route=\/wp\/v2\/pages\/11148\/revisions\/11178"}],"up":[{"embeddable":true,"href":"https:\/\/topol.org.pl\/index.php?rest_route=\/wp\/v2\/pages\/47"}],"wp:attachment":[{"href":"https:\/\/topol.org.pl\/index.php?rest_route=%2Fwp%2Fv2%2Fmedia&parent=11148"}],"curies":[{"name":"wp","href":"https:\/\/api.w.org\/{rel}","templated":true}]}}