{"id":11150,"date":"2025-04-07T16:40:36","date_gmt":"2025-04-07T14:40:36","guid":{"rendered":"https:\/\/topol.org.pl\/?page_id=11150"},"modified":"2025-08-23T14:22:12","modified_gmt":"2025-08-23T12:22:12","slug":"11-12-2024-uzupelnilem","status":"publish","type":"page","link":"https:\/\/topol.org.pl\/?page_id=11150","title":{"rendered":"&amp; 3. Zach\u0119cam do Obligacji"},"content":{"rendered":"\n<p>&amp; 3. Zach\u0119cam do Obligacji 6-letnich rodzinnych, kt\u00f3re pokryj\u0105 inflacj\u0119 i zarobek inwestycyjny. Wtedy te 66 mld z\u0142 zostanie w kraju. Je\u015bli Polacy chc\u0105 sp\u0142aci\u0107 d\u0142ug, to jest jakie\u015b rozwi\u0105zanie). Aktualnie(D\u0142ug Publiczny 2 bln PLN!) Trzeba zlikwidowa\u0107 kominy p\u0142acowe.<\/p>\n\n\n\n<p><\/p>\n","protected":false},"excerpt":{"rendered":"<p>&amp; 3. Zach\u0119cam do Obligacji 6-letnich rodzinnych, kt\u00f3re pokryj\u0105 inflacj\u0119 i zarobek inwestycyjny. Wtedy te 66 mld z\u0142 zostanie w kraju. Je\u015bli Polacy chc\u0105 sp\u0142aci\u0107 d\u0142ug, to jest jakie\u015b rozwi\u0105zanie). Aktualnie(D\u0142ug Publiczny 2 bln PLN!) Trzeba zlikwidowa\u0107 kominy p\u0142acowe.<\/p>\n","protected":false},"author":1,"featured_media":0,"parent":47,"menu_order":4,"comment_status":"closed","ping_status":"closed","template":"","meta":{"footnotes":""},"class_list":["post-11150","page","type-page","status-publish","hentry"],"_links":{"self":[{"href":"https:\/\/topol.org.pl\/index.php?rest_route=\/wp\/v2\/pages\/11150","targetHints":{"allow":["GET"]}}],"collection":[{"href":"https:\/\/topol.org.pl\/index.php?rest_route=\/wp\/v2\/pages"}],"about":[{"href":"https:\/\/topol.org.pl\/index.php?rest_route=\/wp\/v2\/types\/page"}],"author":[{"embeddable":true,"href":"https:\/\/topol.org.pl\/index.php?rest_route=\/wp\/v2\/users\/1"}],"replies":[{"embeddable":true,"href":"https:\/\/topol.org.pl\/index.php?rest_route=%2Fwp%2Fv2%2Fcomments&post=11150"}],"version-history":[{"count":3,"href":"https:\/\/topol.org.pl\/index.php?rest_route=\/wp\/v2\/pages\/11150\/revisions"}],"predecessor-version":[{"id":11169,"href":"https:\/\/topol.org.pl\/index.php?rest_route=\/wp\/v2\/pages\/11150\/revisions\/11169"}],"up":[{"embeddable":true,"href":"https:\/\/topol.org.pl\/index.php?rest_route=\/wp\/v2\/pages\/47"}],"wp:attachment":[{"href":"https:\/\/topol.org.pl\/index.php?rest_route=%2Fwp%2Fv2%2Fmedia&parent=11150"}],"curies":[{"name":"wp","href":"https:\/\/api.w.org\/{rel}","templated":true}]}}