{"id":11152,"date":"2025-04-07T16:49:14","date_gmt":"2025-04-07T14:49:14","guid":{"rendered":"https:\/\/topol.org.pl\/?page_id=11152"},"modified":"2025-08-23T14:22:20","modified_gmt":"2025-08-23T12:22:20","slug":"19-12-2024-uzupelnilem","status":"publish","type":"page","link":"https:\/\/topol.org.pl\/?page_id=11152","title":{"rendered":"&amp; 4. Dost\u0119p do broni."},"content":{"rendered":"\n<p>&amp; 4. Wnosz\u0119 o poprawk\u0119 do Konstytucji, zezwalaj\u0105cej na powszechny dost\u0119p do broni.<br><strong><a href=\"https:\/\/topol.org.pl\/?page_id=5113\">Narodowe Si\u0142y Zbrojne \u201eGrot\u201d<\/a>, kt\u00f3re skupi\u0105 Wojsko Polskie, S\u0142u\u017cby, Wojsko Obrony Terytorialnej,\u00a0<a href=\"https:\/\/topol.org.pl\/?page_id=5980\">OSP<\/a>,\u00a0<a href=\"https:\/\/wiadomosci.radiozet.pl\/polska\/Lasy-Panstwowe-sie-zbroja.-Straznicy-dostaja-karabinki-GROT-ekolodzy-sa-zaniepokojeni\">Stra\u017c le\u015bn\u0105<\/a>\u00a0i\u00a0<a href=\"https:\/\/topol.org.pl\/?page_id=6187\">Narodowe Si\u0142y Samoobrony \u201eGrot\u201d<\/a>. \u201eGrot\u201d zajmie si\u0119 koordynacj\u0105 dzia\u0142a\u0144 w sytuacjach kryzysowych.<\/strong>\u00a0<strong><a href=\"https:\/\/topol.org.pl\/?page_id=4417\">\u201eGrot\u201d<\/a>\u00a0podlega \u201eDux Poloniae\u201d<\/strong><\/p>\n\n\n\n<p><\/p>\n","protected":false},"excerpt":{"rendered":"<p>&amp; 4. Wnosz\u0119 o poprawk\u0119 do Konstytucji, zezwalaj\u0105cej na powszechny dost\u0119p do broni.Narodowe Si\u0142y Zbrojne \u201eGrot\u201d, kt\u00f3re skupi\u0105 Wojsko Polskie, S\u0142u\u017cby, Wojsko Obrony Terytorialnej,\u00a0OSP,\u00a0Stra\u017c le\u015bn\u0105\u00a0i\u00a0Narodowe Si\u0142y Samoobrony \u201eGrot\u201d. \u201eGrot\u201d zajmie si\u0119 koordynacj\u0105 dzia\u0142a\u0144 w sytuacjach kryzysowych.\u00a0\u201eGrot\u201d\u00a0podlega \u201eDux Poloniae\u201d<\/p>\n","protected":false},"author":1,"featured_media":0,"parent":47,"menu_order":5,"comment_status":"closed","ping_status":"closed","template":"","meta":{"footnotes":""},"class_list":["post-11152","page","type-page","status-publish","hentry"],"_links":{"self":[{"href":"https:\/\/topol.org.pl\/index.php?rest_route=\/wp\/v2\/pages\/11152","targetHints":{"allow":["GET"]}}],"collection":[{"href":"https:\/\/topol.org.pl\/index.php?rest_route=\/wp\/v2\/pages"}],"about":[{"href":"https:\/\/topol.org.pl\/index.php?rest_route=\/wp\/v2\/types\/page"}],"author":[{"embeddable":true,"href":"https:\/\/topol.org.pl\/index.php?rest_route=\/wp\/v2\/users\/1"}],"replies":[{"embeddable":true,"href":"https:\/\/topol.org.pl\/index.php?rest_route=%2Fwp%2Fv2%2Fcomments&post=11152"}],"version-history":[{"count":4,"href":"https:\/\/topol.org.pl\/index.php?rest_route=\/wp\/v2\/pages\/11152\/revisions"}],"predecessor-version":[{"id":11181,"href":"https:\/\/topol.org.pl\/index.php?rest_route=\/wp\/v2\/pages\/11152\/revisions\/11181"}],"up":[{"embeddable":true,"href":"https:\/\/topol.org.pl\/index.php?rest_route=\/wp\/v2\/pages\/47"}],"wp:attachment":[{"href":"https:\/\/topol.org.pl\/index.php?rest_route=%2Fwp%2Fv2%2Fmedia&parent=11152"}],"curies":[{"name":"wp","href":"https:\/\/api.w.org\/{rel}","templated":true}]}}