{"id":11154,"date":"2025-04-07T16:55:26","date_gmt":"2025-04-07T14:55:26","guid":{"rendered":"https:\/\/topol.org.pl\/?page_id=11154"},"modified":"2025-08-23T14:22:42","modified_gmt":"2025-08-23T12:22:42","slug":"23-12-2024-uzupelnilem","status":"publish","type":"page","link":"https:\/\/topol.org.pl\/?page_id=11154","title":{"rendered":"&amp; 6. Wymiana towarowa"},"content":{"rendered":"\n<p>&amp; 6. Wymiana towarowa<br><strong><a href=\"https:\/\/www.google.com\/search?q=umowa+barterowa&amp;oq=umowa+barterowa&amp;gs_lcrp=EgZjaHJvbWUyBggAEEUYOdIBCTg0MjZqMGoxNagCCLACAQ&amp;sourceid=chrome&amp;ie=UTF-8\">Umowa barterowa<\/a><\/strong>\u00a0to dobre rozwi\u0105zanie stosowane w przypadku na\u0142o\u017cenia sankcji. Mo\u017cna te\u017c stosowa\u0107 wymian\u0119 handlow\u0105 opieraj\u0105c si\u0119 o swoj\u0105 walut\u0119 i walut\u0119 kraju z kt\u00f3rym prowadzimy wymian\u0119. Kraj do kt\u00f3rego sprzedajemy p\u0142aci w swojej walucie a my musimy kupi\u0107 od nich w ich walucie i odwrotnie. Nadwy\u017ck\u0119 zakupu co jaki\u015b czas rozliczamy w z\u0142ocie. To pozwoli zachowa\u0107 r\u00f3wnowag\u0119 w wymianie towarowej. Chc\u0119 zbudowa\u0107 siln\u0105 niezale\u017cn\u0105 pozycj\u0119 Polski.<\/p>\n\n\n\n<p><\/p>\n","protected":false},"excerpt":{"rendered":"<p>&amp; 6. Wymiana towarowaUmowa barterowa\u00a0to dobre rozwi\u0105zanie stosowane w przypadku na\u0142o\u017cenia sankcji. Mo\u017cna te\u017c stosowa\u0107 wymian\u0119 handlow\u0105 opieraj\u0105c si\u0119 o swoj\u0105 walut\u0119 i walut\u0119 kraju z kt\u00f3rym prowadzimy wymian\u0119. Kraj do kt\u00f3rego sprzedajemy p\u0142aci w swojej walucie a my musimy kupi\u0107 od nich w ich walucie i odwrotnie. Nadwy\u017ck\u0119 zakupu co jaki\u015b czas rozliczamy w [&hellip;]<\/p>\n","protected":false},"author":1,"featured_media":0,"parent":47,"menu_order":7,"comment_status":"closed","ping_status":"closed","template":"","meta":{"footnotes":""},"class_list":["post-11154","page","type-page","status-publish","hentry"],"_links":{"self":[{"href":"https:\/\/topol.org.pl\/index.php?rest_route=\/wp\/v2\/pages\/11154","targetHints":{"allow":["GET"]}}],"collection":[{"href":"https:\/\/topol.org.pl\/index.php?rest_route=\/wp\/v2\/pages"}],"about":[{"href":"https:\/\/topol.org.pl\/index.php?rest_route=\/wp\/v2\/types\/page"}],"author":[{"embeddable":true,"href":"https:\/\/topol.org.pl\/index.php?rest_route=\/wp\/v2\/users\/1"}],"replies":[{"embeddable":true,"href":"https:\/\/topol.org.pl\/index.php?rest_route=%2Fwp%2Fv2%2Fcomments&post=11154"}],"version-history":[{"count":2,"href":"https:\/\/topol.org.pl\/index.php?rest_route=\/wp\/v2\/pages\/11154\/revisions"}],"predecessor-version":[{"id":11176,"href":"https:\/\/topol.org.pl\/index.php?rest_route=\/wp\/v2\/pages\/11154\/revisions\/11176"}],"up":[{"embeddable":true,"href":"https:\/\/topol.org.pl\/index.php?rest_route=\/wp\/v2\/pages\/47"}],"wp:attachment":[{"href":"https:\/\/topol.org.pl\/index.php?rest_route=%2Fwp%2Fv2%2Fmedia&parent=11154"}],"curies":[{"name":"wp","href":"https:\/\/api.w.org\/{rel}","templated":true}]}}