{"id":11174,"date":"2025-04-07T17:44:03","date_gmt":"2025-04-07T15:44:03","guid":{"rendered":"https:\/\/topol.org.pl\/?page_id=11174"},"modified":"2025-08-23T14:22:30","modified_gmt":"2025-08-23T12:22:30","slug":"5-sadownictwo-i-wymiar-sprawiedliwosci","status":"publish","type":"page","link":"https:\/\/topol.org.pl\/?page_id=11174","title":{"rendered":"&amp; 5. S\u0105downictwo i wymiar Sprawiedliwo\u015bci."},"content":{"rendered":"\n<p>&amp; 5. S\u0105downictwo i wymiar Sprawiedliwo\u015bci.<br><strong>Wnosz\u0119 o powszechne&nbsp;<a href=\"https:\/\/www.google.com\/search?q=jle+w+polsce+jest+zak%C5%82ad%C3%B3w+karnych&amp;oq=jle+w+polsce+jest+zak%C5%82ad%C3%B3w+karnych&amp;gs_lcrp=EgZjaHJvbWUyBggAEEUYOdIBCjE3NjU1ajBqMTWoAgiwAgE&amp;sourceid=chrome&amp;ie=UTF-8\">darowanie kar<\/a>, czyli&nbsp;<a href=\"https:\/\/www.google.com\/search?q=amnesti%C4%99&amp;oq=amnesti%C4%99&amp;gs_lcrp=EgZjaHJvbWUyBggAEEUYOdIBCDExMDdqMGo3qAIAsAIA&amp;sourceid=chrome&amp;ie=UTF-8\">amnesti\u0119<\/a>.<\/strong>&nbsp;Chcia\u0142bym zagospodarowa\u0107 ludzi , kt\u00f3rzy odbywaj\u0105 kar\u0119 wi\u0119zienia. Jednocze\u015bnie zwolni\u0107 miejsce w koszarach wi\u0119ziennych na baz\u0119 do szkolenia&nbsp;<strong>Wojsk Obrony Terytorialnej<\/strong>&nbsp;i ewentualnie leczenia uzale\u017cnie\u0144<\/p>\n\n\n\n<p><a href=\"https:\/\/dorzeczy.pl\/opinie\/685456\/po-i-neosedziowie-jaki-mordercy-i-gwalciciele-na-wolnosci.html\"><strong>Nie<\/strong>&nbsp;oznacza to&nbsp;wyj\u015bcia na&nbsp;wolno\u015b\u0107 gro\u017anych przest\u0119pc\u00f3w<\/a>.<\/p>\n\n\n\n<p><\/p>\n","protected":false},"excerpt":{"rendered":"<p>&amp; 5. S\u0105downictwo i wymiar Sprawiedliwo\u015bci.Wnosz\u0119 o powszechne&nbsp;darowanie kar, czyli&nbsp;amnesti\u0119.&nbsp;Chcia\u0142bym zagospodarowa\u0107 ludzi , kt\u00f3rzy odbywaj\u0105 kar\u0119 wi\u0119zienia. Jednocze\u015bnie zwolni\u0107 miejsce w koszarach wi\u0119ziennych na baz\u0119 do szkolenia&nbsp;Wojsk Obrony Terytorialnej&nbsp;i ewentualnie leczenia uzale\u017cnie\u0144 Nie&nbsp;oznacza to&nbsp;wyj\u015bcia na&nbsp;wolno\u015b\u0107 gro\u017anych przest\u0119pc\u00f3w.<\/p>\n","protected":false},"author":1,"featured_media":0,"parent":47,"menu_order":6,"comment_status":"closed","ping_status":"closed","template":"","meta":{"footnotes":""},"class_list":["post-11174","page","type-page","status-publish","hentry"],"_links":{"self":[{"href":"https:\/\/topol.org.pl\/index.php?rest_route=\/wp\/v2\/pages\/11174","targetHints":{"allow":["GET"]}}],"collection":[{"href":"https:\/\/topol.org.pl\/index.php?rest_route=\/wp\/v2\/pages"}],"about":[{"href":"https:\/\/topol.org.pl\/index.php?rest_route=\/wp\/v2\/types\/page"}],"author":[{"embeddable":true,"href":"https:\/\/topol.org.pl\/index.php?rest_route=\/wp\/v2\/users\/1"}],"replies":[{"embeddable":true,"href":"https:\/\/topol.org.pl\/index.php?rest_route=%2Fwp%2Fv2%2Fcomments&post=11174"}],"version-history":[{"count":1,"href":"https:\/\/topol.org.pl\/index.php?rest_route=\/wp\/v2\/pages\/11174\/revisions"}],"predecessor-version":[{"id":11175,"href":"https:\/\/topol.org.pl\/index.php?rest_route=\/wp\/v2\/pages\/11174\/revisions\/11175"}],"up":[{"embeddable":true,"href":"https:\/\/topol.org.pl\/index.php?rest_route=\/wp\/v2\/pages\/47"}],"wp:attachment":[{"href":"https:\/\/topol.org.pl\/index.php?rest_route=%2Fwp%2Fv2%2Fmedia&parent=11174"}],"curies":[{"name":"wp","href":"https:\/\/api.w.org\/{rel}","templated":true}]}}