{"id":11194,"date":"2025-04-07T18:41:40","date_gmt":"2025-04-07T16:41:40","guid":{"rendered":"https:\/\/topol.org.pl\/?page_id=11194"},"modified":"2025-08-23T14:23:13","modified_gmt":"2025-08-23T12:23:13","slug":"9-pensja-prezydenta","status":"publish","type":"page","link":"https:\/\/topol.org.pl\/?page_id=11194","title":{"rendered":"&amp; 9. Pensja Prezydenta"},"content":{"rendered":"\n<p>&amp; 9. Pensja Prezydenta<\/p>\n\n\n\n<p><a href=\"https:\/\/dorzeczy.pl\/sondaz\/642337\/politycy-powinni-zarabiac-wiecej-sondaz-polacy-zabrali-glos.html\">Dobrze jest wynagrodzony za swoj\u0105 prac\u0119<\/a>. Planuj\u0119 zlikwidowa\u0107 nieuzasadnione dochody w Sp\u00f3\u0142kach Skarbu Pa\u0144stwa. Nie mog\u0105 przekracza\u0107 pensji Prezydenta. Elity musz\u0105 \u017cy\u0107 skromniej, w tej chwili to nadmierne rozpasanie.&nbsp;<a href=\"https:\/\/dorzeczy.pl\/ekonomia\/642271\/deficyt-budzetowy-konfederacja-wzywa-rzad-do-opamietania.html\">Mamy d\u0142ugi<\/a>.<\/p>\n\n\n\n<p><\/p>\n","protected":false},"excerpt":{"rendered":"<p>&amp; 9. Pensja Prezydenta Dobrze jest wynagrodzony za swoj\u0105 prac\u0119. Planuj\u0119 zlikwidowa\u0107 nieuzasadnione dochody w Sp\u00f3\u0142kach Skarbu Pa\u0144stwa. Nie mog\u0105 przekracza\u0107 pensji Prezydenta. Elity musz\u0105 \u017cy\u0107 skromniej, w tej chwili to nadmierne rozpasanie.&nbsp;Mamy d\u0142ugi.<\/p>\n","protected":false},"author":1,"featured_media":0,"parent":47,"menu_order":10,"comment_status":"closed","ping_status":"closed","template":"","meta":{"footnotes":""},"class_list":["post-11194","page","type-page","status-publish","hentry"],"_links":{"self":[{"href":"https:\/\/topol.org.pl\/index.php?rest_route=\/wp\/v2\/pages\/11194","targetHints":{"allow":["GET"]}}],"collection":[{"href":"https:\/\/topol.org.pl\/index.php?rest_route=\/wp\/v2\/pages"}],"about":[{"href":"https:\/\/topol.org.pl\/index.php?rest_route=\/wp\/v2\/types\/page"}],"author":[{"embeddable":true,"href":"https:\/\/topol.org.pl\/index.php?rest_route=\/wp\/v2\/users\/1"}],"replies":[{"embeddable":true,"href":"https:\/\/topol.org.pl\/index.php?rest_route=%2Fwp%2Fv2%2Fcomments&post=11194"}],"version-history":[{"count":1,"href":"https:\/\/topol.org.pl\/index.php?rest_route=\/wp\/v2\/pages\/11194\/revisions"}],"predecessor-version":[{"id":11195,"href":"https:\/\/topol.org.pl\/index.php?rest_route=\/wp\/v2\/pages\/11194\/revisions\/11195"}],"up":[{"embeddable":true,"href":"https:\/\/topol.org.pl\/index.php?rest_route=\/wp\/v2\/pages\/47"}],"wp:attachment":[{"href":"https:\/\/topol.org.pl\/index.php?rest_route=%2Fwp%2Fv2%2Fmedia&parent=11194"}],"curies":[{"name":"wp","href":"https:\/\/api.w.org\/{rel}","templated":true}]}}