{"id":11199,"date":"2025-04-07T18:48:32","date_gmt":"2025-04-07T16:48:32","guid":{"rendered":"https:\/\/topol.org.pl\/?page_id=11199"},"modified":"2025-08-23T14:23:34","modified_gmt":"2025-08-23T12:23:34","slug":"11-podzial-terytorialny-na-kasztelanie","status":"publish","type":"page","link":"https:\/\/topol.org.pl\/?page_id=11199","title":{"rendered":"&amp; 11. Podzia\u0142 terytorialny na Kasztelanie"},"content":{"rendered":"\n<p>&amp; 11. Podzia\u0142 terytorialny na Kasztelanie<\/p>\n\n\n\n<p>Polsk\u0119 podzieli\u0142em na 107 obszar\u00f3w (kasztelanii). Kasztelan jest Senatorem wybranym w wyborach powszechnych.107 Kasztelan\u00f3w, Senator\u00f3w.<\/p>\n\n\n\n<figure class=\"wp-block-image\"><img loading=\"lazy\" decoding=\"async\" width=\"1024\" height=\"947\" src=\"https:\/\/topol.org.pl\/wp-content\/uploads\/2024\/02\/Senat_RP_okregi.svg_.png\" alt=\"\" class=\"wp-image-1551\" srcset=\"https:\/\/topol.org.pl\/wp-content\/uploads\/2024\/02\/Senat_RP_okregi.svg_.png 1024w, https:\/\/topol.org.pl\/wp-content\/uploads\/2024\/02\/Senat_RP_okregi.svg_-300x277.png 300w, https:\/\/topol.org.pl\/wp-content\/uploads\/2024\/02\/Senat_RP_okregi.svg_-768x710.png 768w\" sizes=\"auto, (max-width: 1024px) 100vw, 1024px\" \/><\/figure>\n\n\n\n<p>Np. 37 Kasztelan Nowos\u0105decki<\/p>\n\n\n\n<p><a href=\"https:\/\/www.google.com\/search?q=Kasztelan+Nowos%C4%85decki&amp;oq=Kasztelan+Nowos%C4%85decki&amp;gs_lcrp=EgZjaHJvbWUyBggAEEUYOdIBCDE0NTJqMGo3qAIAsAIA&amp;sourceid=chrome&amp;ie=UTF-8\">Co to znaczy s\u0142owo Kasztelan<\/a>?<\/p>\n\n\n\n<p>kasztelan \u2013 komes, pan grodowy \u2013&nbsp;<strong>w \u015bredniowieczu urz\u0119dnik sprawuj\u0105cy w\u0142adz\u0119 w imieniu panuj\u0105cego na danym terytorium<\/strong>&nbsp;(kasztelanii). Odpowiada\u0142 za obron\u0119, wymiar sprawiedliwo\u015bci, zbieranie danin i podatk\u00f3w. W epoce nowo\u017cytnej kompetencje kasztelana zosta\u0142y ograniczone, ale za to kasztelani zasiadali w&nbsp;<strong>Senacie<\/strong>.<\/p>\n\n\n\n<p>Dlatego nazwa\u0142em kasztelan bo podzieli\u0142em Polsk\u0119 na kasztelanie. 107 kasztelanii. Wol\u0119 kasztelan zamiast komisarz, wol\u0119 Kr\u00f3lestwo Polskie ni\u017c europejsk\u0105 organizacj\u0119 komunistyczn\u0105.&nbsp;My\u015bl\u0119, \u017ce lepiej zaproponowa\u0107 urz\u0105d kasztelana a nie komisarza ludowego.<\/p>\n\n\n\n<p>Jak b\u0119dzie zarejestrowana fundacja&nbsp;<strong><a href=\"https:\/\/topol.org.pl\/?page_id=5113\">Narodowe Si\u0142y Samoobrony \u201eGrot\u201d<\/a><\/strong>&nbsp;to&nbsp;<strong>wy\u0142oni\u0119<\/strong>&nbsp;kasztelana z szacownego&nbsp;<a href=\"https:\/\/www.google.com\/search?q=gremium&amp;oq=gremium&amp;gs_lcrp=EgZjaHJvbWUyBggAEEUYOdIBCTI0MzFqMGoxNagCCLACAQ&amp;sourceid=chrome&amp;ie=UTF-8\"><strong>gremium<\/strong><\/a>&nbsp;przedstawicieli danego rejonu,&nbsp;<strong>kt\u00f3rego sami wybierzecie<\/strong>&nbsp;w wyborach powszechnych. Musi by\u0107 co najmniej 33 osoby. W sk\u0142adzie musi by\u0107 s\u0119dzia, g\u0142\u00f3wny ekonomista,&nbsp;<a href=\"https:\/\/www.google.com\/search?q=kapelan+wojska+polskiego&amp;oq=kapelan+wojska+polskiego&amp;gs_lcrp=EgZjaHJvbWUyBggAEEUYOdIBCjEwNzY5ajBqMTWoAgiwAgE&amp;sourceid=chrome&amp;ie=UTF-8\"><strong>kapelan<\/strong><\/a>, wojskowy, policjant, nauczyciel, urz\u0119dnik, stra\u017cak, le\u015bnik, przedstawiciel ka\u017cdej partii politycznej, 7 wed\u0142ug poparcia w sonda\u017cu, Burmistrz Miasta lub Prezydent Miasta na danym terenie, 7 rolnik\u00f3w i 7 przedsi\u0119biorc\u00f3w, historyk i j\u0119zykoznawca(polonista). Kadencja Kasztelana 5 lat z mo\u017cliwo\u015bci\u0105 dw\u00f3ch kadencji.<\/p>\n\n\n\n<p>Po zarejestrowaniu fundacji utworz\u0119 baz\u0119 danych osobowych zgodnie z&nbsp;<a href=\"https:\/\/archiwum.giodo.gov.pl\/\">GIODO<\/a>. Pisz\u0119 statut fundacji.&nbsp;<strong><a href=\"https:\/\/topol.org.pl\/?page_id=5113\">Narodowe Si\u0142y Samoobrony \u201eGrot\u201d<\/a><\/strong><\/p>\n\n\n\n<p>Ka\u017cdy kasztelan uzyska dost\u0119p do panelu logowania.<\/p>\n\n\n\n<p><\/p>\n","protected":false},"excerpt":{"rendered":"<p>&amp; 11. Podzia\u0142 terytorialny na Kasztelanie Polsk\u0119 podzieli\u0142em na 107 obszar\u00f3w (kasztelanii). Kasztelan jest Senatorem wybranym w wyborach powszechnych.107 Kasztelan\u00f3w, Senator\u00f3w. Np. 37 Kasztelan Nowos\u0105decki Co to znaczy s\u0142owo Kasztelan? kasztelan \u2013 komes, pan grodowy \u2013&nbsp;w \u015bredniowieczu urz\u0119dnik sprawuj\u0105cy w\u0142adz\u0119 w imieniu panuj\u0105cego na danym terytorium&nbsp;(kasztelanii). Odpowiada\u0142 za obron\u0119, wymiar sprawiedliwo\u015bci, zbieranie danin i podatk\u00f3w. [&hellip;]<\/p>\n","protected":false},"author":1,"featured_media":0,"parent":47,"menu_order":12,"comment_status":"closed","ping_status":"closed","template":"","meta":{"footnotes":""},"class_list":["post-11199","page","type-page","status-publish","hentry"],"_links":{"self":[{"href":"https:\/\/topol.org.pl\/index.php?rest_route=\/wp\/v2\/pages\/11199","targetHints":{"allow":["GET"]}}],"collection":[{"href":"https:\/\/topol.org.pl\/index.php?rest_route=\/wp\/v2\/pages"}],"about":[{"href":"https:\/\/topol.org.pl\/index.php?rest_route=\/wp\/v2\/types\/page"}],"author":[{"embeddable":true,"href":"https:\/\/topol.org.pl\/index.php?rest_route=\/wp\/v2\/users\/1"}],"replies":[{"embeddable":true,"href":"https:\/\/topol.org.pl\/index.php?rest_route=%2Fwp%2Fv2%2Fcomments&post=11199"}],"version-history":[{"count":1,"href":"https:\/\/topol.org.pl\/index.php?rest_route=\/wp\/v2\/pages\/11199\/revisions"}],"predecessor-version":[{"id":11200,"href":"https:\/\/topol.org.pl\/index.php?rest_route=\/wp\/v2\/pages\/11199\/revisions\/11200"}],"up":[{"embeddable":true,"href":"https:\/\/topol.org.pl\/index.php?rest_route=\/wp\/v2\/pages\/47"}],"wp:attachment":[{"href":"https:\/\/topol.org.pl\/index.php?rest_route=%2Fwp%2Fv2%2Fmedia&parent=11199"}],"curies":[{"name":"wp","href":"https:\/\/api.w.org\/{rel}","templated":true}]}}