{"id":11201,"date":"2025-04-07T18:51:43","date_gmt":"2025-04-07T16:51:43","guid":{"rendered":"https:\/\/topol.org.pl\/?page_id=11201"},"modified":"2025-08-23T14:23:44","modified_gmt":"2025-08-23T12:23:44","slug":"12-dla-chetnych-z-ostatniego-pokolenia","status":"publish","type":"page","link":"https:\/\/topol.org.pl\/?page_id=11201","title":{"rendered":"&amp; 12 Dla ch\u0119tnych z \u2026\u00a0\u201eOstatniego pokolenia\u201d"},"content":{"rendered":"\n<p>&amp; 12. M\u00f3j postulat:<\/p>\n\n\n\n<ol class=\"wp-block-list\">\n<li>Jestem za wprowadzeniem jednego biletu miesi\u0119cznego za\u00a050 z\u0142 na\u00a0ca\u0142y transport regionalny w\u00a0Polsce. Dla os\u00f3b nie maj\u0105cych samochodu.<\/li>\n\n\n\n<li>Dla ch\u0119tnych z \u2026\u00a0<a href=\"https:\/\/topol.org.pl\/?page_id=2655\">\u201eOstatniego pokolenia\u201d<\/a>\u2026 mo\u017cliwo\u015b\u0107 zakupu 1 hektara ziemi rolnej po preferencyjnej cenie z\u00a0<a href=\"https:\/\/pl.wikipedia.org\/wiki\/Agencja_W%C5%82asno%C5%9Bci_Rolnej_Skarbu_Pa%C5%84stwa\">Agencji W\u0142asno\u015bci Rolnej Skarbu Pa\u0144stwa<\/a>.\u00a0Chc\u0119 przeciwdzia\u0142a\u0107 holdingom.<\/li>\n<\/ol>\n\n\n\n<p><\/p>\n","protected":false},"excerpt":{"rendered":"<p>&amp; 12. M\u00f3j postulat:<\/p>\n","protected":false},"author":1,"featured_media":0,"parent":47,"menu_order":13,"comment_status":"closed","ping_status":"closed","template":"","meta":{"footnotes":""},"class_list":["post-11201","page","type-page","status-publish","hentry"],"_links":{"self":[{"href":"https:\/\/topol.org.pl\/index.php?rest_route=\/wp\/v2\/pages\/11201","targetHints":{"allow":["GET"]}}],"collection":[{"href":"https:\/\/topol.org.pl\/index.php?rest_route=\/wp\/v2\/pages"}],"about":[{"href":"https:\/\/topol.org.pl\/index.php?rest_route=\/wp\/v2\/types\/page"}],"author":[{"embeddable":true,"href":"https:\/\/topol.org.pl\/index.php?rest_route=\/wp\/v2\/users\/1"}],"replies":[{"embeddable":true,"href":"https:\/\/topol.org.pl\/index.php?rest_route=%2Fwp%2Fv2%2Fcomments&post=11201"}],"version-history":[{"count":1,"href":"https:\/\/topol.org.pl\/index.php?rest_route=\/wp\/v2\/pages\/11201\/revisions"}],"predecessor-version":[{"id":11202,"href":"https:\/\/topol.org.pl\/index.php?rest_route=\/wp\/v2\/pages\/11201\/revisions\/11202"}],"up":[{"embeddable":true,"href":"https:\/\/topol.org.pl\/index.php?rest_route=\/wp\/v2\/pages\/47"}],"wp:attachment":[{"href":"https:\/\/topol.org.pl\/index.php?rest_route=%2Fwp%2Fv2%2Fmedia&parent=11201"}],"curies":[{"name":"wp","href":"https:\/\/api.w.org\/{rel}","templated":true}]}}