{"id":11203,"date":"2025-04-07T19:07:37","date_gmt":"2025-04-07T17:07:37","guid":{"rendered":"https:\/\/topol.org.pl\/?page_id=11203"},"modified":"2025-08-23T14:23:58","modified_gmt":"2025-08-23T12:23:58","slug":"13-prezydent-wiceprezydent","status":"publish","type":"page","link":"https:\/\/topol.org.pl\/?page_id=11203","title":{"rendered":"&amp; 13 Prezydent (Wiceprezydent)"},"content":{"rendered":"\n<p>&amp; 13. W dniu zaprzysi\u0119\u017cenia na Konstytucj\u0119 z 11.10.2023 r. Zostanie powo\u0142any przez \u201eDux Poloniae\u201d drugi Prezydent (<a href=\"https:\/\/pl.wikipedia.org\/wiki\/Wiceprezydent\">Wiceprezydent<\/a>).<\/p>\n\n\n\n<p>Z\u0142o\u017cy przysi\u0119g\u0119 na Konstytucj\u0119 z 11.10.2023 r.<\/p>\n\n\n\n<p><strong>Wybory powszechne na Prezydenta to referendum, pozwalaj\u0105ce na takie zmiany.<\/strong><\/p>\n","protected":false},"excerpt":{"rendered":"<p>&amp; 13. W dniu zaprzysi\u0119\u017cenia na Konstytucj\u0119 z 11.10.2023 r. Zostanie powo\u0142any przez \u201eDux Poloniae\u201d drugi Prezydent (Wiceprezydent). Z\u0142o\u017cy przysi\u0119g\u0119 na Konstytucj\u0119 z 11.10.2023 r. Wybory powszechne na Prezydenta to referendum, pozwalaj\u0105ce na takie zmiany.<\/p>\n","protected":false},"author":1,"featured_media":0,"parent":47,"menu_order":14,"comment_status":"closed","ping_status":"closed","template":"","meta":{"footnotes":""},"class_list":["post-11203","page","type-page","status-publish","hentry"],"_links":{"self":[{"href":"https:\/\/topol.org.pl\/index.php?rest_route=\/wp\/v2\/pages\/11203","targetHints":{"allow":["GET"]}}],"collection":[{"href":"https:\/\/topol.org.pl\/index.php?rest_route=\/wp\/v2\/pages"}],"about":[{"href":"https:\/\/topol.org.pl\/index.php?rest_route=\/wp\/v2\/types\/page"}],"author":[{"embeddable":true,"href":"https:\/\/topol.org.pl\/index.php?rest_route=\/wp\/v2\/users\/1"}],"replies":[{"embeddable":true,"href":"https:\/\/topol.org.pl\/index.php?rest_route=%2Fwp%2Fv2%2Fcomments&post=11203"}],"version-history":[{"count":1,"href":"https:\/\/topol.org.pl\/index.php?rest_route=\/wp\/v2\/pages\/11203\/revisions"}],"predecessor-version":[{"id":11204,"href":"https:\/\/topol.org.pl\/index.php?rest_route=\/wp\/v2\/pages\/11203\/revisions\/11204"}],"up":[{"embeddable":true,"href":"https:\/\/topol.org.pl\/index.php?rest_route=\/wp\/v2\/pages\/47"}],"wp:attachment":[{"href":"https:\/\/topol.org.pl\/index.php?rest_route=%2Fwp%2Fv2%2Fmedia&parent=11203"}],"curies":[{"name":"wp","href":"https:\/\/api.w.org\/{rel}","templated":true}]}}