{"id":11210,"date":"2025-04-07T19:15:35","date_gmt":"2025-04-07T17:15:35","guid":{"rendered":"https:\/\/topol.org.pl\/?page_id=11210"},"modified":"2025-08-23T14:24:34","modified_gmt":"2025-08-23T12:24:34","slug":"16-energetyka","status":"publish","type":"page","link":"https:\/\/topol.org.pl\/?page_id=11210","title":{"rendered":"&amp; 16. Energetyka"},"content":{"rendered":"\n<p>&amp; 16. Energetyka<\/p>\n\n\n\n<p>W latach osiemdziesi\u0105tych zamykali kopalnie w Anglii. Ale w Anglii by\u0142y z\u0142o\u017ca ubogie w w\u0119giel, kilka poziom\u00f3w. U nas w\u0119gla jest na 200 lat s\u0105 pot\u0119\u017cne z\u0142o\u017ca na wielu poziomach wydobycia.&nbsp;To jedyne rozwi\u0105zanie \u017ceby zapewni\u0107 energi\u0119.&nbsp;Atom jest drogi i nieop\u0142acalny.&nbsp;Nie mamy z\u0142\u00f3\u017c uranu. Obs\u0142uga firm zagranicznych, czyli serwis i paliwo do reaktora. Trzeba to kupi\u0107, energia mo\u017ce by\u0107 droga. Jedna elektrownia nam wystarczy,&nbsp;zapewni 5% energii. Ale stwarza zagro\u017cenie w razie konfliktu. Ma\u0142e reaktory rozproszone, w og\u00f3le stwarzaj\u0105 ogromne zagro\u017cenie.&nbsp;<strong>Budujemy elektrownie szczytowo-pompowe<\/strong>&nbsp;na wzg\u00f3rzach. Zatrzymamy w ten spos\u00f3b wod\u0119, kt\u00f3rej mamy ma\u0142o. Poza tym takie elektrownie to magazyny energii dla wiatrak\u00f3w i paneli fotowoltaicznych.&nbsp;<a href=\"https:\/\/topol.org.pl\/?page_id=5897\">Mo\u017cna pomy\u015ble\u0107 o moim wynalazku.<\/a>&nbsp;Przydomowej elektrowni szczytowo pompowej.&nbsp;<strong>Budujemy zapory hydrologiczne na rzekach wsz\u0119dzie gdzie to mo\u017cliwe.<\/strong>&nbsp;Elektrownia Atomowa nad morzem, mo\u017ce by\u0107. Jest woda. Ale w Be\u0142chatowie nie ma wody. Elektrownia atomowa w \u015brodku kraju to bomba z detonatorem. W Be\u0142chatowie pobudujemy&nbsp;<strong>elektrowni\u0119 szczytowo-pompow<\/strong>\u0105. W zag\u0142\u0119bieniu po urobku pobudujemy zbiornik wodny. A elektrowni\u0119 szczytowo- pompow\u0105 zlokalizujemy na usypanym wzg\u00f3rzu.&nbsp;Tam gdzie s\u0105 wiatraki. To b\u0119dzie&nbsp;magazyn energii&nbsp;dla wiatrak\u00f3w i paneli fotowoltaicznych.<\/p>\n","protected":false},"excerpt":{"rendered":"<p>&amp; 16. Energetyka W latach osiemdziesi\u0105tych zamykali kopalnie w Anglii. Ale w Anglii by\u0142y z\u0142o\u017ca ubogie w w\u0119giel, kilka poziom\u00f3w. U nas w\u0119gla jest na 200 lat s\u0105 pot\u0119\u017cne z\u0142o\u017ca na wielu poziomach wydobycia.&nbsp;To jedyne rozwi\u0105zanie \u017ceby zapewni\u0107 energi\u0119.&nbsp;Atom jest drogi i nieop\u0142acalny.&nbsp;Nie mamy z\u0142\u00f3\u017c uranu. Obs\u0142uga firm zagranicznych, czyli serwis i paliwo do reaktora. [&hellip;]<\/p>\n","protected":false},"author":1,"featured_media":0,"parent":47,"menu_order":17,"comment_status":"closed","ping_status":"closed","template":"","meta":{"footnotes":""},"class_list":["post-11210","page","type-page","status-publish","hentry"],"_links":{"self":[{"href":"https:\/\/topol.org.pl\/index.php?rest_route=\/wp\/v2\/pages\/11210","targetHints":{"allow":["GET"]}}],"collection":[{"href":"https:\/\/topol.org.pl\/index.php?rest_route=\/wp\/v2\/pages"}],"about":[{"href":"https:\/\/topol.org.pl\/index.php?rest_route=\/wp\/v2\/types\/page"}],"author":[{"embeddable":true,"href":"https:\/\/topol.org.pl\/index.php?rest_route=\/wp\/v2\/users\/1"}],"replies":[{"embeddable":true,"href":"https:\/\/topol.org.pl\/index.php?rest_route=%2Fwp%2Fv2%2Fcomments&post=11210"}],"version-history":[{"count":1,"href":"https:\/\/topol.org.pl\/index.php?rest_route=\/wp\/v2\/pages\/11210\/revisions"}],"predecessor-version":[{"id":11211,"href":"https:\/\/topol.org.pl\/index.php?rest_route=\/wp\/v2\/pages\/11210\/revisions\/11211"}],"up":[{"embeddable":true,"href":"https:\/\/topol.org.pl\/index.php?rest_route=\/wp\/v2\/pages\/47"}],"wp:attachment":[{"href":"https:\/\/topol.org.pl\/index.php?rest_route=%2Fwp%2Fv2%2Fmedia&parent=11210"}],"curies":[{"name":"wp","href":"https:\/\/api.w.org\/{rel}","templated":true}]}}