{"id":11212,"date":"2025-04-07T19:20:41","date_gmt":"2025-04-07T17:20:41","guid":{"rendered":"https:\/\/topol.org.pl\/?page_id=11212"},"modified":"2025-08-23T14:24:46","modified_gmt":"2025-08-23T12:24:46","slug":"17-ochrona-zycia-i-brak-segregacji-sanitarnej-badania-dla-kierowcow-i-mysliwych","status":"publish","type":"page","link":"https:\/\/topol.org.pl\/?page_id=11212","title":{"rendered":"&amp; 17 Ochrona \u017cycia i brak segregacji sanitarnej. Badania dla kierowc\u00f3w i my\u015bliwych."},"content":{"rendered":"\n<p><strong>W dniu 19.12.2024 uzupe\u0142ni\u0142em Konstytucj\u0119 z 11.10.2023 r.<\/strong><\/p>\n\n\n\n<p>&amp; 17 Ochrona \u017cycia i brak segregacji sanitarnej. Badania dla kierowc\u00f3w i my\u015bliwych.<\/p>\n\n\n\n<p><strong>Czy dlatego brakuje pieni\u0119dzy w s\u0142u\u017cbie zdrowia? Prawo\u2026 zezwala na aborcj\u0119, ale lekarze dokonuj\u0105cy aborcji powinni odpowiada\u0107\u2026za mord<\/strong>\u2026&nbsp;<strong>Jestem przeciwko eutanazji, na \u017cyczenie lub z innych wzgl\u0119d\u00f3w.<\/strong>&nbsp;<strong>Lekarze dokonuj\u0105cy eutanazji powinni odpowiada\u0107\u2026za mord<\/strong>.<strong>..Jestem przeciwko Elektronicznej Karcie Szczepie\u0144 i edukacji zdrowotnej. To nadmierna ingerencja pa\u0144stwa w sfer\u0119 prywatn\u0105.<\/strong>&nbsp;<strong>Ka\u017cdy mo\u017ce mie\u0107 dost\u0119p do danych.<\/strong>&nbsp;<strong>Na przyk\u0142ad w czasie certyfikat\u00f3w zdrowotnych przy wyje\u017adzie za granic\u0119.<\/strong>&nbsp;<strong>Globalny certyfikat zdrowotny.<\/strong> <strong>Jestem zaniepokojony.<\/strong> <strong>Nie wyra\u017cam zgody<\/strong>.<\/p>\n\n\n\n<p><strong>W dniu 14.01.2025 uzupe\u0142ni\u0142em Konstytucj\u0119 z 11.10.2023 r.<\/strong> <strong>Badania dla kierowc\u00f3w i my\u015bliwych<\/strong>.<\/p>\n\n\n\n<p><strong>Zlecanie bada\u0144 dla kierowc\u00f3w, kt\u00f3rzy maj\u0105 prawo jazdy bezterminowe i my\u015bliwym bada\u0144 lekarskich i psychologicznych ma za zadanie odci\u0105gn\u0105\u0107 lekarzy od leczenia i wywo\u0142a\u0107 destrukcj\u0119 w s\u0142u\u017cbie zdrowia. W konsekwencji prywatyzacj\u0119 s\u0142u\u017cby zdrowia.<\/strong> <strong>To sabota\u017c, zb\u0119dne dzia\u0142anie ze szkod\u0105 dla spo\u0142ecze\u0144stwa.<\/strong> <strong>Trzeba wycofa\u0107 zmiany<\/strong> <strong>i zaniecha\u0107 szkodliwych plan\u00f3w.<\/strong><\/p>\n\n\n\n<p><\/p>\n","protected":false},"excerpt":{"rendered":"<p>W dniu 19.12.2024 uzupe\u0142ni\u0142em Konstytucj\u0119 z 11.10.2023 r. &amp; 17 Ochrona \u017cycia i brak segregacji sanitarnej. Badania dla kierowc\u00f3w i my\u015bliwych. Czy dlatego brakuje pieni\u0119dzy w s\u0142u\u017cbie zdrowia? Prawo\u2026 zezwala na aborcj\u0119, ale lekarze dokonuj\u0105cy aborcji powinni odpowiada\u0107\u2026za mord\u2026&nbsp;Jestem przeciwko eutanazji, na \u017cyczenie lub z innych wzgl\u0119d\u00f3w.&nbsp;Lekarze dokonuj\u0105cy eutanazji powinni odpowiada\u0107\u2026za mord&#8230;Jestem przeciwko Elektronicznej Karcie [&hellip;]<\/p>\n","protected":false},"author":1,"featured_media":0,"parent":47,"menu_order":18,"comment_status":"closed","ping_status":"closed","template":"","meta":{"footnotes":""},"class_list":["post-11212","page","type-page","status-publish","hentry"],"_links":{"self":[{"href":"https:\/\/topol.org.pl\/index.php?rest_route=\/wp\/v2\/pages\/11212","targetHints":{"allow":["GET"]}}],"collection":[{"href":"https:\/\/topol.org.pl\/index.php?rest_route=\/wp\/v2\/pages"}],"about":[{"href":"https:\/\/topol.org.pl\/index.php?rest_route=\/wp\/v2\/types\/page"}],"author":[{"embeddable":true,"href":"https:\/\/topol.org.pl\/index.php?rest_route=\/wp\/v2\/users\/1"}],"replies":[{"embeddable":true,"href":"https:\/\/topol.org.pl\/index.php?rest_route=%2Fwp%2Fv2%2Fcomments&post=11212"}],"version-history":[{"count":1,"href":"https:\/\/topol.org.pl\/index.php?rest_route=\/wp\/v2\/pages\/11212\/revisions"}],"predecessor-version":[{"id":11213,"href":"https:\/\/topol.org.pl\/index.php?rest_route=\/wp\/v2\/pages\/11212\/revisions\/11213"}],"up":[{"embeddable":true,"href":"https:\/\/topol.org.pl\/index.php?rest_route=\/wp\/v2\/pages\/47"}],"wp:attachment":[{"href":"https:\/\/topol.org.pl\/index.php?rest_route=%2Fwp%2Fv2%2Fmedia&parent=11212"}],"curies":[{"name":"wp","href":"https:\/\/api.w.org\/{rel}","templated":true}]}}