{"id":11214,"date":"2025-04-07T19:24:55","date_gmt":"2025-04-07T17:24:55","guid":{"rendered":"https:\/\/topol.org.pl\/?page_id=11214"},"modified":"2025-08-23T14:24:58","modified_gmt":"2025-08-23T12:24:58","slug":"18-prymat-na-swiecie","status":"publish","type":"page","link":"https:\/\/topol.org.pl\/?page_id=11214","title":{"rendered":"&amp; 18 Prymat na \u015bwiecie"},"content":{"rendered":"\n<p><strong>W dniu 22.12.2024 zmodyfikowa\u0142em Konstytucj\u0119 z 11.10.2023 r.<\/strong><\/p>\n\n\n\n<p>&amp; 18 Prymat na \u015bwiecie<\/p>\n\n\n\n<p><strong><a href=\"https:\/\/dorzeczy.pl\/swiat\/670925\/pomoc-usa-dla-ukrainy-trump-mial-zdecydowac-i-postawic-warunki.html\">Zwi\u0119kszenie \u201edzia\u0142ki\u201d na zbrojenia do 5% PKB<\/a>&nbsp;to 170 mld z\u0142 czyli 1\/3 dochod\u00f3w pa\u0144stwa. Mo\u017cna spe\u0142ni\u0107 to \u017c\u0105danie jak przestawimy gospodark\u0119 na tryb wojenny. Zak\u0142adam, \u017ce nie dojdzie do wojny. Chodzi o rozw\u00f3j przemys\u0142u i technologii. Najbogatsi chc\u0105 lata\u0107 na Ksi\u0119\u017cyc i Marsa. W perspektywie skolonizowa\u0107 Marsa lud\u017ami modyfikowanymi genetycznie. Dlatego d\u0105\u017c\u0105 do upadku Rosji i przej\u0119cia zasob\u00f3w. Ale jak to sobie wyobra\u017caj\u0105. Za\u0142o\u017c\u0105 wszystkim opaski na nadgarstek, \u017ceby wiedzie\u0107 o miejscu przebywania z mo\u017cliwo\u015bci\u0105 wy\u0142\u0105czenia funkcji \u017cyciowych. To po prostu ob\u00f3z. Nie zgadzam si\u0119 na to. Zakup Abrams\u00f3w wykorzystamy do upraw polowych. Apacze pos\u0142u\u017c\u0105 do gaszenia po\u017car\u00f3w i oprysk\u00f3w na polach. Ale te pojazdy ju\u017c mamy w nadmiarze. Dlatego wchodzi w gr\u0119 amunicja. Proponuj\u0119 przenie\u015b\u0107 zak\u0142ady ameryka\u0144skie na teren Polski. Zajmiemy si\u0119 eksportem, do kraj\u00f3w frontowych. Chodzi o biznes. Po wprowadzeniu 3 % podatku obrotowego od zachodnich korporacji pokryjemy wydatki na zbrojenia. Moim zdaniem trzeba dba\u0107 o przetrwanie Rosji. W przeciwnym razie zostan\u0105 skolonizowani przez Chiny. Europa \u015brodkowa powinna by\u0107 wspomagana tanim gazem z Rosji przez dystrybutora w Polsce. USA znajd\u0105 wtedy rynek zbytu na produkty z ropy i gazu w Europie Zachodniej, Chinach i Indiach. \u017beby utrzyma\u0107 prymat, nie da si\u0119 zwyci\u0119\u017cy\u0107 walcz\u0105c o niego tylko trzeba dawa\u0107 kropl\u00f3wk\u0119 w miejscach gdzie jest gorzej. Czyli trzeba zaproponowa\u0107 lepsze warunki. A nie destrukcj\u0119 i wojn\u0119.<\/strong><\/p>\n","protected":false},"excerpt":{"rendered":"<p>W dniu 22.12.2024 zmodyfikowa\u0142em Konstytucj\u0119 z 11.10.2023 r. &amp; 18 Prymat na \u015bwiecie Zwi\u0119kszenie \u201edzia\u0142ki\u201d na zbrojenia do 5% PKB&nbsp;to 170 mld z\u0142 czyli 1\/3 dochod\u00f3w pa\u0144stwa. Mo\u017cna spe\u0142ni\u0107 to \u017c\u0105danie jak przestawimy gospodark\u0119 na tryb wojenny. Zak\u0142adam, \u017ce nie dojdzie do wojny. Chodzi o rozw\u00f3j przemys\u0142u i technologii. Najbogatsi chc\u0105 lata\u0107 na Ksi\u0119\u017cyc i [&hellip;]<\/p>\n","protected":false},"author":1,"featured_media":0,"parent":47,"menu_order":19,"comment_status":"closed","ping_status":"closed","template":"","meta":{"footnotes":""},"class_list":["post-11214","page","type-page","status-publish","hentry"],"_links":{"self":[{"href":"https:\/\/topol.org.pl\/index.php?rest_route=\/wp\/v2\/pages\/11214","targetHints":{"allow":["GET"]}}],"collection":[{"href":"https:\/\/topol.org.pl\/index.php?rest_route=\/wp\/v2\/pages"}],"about":[{"href":"https:\/\/topol.org.pl\/index.php?rest_route=\/wp\/v2\/types\/page"}],"author":[{"embeddable":true,"href":"https:\/\/topol.org.pl\/index.php?rest_route=\/wp\/v2\/users\/1"}],"replies":[{"embeddable":true,"href":"https:\/\/topol.org.pl\/index.php?rest_route=%2Fwp%2Fv2%2Fcomments&post=11214"}],"version-history":[{"count":1,"href":"https:\/\/topol.org.pl\/index.php?rest_route=\/wp\/v2\/pages\/11214\/revisions"}],"predecessor-version":[{"id":11215,"href":"https:\/\/topol.org.pl\/index.php?rest_route=\/wp\/v2\/pages\/11214\/revisions\/11215"}],"up":[{"embeddable":true,"href":"https:\/\/topol.org.pl\/index.php?rest_route=\/wp\/v2\/pages\/47"}],"wp:attachment":[{"href":"https:\/\/topol.org.pl\/index.php?rest_route=%2Fwp%2Fv2%2Fmedia&parent=11214"}],"curies":[{"name":"wp","href":"https:\/\/api.w.org\/{rel}","templated":true}]}}