{"id":11216,"date":"2025-04-07T19:27:35","date_gmt":"2025-04-07T17:27:35","guid":{"rendered":"https:\/\/topol.org.pl\/?page_id=11216"},"modified":"2025-08-23T14:25:21","modified_gmt":"2025-08-23T12:25:21","slug":"19-polityka-zagraniczna","status":"publish","type":"page","link":"https:\/\/topol.org.pl\/?page_id=11216","title":{"rendered":"&amp; 19 Polityka zagraniczna."},"content":{"rendered":"\n<p><strong>W dniu 23.12.2024 uzupe\u0142ni\u0142em Konstytucj\u0119 z 11.10.2023 r.<\/strong><\/p>\n\n\n\n<p>&amp; 19&nbsp;<strong>Polska b\u0119dzie prowadzi\u0142a samodzieln\u0105 polityk\u0119 zagraniczn\u0105 i polityk\u0119 bezpiecze\u0144stwa.<\/strong><\/p>\n\n\n\n<p><\/p>\n","protected":false},"excerpt":{"rendered":"<p>W dniu 23.12.2024 uzupe\u0142ni\u0142em Konstytucj\u0119 z 11.10.2023 r. &amp; 19&nbsp;Polska b\u0119dzie prowadzi\u0142a samodzieln\u0105 polityk\u0119 zagraniczn\u0105 i polityk\u0119 bezpiecze\u0144stwa.<\/p>\n","protected":false},"author":1,"featured_media":0,"parent":47,"menu_order":20,"comment_status":"closed","ping_status":"closed","template":"","meta":{"footnotes":""},"class_list":["post-11216","page","type-page","status-publish","hentry"],"_links":{"self":[{"href":"https:\/\/topol.org.pl\/index.php?rest_route=\/wp\/v2\/pages\/11216","targetHints":{"allow":["GET"]}}],"collection":[{"href":"https:\/\/topol.org.pl\/index.php?rest_route=\/wp\/v2\/pages"}],"about":[{"href":"https:\/\/topol.org.pl\/index.php?rest_route=\/wp\/v2\/types\/page"}],"author":[{"embeddable":true,"href":"https:\/\/topol.org.pl\/index.php?rest_route=\/wp\/v2\/users\/1"}],"replies":[{"embeddable":true,"href":"https:\/\/topol.org.pl\/index.php?rest_route=%2Fwp%2Fv2%2Fcomments&post=11216"}],"version-history":[{"count":1,"href":"https:\/\/topol.org.pl\/index.php?rest_route=\/wp\/v2\/pages\/11216\/revisions"}],"predecessor-version":[{"id":11217,"href":"https:\/\/topol.org.pl\/index.php?rest_route=\/wp\/v2\/pages\/11216\/revisions\/11217"}],"up":[{"embeddable":true,"href":"https:\/\/topol.org.pl\/index.php?rest_route=\/wp\/v2\/pages\/47"}],"wp:attachment":[{"href":"https:\/\/topol.org.pl\/index.php?rest_route=%2Fwp%2Fv2%2Fmedia&parent=11216"}],"curies":[{"name":"wp","href":"https:\/\/api.w.org\/{rel}","templated":true}]}}