{"id":11218,"date":"2025-04-07T19:30:18","date_gmt":"2025-04-07T17:30:18","guid":{"rendered":"https:\/\/topol.org.pl\/?page_id=11218"},"modified":"2025-08-23T14:25:32","modified_gmt":"2025-08-23T12:25:32","slug":"20-polacy-od-czasow-wincentego-kadlubka-nazywali-siebie-lechitami","status":"publish","type":"page","link":"https:\/\/topol.org.pl\/?page_id=11218","title":{"rendered":"&amp; 20 Polacy od czas\u00f3w Wincentego Kad\u0142ubka nazywali siebie Lechitami"},"content":{"rendered":"\n<p><strong>W dniu 27.12.2024 uzupe\u0142ni\u0142em Konstytucj\u0119 z 11.10.2023 r.<\/strong><\/p>\n\n\n\n<p>&amp; 20 Polacy od czas\u00f3w Wincentego Kad\u0142ubka nazywali siebie Lechitami, wierz\u0105c, \u017ce pochodz\u0105 od legendarnego Lecha<\/p>\n\n\n\n<p>Tw\u00f3rc\u0105 okre\u015blenia pa\u0144stwa polskiego mianem Rzeczypospolitej (res publica) by\u0142 Wincenty Kad\u0142ubek. Znaczenie terminu rzeczpospolita, jak r\u00f3wnie\u017c zwi\u0105zane z&nbsp;nim pogl\u0105dy na&nbsp;polityk\u0119, zaczerpn\u0105\u0142 Wincenty g\u0142\u00f3wnie z&nbsp;prac Cycerona. Przystosowuj\u0105c republika\u0144skie pogl\u0105dy rzymskiego pisarza do&nbsp;reali\u00f3w XII-wiecznych, twierdzi\u0142, \u017ce&nbsp;Polska nie&nbsp;jest w\u0142asno\u015bci\u0105 monarchy, lecz spo\u0142ecze\u0144stwa rz\u0105dz\u0105cego si\u0119 prawem stanowionym i&nbsp;wybieraj\u0105cego sobie w\u0142adc\u00f3w. Tak rozumiana Rzeczpospolita powinna si\u0119 sta\u0107 \u2013&nbsp;wed\u0142ug Kad\u0142ubka \u2013&nbsp;ojczyzn\u0105 (patria) ludzi wolnych, bronion\u0105 m\u0119stwem swych obywateli (cives) tworz\u0105cych jeden nar\u00f3d (identitas est mater societatis).Dla Wincentego starodawna wolno\u015b\u0107 Polak\u00f3w jest warto\u015bci\u0105 najwy\u017csz\u0105. Najwi\u0119kszym nikczemnikiem jest ten, kto nie&nbsp;\u017ca\u0142uje utraconej wolno\u015bci a&nbsp;najgorszym w\u0142adc\u0105 taki, kt\u00f3ry odbiera wolno\u015b\u0107 obywatelom Rzeczypospolitej.<br>(<a href=\"https:\/\/pl.wikipedia.org\/wiki\/Etymologia_nazwy_Polska\">Czecha brat lub druh imieniem Lech<\/a>, kt\u00f3ry przyszed\u0142 z nim,&nbsp;<a href=\"https:\/\/pl.wikipedia.org\/wiki\/Goworek_(szczyt)#\/media\/Plik:Goworek_mit.JPG\">przekroczy\u0142 o\u015bnie\u017cone g\u00f3ry<\/a>, kt\u00f3re oddzielaj\u0105 Czechy i Polsk\u0119. A kiedy ujrza\u0142 wielk\u0105 r\u00f3wnin\u0119, rozci\u0105gaj\u0105c\u0105 si\u0119 a\u017c do brzegu morza, osiedli\u0142 si\u0119 tam i zaludni\u0142 j\u0105 swoj\u0105 rodzin\u0105. Wa\u017cne jest, aby wiedzie\u0107, \u017ce w j\u0119zykach s\u0142owia\u0144skich terminem \u201ecampi plani\u201d [r\u00f3wninne pola] nazywa si\u0119 pola. I st\u0105d si\u0119 bierze imi\u0119 Polska, od p\u0142askiej r\u00f3wniny.)<br>Polacy od czas\u00f3w Wincentego Kad\u0142ubka nazywali siebie Lechitami, wierz\u0105c, \u017ce pochodz\u0105 od legendarnego Lecha \u0179r\u00f3d\u0142o: Wikipedia<\/p>\n\n\n\n<p>\u201eA&nbsp;gdy spogl\u0105daj\u0105c na&nbsp;Wasze zm\u0119czone oblicza, na&nbsp;Wasze r\u0119ce zgrubia\u0142e od&nbsp;twardej pracy, kt\u00f3ra niejednemu, nawet wrogowi, przysporzy\u0142a dostatku, gdy spogl\u0105daj\u0105c na&nbsp;Wasze skromne szaty, bogaci a&nbsp;pyszni, szcz\u0119\u015bliwi a&nbsp;zazdro\u015bni zapyta\u0107 Was mog\u0105 o&nbsp;Wasze prawa do&nbsp;tytu\u0142u, odpowiedzcie tylko, \u017ce\u015bcie Piast\u00f3w, Chrobrego, \u0141okietka potomstwo, \u017ce\u015bcie Zawisz\u00f3w, Warne\u0144czyk\u00f3w spadkobiercy, \u017ce\u015bcie Czarneckich, Sobieskich synowie, \u017ce\u015bcie D\u0105browskiego, Pu\u0142askiego, Ko\u015bciuszki dzieci. Odpowiedzcie hardo: \u017ce\u015bcie Polacy\u201d. 30 kwietnia 1915 roku w&nbsp;Chicago Jan Ignacy Paderewski \u0179r\u00f3d\u0142o: dorzeczy.pl<\/p>\n\n\n\n<p><\/p>\n","protected":false},"excerpt":{"rendered":"<p>W dniu 27.12.2024 uzupe\u0142ni\u0142em Konstytucj\u0119 z 11.10.2023 r. &amp; 20 Polacy od czas\u00f3w Wincentego Kad\u0142ubka nazywali siebie Lechitami, wierz\u0105c, \u017ce pochodz\u0105 od legendarnego Lecha Tw\u00f3rc\u0105 okre\u015blenia pa\u0144stwa polskiego mianem Rzeczypospolitej (res publica) by\u0142 Wincenty Kad\u0142ubek. Znaczenie terminu rzeczpospolita, jak r\u00f3wnie\u017c zwi\u0105zane z&nbsp;nim pogl\u0105dy na&nbsp;polityk\u0119, zaczerpn\u0105\u0142 Wincenty g\u0142\u00f3wnie z&nbsp;prac Cycerona. Przystosowuj\u0105c republika\u0144skie pogl\u0105dy rzymskiego pisarza do&nbsp;reali\u00f3w [&hellip;]<\/p>\n","protected":false},"author":1,"featured_media":0,"parent":47,"menu_order":21,"comment_status":"closed","ping_status":"closed","template":"","meta":{"footnotes":""},"class_list":["post-11218","page","type-page","status-publish","hentry"],"_links":{"self":[{"href":"https:\/\/topol.org.pl\/index.php?rest_route=\/wp\/v2\/pages\/11218","targetHints":{"allow":["GET"]}}],"collection":[{"href":"https:\/\/topol.org.pl\/index.php?rest_route=\/wp\/v2\/pages"}],"about":[{"href":"https:\/\/topol.org.pl\/index.php?rest_route=\/wp\/v2\/types\/page"}],"author":[{"embeddable":true,"href":"https:\/\/topol.org.pl\/index.php?rest_route=\/wp\/v2\/users\/1"}],"replies":[{"embeddable":true,"href":"https:\/\/topol.org.pl\/index.php?rest_route=%2Fwp%2Fv2%2Fcomments&post=11218"}],"version-history":[{"count":1,"href":"https:\/\/topol.org.pl\/index.php?rest_route=\/wp\/v2\/pages\/11218\/revisions"}],"predecessor-version":[{"id":11219,"href":"https:\/\/topol.org.pl\/index.php?rest_route=\/wp\/v2\/pages\/11218\/revisions\/11219"}],"up":[{"embeddable":true,"href":"https:\/\/topol.org.pl\/index.php?rest_route=\/wp\/v2\/pages\/47"}],"wp:attachment":[{"href":"https:\/\/topol.org.pl\/index.php?rest_route=%2Fwp%2Fv2%2Fmedia&parent=11218"}],"curies":[{"name":"wp","href":"https:\/\/api.w.org\/{rel}","templated":true}]}}