{"id":11220,"date":"2025-04-07T19:32:48","date_gmt":"2025-04-07T17:32:48","guid":{"rendered":"https:\/\/topol.org.pl\/?page_id=11220"},"modified":"2025-08-23T14:25:43","modified_gmt":"2025-08-23T12:25:43","slug":"11220-2","status":"publish","type":"page","link":"https:\/\/topol.org.pl\/?page_id=11220","title":{"rendered":"&amp; 21 Marsz Niepodleg\u0142o\u015bci"},"content":{"rendered":"\n<p>&amp; 21&nbsp;<strong>Dlaczego o tym m\u00f3wi\u0119 ? W miejscu dawnego placu Kazimierza Wielkiego powinno powsta\u0107 muzeum \u201eDom S\u0142owa Polskiego\u201d. Ostatnio jak tam by\u0142em sta\u0142 jeszcze fragment budynku. Dlaczego to jest wa\u017cne ? Poniewa\u017c \u0142\u0105czy nas j\u0119zyk. To stamt\u0105d powinien rusza\u0107 Marsz Niepodleg\u0142o\u015bci. Na&nbsp;<a href=\"https:\/\/pl.wikipedia.org\/wiki\/Plac_Zamkowy_w_Warszawie\">Plac Zamkowy<\/a>.<\/strong><\/p>\n\n\n\n<figure class=\"wp-block-image\"><img loading=\"lazy\" decoding=\"async\" width=\"1024\" height=\"623\" src=\"https:\/\/topol.org.pl\/wp-content\/uploads\/2024\/11\/Budowa-Domu-Slowa-Polskiego-w-Warszawie-1950-1024x623.jpg\" alt=\"\" class=\"wp-image-7123\" srcset=\"https:\/\/topol.org.pl\/wp-content\/uploads\/2024\/11\/Budowa-Domu-Slowa-Polskiego-w-Warszawie-1950-1024x623.jpg 1024w, https:\/\/topol.org.pl\/wp-content\/uploads\/2024\/11\/Budowa-Domu-Slowa-Polskiego-w-Warszawie-1950-300x183.jpg 300w, https:\/\/topol.org.pl\/wp-content\/uploads\/2024\/11\/Budowa-Domu-Slowa-Polskiego-w-Warszawie-1950-768x467.jpg 768w, https:\/\/topol.org.pl\/wp-content\/uploads\/2024\/11\/Budowa-Domu-Slowa-Polskiego-w-Warszawie-1950-1536x935.jpg 1536w, https:\/\/topol.org.pl\/wp-content\/uploads\/2024\/11\/Budowa-Domu-Slowa-Polskiego-w-Warszawie-1950-2048x1246.jpg 2048w\" sizes=\"auto, (max-width: 1024px) 100vw, 1024px\" \/><\/figure>\n\n\n\n<p>Zdj\u0119cie: Na wprost Domu S\u0142owa Polskiego by\u0142o moje boisko.<\/p>\n\n\n\n<p>Wyruszymy&nbsp;sprzed&nbsp;wej\u015bcia do muzeum znajduj\u0105cego si\u0119 na terenie placu Kazimierza Wielkiego nazwanego&nbsp;<strong>\u201eDom S\u0142owa Polskiego\u201d<\/strong>. Od strony ulicy Miedzianej 11, skr\u0119cimy w ulic\u0119 Pa\u0144sk\u0105, \u017belazn\u0105, Prost\u0105, \u015awi\u0119tokrzysk\u0105, Emilii Plater, Tward\u0105, Plac Grzybowski, Kr\u00f3lewsk\u0105, (tutaj skrzy\u017cowanie nazwiemy&nbsp;<strong><a href=\"https:\/\/pl.wikipedia.org\/wiki\/Roman_Dmowski\">Romana Dmowskiego<\/a><\/strong>) dalej Kr\u00f3lewsk\u0105 do Placu&nbsp;<a href=\"https:\/\/pl.wikipedia.org\/wiki\/J%C3%B3zef_Pi%C5%82sudski\"><strong>Marsza\u0142ka J\u00f3zefa Pi\u0142sudskiego<\/strong><\/a>, Wierzbow\u0105, Senatorsk\u0105, (tutaj skrzy\u017cowanie nazwiemy&nbsp;<a href=\"https:\/\/www.google.com\/search?q=Wincentego+Witosa&amp;oq=Wincentego+Witosa&amp;gs_lcrp=EgZjaHJvbWUyBggAEEUYOdIBCDEzMjlqMGo3qAIIsAIB&amp;sourceid=chrome&amp;ie=UTF-8\"><strong>Wincentego Witosa<\/strong><\/a>) Miodow\u0105 i skr\u0119cimy w stron\u0119 Zamku Kr\u00f3lewskiego. Oczywi\u015bcie na&nbsp;<a href=\"https:\/\/pl.wikipedia.org\/wiki\/Plac_marsz._J%C3%B3zefa_Pi%C5%82sudskiego_w_Warszawie\"><strong>placu Marsza\u0142ka<\/strong><\/a>&nbsp;wys\u0142uchamy Prezydenta Rzeczypospolitej. I&nbsp;<a href=\"https:\/\/pl.wikipedia.org\/wiki\/Marsz_Niepodleg%C5%82o%C5%9Bci\"><strong>organizatora Marszu Niepodleg\u0142o\u015bci<\/strong><\/a>.<\/p>\n\n\n\n<p><strong>To tre\u015b\u0107 Konstytucji z 11.10.2023 r.<\/strong>&nbsp;<strong>Wybory powszechne na Prezydenta to referendum, pozwalaj\u0105ce na takie zmiany.<\/strong>&nbsp;<strong>Tre\u015b\u0107 przysi\u0119gi\u2026<a href=\"https:\/\/topol.org.pl\/?page_id=47\">PREAMBU\u0141A<\/a><\/strong><\/p>\n\n\n\n<p>\u201eMiejcie nadziej\u0119, wytrwa\u0142o\u015b\u0107, odwag\u0119 i m\u00f3dlcie si\u0119, a ciemi\u0119\u017ccy wasi run\u0105 i Kr\u00f3lestwo Polskie powr\u00f3ci\u201d S\u0142owa Piusa IX* po 228 latach nabieraj\u0105 mocy.<br>Wojsko, zacz\u0119\u0142o wybiera\u0107 kr\u00f3l\u00f3w. Najwi\u0119ksz\u0105 w\u0142adz\u0119 w Kr\u00f3lestwie (<em>Corona Regni Poloniae<\/em>) ma w kolejno\u015bci Kr\u00f3l, Prezydent, Rz\u0105d i Sejm. Czw\u00f3rpodzia\u0142 w\u0142adzy. W bardzo wa\u017cnych sprawach decyduje Kr\u00f3l. Cywile nawet na najwy\u017cszym stanowisku w pa\u0144stwie nie odpowiadaj\u0105 za nic. Za bezpiecze\u0144stwo pa\u0144stwa odpowiada Kr\u00f3l, Wojsko Polskie i S\u0142u\u017cby. Jestem \u201eDux Poloniae\u201d od 09.02.2023 roku. W lipcu by\u0142em na \u0141ysej G\u00f3rze-<a href=\"https:\/\/pl.wikipedia.org\/wiki\/Krzy%C5%BC_Prawdziwy\">\u015awi\u0119ty Krzy\u017c<\/a>&nbsp;i z\u0142o\u017cy\u0142em przysi\u0119g\u0119 przed Bogiem i Krzy\u017cem Pana Jezusa. Zawo\u0142anie na powitanie w\u0142adcy Polski \u201eid\u017a, kr\u00f3lu\u201d po \u0142acinie \u201eGo wo rex\u201d<\/p>\n\n\n\n<p><\/p>\n","protected":false},"excerpt":{"rendered":"<p>&amp; 21&nbsp;Dlaczego o tym m\u00f3wi\u0119 ? W miejscu dawnego placu Kazimierza Wielkiego powinno powsta\u0107 muzeum \u201eDom S\u0142owa Polskiego\u201d. Ostatnio jak tam by\u0142em sta\u0142 jeszcze fragment budynku. Dlaczego to jest wa\u017cne ? Poniewa\u017c \u0142\u0105czy nas j\u0119zyk. To stamt\u0105d powinien rusza\u0107 Marsz Niepodleg\u0142o\u015bci. Na&nbsp;Plac Zamkowy. Zdj\u0119cie: Na wprost Domu S\u0142owa Polskiego by\u0142o moje boisko. Wyruszymy&nbsp;sprzed&nbsp;wej\u015bcia do muzeum [&hellip;]<\/p>\n","protected":false},"author":1,"featured_media":0,"parent":47,"menu_order":22,"comment_status":"closed","ping_status":"closed","template":"","meta":{"footnotes":""},"class_list":["post-11220","page","type-page","status-publish","hentry"],"_links":{"self":[{"href":"https:\/\/topol.org.pl\/index.php?rest_route=\/wp\/v2\/pages\/11220","targetHints":{"allow":["GET"]}}],"collection":[{"href":"https:\/\/topol.org.pl\/index.php?rest_route=\/wp\/v2\/pages"}],"about":[{"href":"https:\/\/topol.org.pl\/index.php?rest_route=\/wp\/v2\/types\/page"}],"author":[{"embeddable":true,"href":"https:\/\/topol.org.pl\/index.php?rest_route=\/wp\/v2\/users\/1"}],"replies":[{"embeddable":true,"href":"https:\/\/topol.org.pl\/index.php?rest_route=%2Fwp%2Fv2%2Fcomments&post=11220"}],"version-history":[{"count":2,"href":"https:\/\/topol.org.pl\/index.php?rest_route=\/wp\/v2\/pages\/11220\/revisions"}],"predecessor-version":[{"id":11222,"href":"https:\/\/topol.org.pl\/index.php?rest_route=\/wp\/v2\/pages\/11220\/revisions\/11222"}],"up":[{"embeddable":true,"href":"https:\/\/topol.org.pl\/index.php?rest_route=\/wp\/v2\/pages\/47"}],"wp:attachment":[{"href":"https:\/\/topol.org.pl\/index.php?rest_route=%2Fwp%2Fv2%2Fmedia&parent=11220"}],"curies":[{"name":"wp","href":"https:\/\/api.w.org\/{rel}","templated":true}]}}