{"id":11225,"date":"2025-04-07T19:36:58","date_gmt":"2025-04-07T17:36:58","guid":{"rendered":"https:\/\/topol.org.pl\/?page_id=11225"},"modified":"2025-08-23T14:25:53","modified_gmt":"2025-08-23T12:25:53","slug":"22-piatka-dla-zwierzat","status":"publish","type":"page","link":"https:\/\/topol.org.pl\/?page_id=11225","title":{"rendered":"&amp; 22 Pi\u0105tka dla zwierz\u0105t."},"content":{"rendered":"\n<p><strong>W dniu 04.01.2025 uzupe\u0142ni\u0142em Konstytucj\u0119 z 11.10.2023 r.<\/strong><\/p>\n\n\n\n<p>&amp; 22 Pi\u0105tka dla zwierz\u0105t.&nbsp;<strong>Napisz\u0119 pi\u0105tk\u0119 dla zwierz\u0105t.<\/strong><\/p>\n\n\n\n<ol class=\"wp-block-list\">\n<li><strong>Ten przedstawiciel rolnik\u00f3w nie powiedzia\u0142 ani s\u0142owa, \u017ce jedynym rozwi\u0105zaniem jest wyj\u015bcie z Unii Europejskiej. Tyle razy s\u0142ucha\u0142em bezcelowego m\u00f3wienia.<\/strong>\u00a0<strong>Ale by\u0142 dobrze przygotowany jak na rolnika, tylko nic nie wni\u00f3s\u0142.<\/strong>\u00a0<strong>Nic nie pomo\u017ce rolnictwu. Wprowadz\u0105 konkurencj\u0119 z Ukrainy i\u00a0<a href=\"https:\/\/pl.wikipedia.org\/wiki\/Mercosur\">Mercosur<\/a>.<\/strong>\u00a0<strong>Jakby to powiedzie\u0107.\u00a0<a href=\"https:\/\/youtu.be\/rDepc-pJaRM?t=156\">Mo\u017cemy sobie pobucze\u0107<\/a>. Damy rad\u0119.<\/strong>\u00a0<strong>Tak by powiedzia\u0142 Kmicic<\/strong>\u00a0<strong>pior\u0105c\u00a0<a href=\"https:\/\/pl.wikipedia.org\/wiki\/Czambu%C5%82\">Czambu\u0142<\/a>\u00a0<a href=\"https:\/\/www.youtube.com\/watch?v=w-rv1hfNoZk\"><\/a><a href=\"https:\/\/pl.wikipedia.org\/wiki\/Subchan_Gazi_aga\">Tatara<\/a>, w sagan na palenisku<\/strong>.\u00a0<strong>Dla niekt\u00f3rych Ojczyzna mo\u017ce le\u017ce\u0107 na Ukrainie.<\/strong>\u00a0<strong>Ja bym zbada\u0142 obce wp\u0142ywy.<\/strong><\/li>\n\n\n\n<li><strong>Przyw\u00f3dcy strajk\u00f3w i wiec\u00f3w s\u0105 cz\u0119sto podstawieni przez obce s\u0142u\u017cby. Dlatego zwracajmy na to uwag\u0119 co m\u00f3wi\u0105. Mo\u017ce niech m\u00f3wi\u0105 ludzie, kt\u00f3rzy nie maj\u0105 zbyt du\u017co do powiedzenia. Zwykli pasterze i rolnicy.<\/strong>\u00a0<strong>Drobni hodowcy kur, kaczek, kr\u00f3w, \u015bwi\u0144, owiec i baran\u00f3w.<\/strong>\u00a0<strong>Nieduzi plantatorzy burak\u00f3w, ziemniak\u00f3w, zbo\u017ca, warzyw i kapusty.<\/strong>\u00a0<strong>Rolnicy musz\u0105 by\u0107 \u015bwiadomi, \u017ce w ko\u0142o mamy German\u00f3w, Rosjan, Bia\u0142orusin\u00f3w, Litwin\u00f3w, Ukrai\u0144c\u00f3w, W\u0119gr\u00f3w, S\u0142owak\u00f3w, Czech\u00f3w,\u00a0Tatar\u00f3w, Amerykan\u00f3w, Chi\u0144czyk\u00f3w, Czeczen\u00f3w i Mercosur.<\/strong>\u00a0<strong>Ale to nie znaczy, \u017ceby bada\u0107 ich DNA.<\/strong>\u00a0<strong>Ka\u017cdy chce sprzedawa\u0107 do nas. Dlatego buduj\u0105 fabryki owad\u00f3w w Wielkopolsce.<\/strong>\u00a0<strong>I postawili\u00a0<a href=\"https:\/\/www.youtube.com\/watch?v=SG1jpBFMJtE\">p\u0142ot na granicy<\/a>\u00a0z Bia\u0142orusi\u0105.<\/strong>\u00a0<strong>\u017beby\u015bmy nie uciekli.<\/strong><\/li>\n\n\n\n<li><strong>Szykuj\u0105 dla nas nadzorc\u00f3w, dlatego pobudowali o\u015brodki dla uchod\u017ac\u00f3w. Dlatego uchod\u017ac\u00f3w, \u017ceby\u015bmy nie mogli si\u0119 porozumie\u0107. Maj\u0105 inn\u0105 religi\u0119 i kultur\u0119. Nic nas nie \u0142\u0105czy. B\u0119d\u0105 dla nas bezwzgl\u0119dni. To doskona\u0142y plan.<\/strong><\/li>\n\n\n\n<li><strong><a href=\"https:\/\/www.youtube.com\/watch?v=Ym3Ug8c9vTc\">\u0141owiectwo, to pradawna wolno\u015b\u0107.<\/a>\u00a0<a href=\"https:\/\/dorzeczy.pl\/kraj\/677141\/badania-dla-mysliwych-w-ko-tylko-kolodziejczak-glosowal-przeciw.html\">Nikt nie mo\u017ce nam tego odebra\u0107.<\/a>\u00a0My\u015bliwi to selekcjonerzy. Strzelaj\u0105 nie na o\u015blep tylko eliminuj\u0105 nadmiar zwierz\u0105t i osobniki chore. Czyli taka eutanazja dla chorych zwierz\u0105t.<\/strong><\/li>\n\n\n\n<li><strong>Psy na \u0142a\u0144cuchu, to zbrodnia na przyjacielu cz\u0142owieka. Kastracja ps\u00f3w i kot\u00f3w to zbrodnia na przyjacio\u0142ach cz\u0142owieka.\u00a0Zwierz\u0119ta ze schronisk b\u0119d\u0105 dotowane 1000 z\u0142 w przypadku\u00a0<a href=\"https:\/\/www.youtube.com\/watch?v=Hj7NsfOzY3Y\">adopcji<\/a>\u00a0i zwolnione z podatku od zwierz\u0105t. Schroniska zajm\u0105 si\u0119 dzia\u0142alno\u015bci\u0105 hotelarsk\u0105 dla ps\u00f3w i kot\u00f3w. B\u0119d\u0105 zwolnione z podatku od nieruchomo\u015bci.\u00a0Jak wykastrujemy zwierz\u0119ta to zostaniemy sami z robotami z Bostona.\u00a0Roboty b\u0119d\u0105 mia\u0142y funkcj\u0119 \u015bledzenia i eliminacji w czasie naszego buntu.<\/strong>\u00a0<strong>W mie\u015bcie psy powinni\u015bmy grzeba\u0107 w parkach na wsi w ogrodzie.<\/strong>\u00a0<strong>Przywr\u00f3cimy mo\u017cliwo\u015b\u0107 uboju zwierz\u0105t przez gospodarza. Jest najbardziej humanitarne (<a href=\"https:\/\/agroprofil.pl\/wiadomosci\/uboj-rytualny-co-to-jest-i-na-czym-polega\/\">Ub\u00f3j rytualny<\/a>). W tym wypadku to pradawna tradycja.<\/strong>\u00a0<strong>Hodowla futerkowa to utylizacja odpad\u00f3w zwierz\u0119cych. Trzeba zadba\u0107 o warunki hodowli i d\u0142ugo\u015b\u0107 \u017cycia zwierz\u0105t hodowlanych. Ub\u00f3j (eutanazja) dopiero na staro\u015b\u0107.<\/strong>\u00a0<strong>Wolny wybieg.<\/strong>\u00a0<strong>Czipowanie zwierz\u0105t to \u201ezbrodnia inwigilacji\u201d.<\/strong>\u00a0<strong>M\u00f3wienie ludzie i zwierz\u0119ta to obraza ludzi przez\u00a0<a href=\"https:\/\/sjp.pwn.pl\/sjp\/indywiduum;2561479.html\">indywidua<\/a>\u00a0powi\u0105zane z globalnym Davos.<\/strong><\/li>\n<\/ol>\n\n\n\n<p><\/p>\n","protected":false},"excerpt":{"rendered":"<p>W dniu 04.01.2025 uzupe\u0142ni\u0142em Konstytucj\u0119 z 11.10.2023 r. &amp; 22 Pi\u0105tka dla zwierz\u0105t.&nbsp;Napisz\u0119 pi\u0105tk\u0119 dla zwierz\u0105t.<\/p>\n","protected":false},"author":1,"featured_media":0,"parent":47,"menu_order":23,"comment_status":"closed","ping_status":"closed","template":"","meta":{"footnotes":""},"class_list":["post-11225","page","type-page","status-publish","hentry"],"_links":{"self":[{"href":"https:\/\/topol.org.pl\/index.php?rest_route=\/wp\/v2\/pages\/11225","targetHints":{"allow":["GET"]}}],"collection":[{"href":"https:\/\/topol.org.pl\/index.php?rest_route=\/wp\/v2\/pages"}],"about":[{"href":"https:\/\/topol.org.pl\/index.php?rest_route=\/wp\/v2\/types\/page"}],"author":[{"embeddable":true,"href":"https:\/\/topol.org.pl\/index.php?rest_route=\/wp\/v2\/users\/1"}],"replies":[{"embeddable":true,"href":"https:\/\/topol.org.pl\/index.php?rest_route=%2Fwp%2Fv2%2Fcomments&post=11225"}],"version-history":[{"count":1,"href":"https:\/\/topol.org.pl\/index.php?rest_route=\/wp\/v2\/pages\/11225\/revisions"}],"predecessor-version":[{"id":11226,"href":"https:\/\/topol.org.pl\/index.php?rest_route=\/wp\/v2\/pages\/11225\/revisions\/11226"}],"up":[{"embeddable":true,"href":"https:\/\/topol.org.pl\/index.php?rest_route=\/wp\/v2\/pages\/47"}],"wp:attachment":[{"href":"https:\/\/topol.org.pl\/index.php?rest_route=%2Fwp%2Fv2%2Fmedia&parent=11225"}],"curies":[{"name":"wp","href":"https:\/\/api.w.org\/{rel}","templated":true}]}}