{"id":11227,"date":"2025-04-07T19:39:37","date_gmt":"2025-04-07T17:39:37","guid":{"rendered":"https:\/\/topol.org.pl\/?page_id=11227"},"modified":"2025-08-23T14:26:04","modified_gmt":"2025-08-23T12:26:04","slug":"23-pochowek","status":"publish","type":"page","link":"https:\/\/topol.org.pl\/?page_id=11227","title":{"rendered":"&amp; 23. Poch\u00f3wek"},"content":{"rendered":"\n<p><strong>W dniu 05.01.2025 uzupe\u0142ni\u0142em Konstytucj\u0119 z 11.10.2023 r.<\/strong><\/p>\n\n\n\n<p>&amp; 23. Poch\u00f3wek<\/p>\n\n\n\n<p><strong>Dochodz\u0119 do wniosku, \u017ce potomni na Ziemiach Polski zobacz\u0105 mogi\u0142y i&nbsp;<a href=\"https:\/\/www.youtube.com\/watch?v=w-rv1hfNoZk\">pomniki Tatar\u00f3w<\/a>, \u017byd\u00f3w, wyznawc\u00f3w prawos\u0142awnych, sprowadzanych migrant\u00f3w wyznawc\u00f3w Mahometa. Ale gdzie Polacy, po lasach jaka\u015b mogi\u0142a zapomniana. Dlatego zabraniam usuwania pomnik\u00f3w na cmentarzach. B\u0119d\u0105 prochy spoczywa\u0107 w miejscu poch\u00f3wku do Ko\u0144ca \u015awiata.<\/strong><\/p>\n","protected":false},"excerpt":{"rendered":"<p>W dniu 05.01.2025 uzupe\u0142ni\u0142em Konstytucj\u0119 z 11.10.2023 r. &amp; 23. Poch\u00f3wek Dochodz\u0119 do wniosku, \u017ce potomni na Ziemiach Polski zobacz\u0105 mogi\u0142y i&nbsp;pomniki Tatar\u00f3w, \u017byd\u00f3w, wyznawc\u00f3w prawos\u0142awnych, sprowadzanych migrant\u00f3w wyznawc\u00f3w Mahometa. Ale gdzie Polacy, po lasach jaka\u015b mogi\u0142a zapomniana. Dlatego zabraniam usuwania pomnik\u00f3w na cmentarzach. B\u0119d\u0105 prochy spoczywa\u0107 w miejscu poch\u00f3wku do Ko\u0144ca \u015awiata.<\/p>\n","protected":false},"author":1,"featured_media":0,"parent":47,"menu_order":24,"comment_status":"closed","ping_status":"closed","template":"","meta":{"footnotes":""},"class_list":["post-11227","page","type-page","status-publish","hentry"],"_links":{"self":[{"href":"https:\/\/topol.org.pl\/index.php?rest_route=\/wp\/v2\/pages\/11227","targetHints":{"allow":["GET"]}}],"collection":[{"href":"https:\/\/topol.org.pl\/index.php?rest_route=\/wp\/v2\/pages"}],"about":[{"href":"https:\/\/topol.org.pl\/index.php?rest_route=\/wp\/v2\/types\/page"}],"author":[{"embeddable":true,"href":"https:\/\/topol.org.pl\/index.php?rest_route=\/wp\/v2\/users\/1"}],"replies":[{"embeddable":true,"href":"https:\/\/topol.org.pl\/index.php?rest_route=%2Fwp%2Fv2%2Fcomments&post=11227"}],"version-history":[{"count":2,"href":"https:\/\/topol.org.pl\/index.php?rest_route=\/wp\/v2\/pages\/11227\/revisions"}],"predecessor-version":[{"id":11229,"href":"https:\/\/topol.org.pl\/index.php?rest_route=\/wp\/v2\/pages\/11227\/revisions\/11229"}],"up":[{"embeddable":true,"href":"https:\/\/topol.org.pl\/index.php?rest_route=\/wp\/v2\/pages\/47"}],"wp:attachment":[{"href":"https:\/\/topol.org.pl\/index.php?rest_route=%2Fwp%2Fv2%2Fmedia&parent=11227"}],"curies":[{"name":"wp","href":"https:\/\/api.w.org\/{rel}","templated":true}]}}