{"id":11230,"date":"2025-04-07T19:44:08","date_gmt":"2025-04-07T17:44:08","guid":{"rendered":"https:\/\/topol.org.pl\/?page_id=11230"},"modified":"2025-08-23T14:26:13","modified_gmt":"2025-08-23T12:26:13","slug":"24-dzisiaj-rozpoczyna-sie-akcja-jestem-ostatnim-polakiem","status":"publish","type":"page","link":"https:\/\/topol.org.pl\/?page_id=11230","title":{"rendered":"&amp; 24. Dzisiaj rozpoczyna si\u0119 akcja \u201ejestem ostatnim Polakiem\u201e."},"content":{"rendered":"\n<p>&amp; 24. Dzisiaj rozpoczyna si\u0119 akcja \u201e<strong><a href=\"https:\/\/topol.org.pl\/?page_id=5983\">jestem ostatnim Polakiem<\/a><\/strong>\u201e.<\/p>\n\n\n\n<p>Wszyscy propagatorzy wojenni zostan\u0105 bezwzgl\u0119dnie ukarani. Zostanie rozliczona pandemia. Zweryfikuj\u0119 ludzi pod k\u0105tem sprzyjania obcym interesom: ameryka\u0144skim, rosyjskim, ukrai\u0144skim, bia\u0142oruskim, izraelskim, niemieckim, angielskim. Ci ludzie zostan\u0105 pozbawieni wszelkich funkcji w pa\u0144stwie. W\u0142a\u015bciwie na oko jest ich ca\u0142e multum. Chyba ca\u0142y Sejm. I du\u017co wojskowych. Zweryfikuj\u0119 ich samodzielnie. Wojsko NATO i ameryka\u0144skie zostanie wycofane za Odr\u0119. B\u0119dzie pilnowa\u0142o Niemc\u00f3w. Ludzie zostan\u0105 przeszkoleni i uzbrojeni. Kto b\u0119dzie chcia\u0142,&nbsp;<a href=\"https:\/\/www.youtube.com\/watch?v=7ysETKwPSKo\">b\u0119dzie m\u00f3g\u0142 mie\u0107 bro\u0144<\/a>. M\u0142odzie\u017c b\u0119dzie nauczana w szkole w duchu patriotycznym i Polskim. Postawimy na uzbrojenie z Polskich Zak\u0142ad\u00f3w Zbrojeniowych. Dyplomacj\u0105 zajm\u0119 si\u0119 osobi\u015bcie.<\/p>\n","protected":false},"excerpt":{"rendered":"<p>&amp; 24. Dzisiaj rozpoczyna si\u0119 akcja \u201ejestem ostatnim Polakiem\u201e. Wszyscy propagatorzy wojenni zostan\u0105 bezwzgl\u0119dnie ukarani. Zostanie rozliczona pandemia. Zweryfikuj\u0119 ludzi pod k\u0105tem sprzyjania obcym interesom: ameryka\u0144skim, rosyjskim, ukrai\u0144skim, bia\u0142oruskim, izraelskim, niemieckim, angielskim. Ci ludzie zostan\u0105 pozbawieni wszelkich funkcji w pa\u0144stwie. W\u0142a\u015bciwie na oko jest ich ca\u0142e multum. Chyba ca\u0142y Sejm. I du\u017co wojskowych. Zweryfikuj\u0119 ich [&hellip;]<\/p>\n","protected":false},"author":1,"featured_media":0,"parent":47,"menu_order":25,"comment_status":"closed","ping_status":"closed","template":"","meta":{"footnotes":""},"class_list":["post-11230","page","type-page","status-publish","hentry"],"_links":{"self":[{"href":"https:\/\/topol.org.pl\/index.php?rest_route=\/wp\/v2\/pages\/11230","targetHints":{"allow":["GET"]}}],"collection":[{"href":"https:\/\/topol.org.pl\/index.php?rest_route=\/wp\/v2\/pages"}],"about":[{"href":"https:\/\/topol.org.pl\/index.php?rest_route=\/wp\/v2\/types\/page"}],"author":[{"embeddable":true,"href":"https:\/\/topol.org.pl\/index.php?rest_route=\/wp\/v2\/users\/1"}],"replies":[{"embeddable":true,"href":"https:\/\/topol.org.pl\/index.php?rest_route=%2Fwp%2Fv2%2Fcomments&post=11230"}],"version-history":[{"count":1,"href":"https:\/\/topol.org.pl\/index.php?rest_route=\/wp\/v2\/pages\/11230\/revisions"}],"predecessor-version":[{"id":11231,"href":"https:\/\/topol.org.pl\/index.php?rest_route=\/wp\/v2\/pages\/11230\/revisions\/11231"}],"up":[{"embeddable":true,"href":"https:\/\/topol.org.pl\/index.php?rest_route=\/wp\/v2\/pages\/47"}],"wp:attachment":[{"href":"https:\/\/topol.org.pl\/index.php?rest_route=%2Fwp%2Fv2%2Fmedia&parent=11230"}],"curies":[{"name":"wp","href":"https:\/\/api.w.org\/{rel}","templated":true}]}}