{"id":11232,"date":"2025-04-07T19:47:33","date_gmt":"2025-04-07T17:47:33","guid":{"rendered":"https:\/\/topol.org.pl\/?page_id=11232"},"modified":"2025-08-23T14:26:22","modified_gmt":"2025-08-23T12:26:22","slug":"25-strach-przed-dzuma-i-cholera","status":"publish","type":"page","link":"https:\/\/topol.org.pl\/?page_id=11232","title":{"rendered":"&amp; 25.\u00a0Strach przed d\u017cum\u0105 i choler\u0105"},"content":{"rendered":"\n<p>&amp; 25.&nbsp;<a href=\"https:\/\/topol.org.pl\/?page_id=6981\">Strach przed d\u017cum\u0105 i choler\u0105<\/a><\/p>\n\n\n\n<p>Bardziej obawiam si\u0119 wybor\u00f3w w Polsce. \u201eSymfonia strun\u201d dopada ca\u0142\u0105 scen\u0119 polityczn\u0105.<\/p>\n\n\n\n<p><strong>Oni lec\u0105 na Marsa i my\u015bl\u0105 co b\u0119dzie za 5 000 000 000 lat a ja ci\u0105gle o historii.<\/strong><\/p>\n\n\n\n<p>Je\u015bli przebrniemy ca\u0142y etap Zielonego \u0141adu i zagospodarujemy ca\u0142\u0105 energi\u0119 planety, \u017ceby \u017cy\u0107 bezstresowo, przejdziemy do cywilizacji nr. 1. W cywilizacji typu 1 b\u0119dziemy walczyli mi\u0119dzy sob\u0105 w jednym uk\u0142adzie znanych nam planet. W cywilizacji 2 b\u0119dziemy zwalczali si\u0119 nawzajem przy pomocy czarnej dziury. W cywilizacji 3 zniszczymy przy pomocy&nbsp;<a href=\"https:\/\/www.google.com\/search?q=energii+Planka&amp;oq=energii+Planka&amp;gs_lcrp=EgZjaHJvbWUyBggAEEUYOdIBCTI2NDhqMGoxNagCCLACAQ&amp;sourceid=chrome&amp;ie=UTF-8\">energii Planka<\/a>&nbsp;ca\u0142y wszech\u015bwiat. Tak zmieniony cz\u0142owiek nie b\u0119dzie cz\u0142owiekiem tylko sztuczn\u0105 inteligencj\u0105. Ja martwi\u0119 si\u0119 o&nbsp;Z\u0142oto Scyt\u00f3w,&nbsp;francusko-w\u0142oski i kazachski zesp\u00f3\u0142 naukowy obrabowa\u0142 grobowiec kurhanowy w Kazachstanie. Zbezcze\u015bcili staro\u017cytny grobowiec kurhanowy. W tym samym miejscu powinni utworzy\u0107 muzeum dla potomnych.<\/p>\n\n\n\n<p><strong>Pomys\u0142 po\u0142\u0105czenia dw\u00f3ch narod\u00f3w Polski i Ukrainy doprowadzi do wojny.<\/strong>&nbsp;<strong>Przej\u0119cia Polski przez Ukrain\u0119 i zaj\u0119cie Ziem Zachodnich przez Niemcy.<\/strong><\/p>\n\n\n\n<p><strong>Nie chcemy mie\u0107 z planami mocarstw w stosunku do Polski nic wsp\u00f3lnego.<\/strong><\/p>\n\n\n\n<p>W 1945 roku Polska wr\u00f3ci\u0142a na swoje, czyli na ziemie Piast\u00f3w. Tego si\u0119 trzymajmy.<\/p>\n\n\n\n<figure class=\"wp-block-image\"><img loading=\"lazy\" decoding=\"async\" width=\"840\" height=\"753\" src=\"https:\/\/topol.org.pl\/wp-content\/uploads\/2025\/01\/image.png\" alt=\"\" class=\"wp-image-8388\" srcset=\"https:\/\/topol.org.pl\/wp-content\/uploads\/2025\/01\/image.png 840w, https:\/\/topol.org.pl\/wp-content\/uploads\/2025\/01\/image-300x269.png 300w, https:\/\/topol.org.pl\/wp-content\/uploads\/2025\/01\/image-768x688.png 768w\" sizes=\"auto, (max-width: 840px) 100vw, 840px\" \/><\/figure>\n\n\n\n<p><strong>Niemcy spycha\u0142y Piast\u00f3w na wsch\u00f3d. Popchni\u0119cie przez mocarstwa zachodnie do pomocy Ukrainie lub pilnowania jej granic wepchnie nas do wojny. Na to czekaj\u0105 Niemcy. Zajm\u0105 Ziemie Zachodnie. Wm\u00f3wi\u0105, \u017ce chodzi nam o&nbsp;<a href=\"https:\/\/wsjp.pl\/haslo\/podglad\/28959\/restytucja\/5183456\/rewindykacja\">restytucj\u0119<\/a>&nbsp;ziem Polski z 1772 roku i z czas\u00f3w 2RP. Konfederacja<\/strong>&nbsp;(Konfederacja&nbsp;jest zwi\u0105zkiem niezale\u017cnych pa\u0144stw, w kt\u00f3rym ka\u017cde z nich zachowuje swoj\u0105 suwerenno\u015b\u0107 i jest na r\u00f3wnej pozycji.&nbsp;Federacja&nbsp;jest zwi\u0105zkiem, w kt\u00f3rym Pa\u0144stwa Cz\u0142onkowskie podporz\u0105dkowuj\u0105 si\u0119 zwierzchniej w\u0142adzy federalnej, zachowuj\u0105c pewne uprawnienia)&nbsp;<strong>z Rosj\u0105 (Kr\u00f3lewiec zwany Kaliningrad), Litw\u0105, Bia\u0142orusi\u0105 i Ukrain\u0105 mo\u017ce mie\u0107 tylko wymiar zwi\u0105zku suwerennych i niepodleg\u0142ych Pa\u0144stw. Dlatego sprzeciwiam si\u0119 rozbrajaniu Ukrai\u0144c\u00f3w i stacjonowaniu obcych wojsk na ich terytorium. Zamro\u017cenie konfliktu, mo\u017ce si\u0119 odby\u0107 bez udzia\u0142u mocarstw zachodnich. Z korzy\u015bci\u0105 dla zainteresowanych stron. Powinni\u015bmy ubiec mocarstwa zachodnie przed ich zakusami podporz\u0105dkowania narod\u00f3w pod ich interesy globalne. Plan pokojowy napisa\u0142em na stronie.<\/strong>&nbsp;<a href=\"https:\/\/topol.org.pl\/?page_id=4030\"><strong>Konferencja pokojowa w Szwajcarii.<\/strong><\/a>&nbsp;Polska&nbsp;<strong><a href=\"https:\/\/topol.org.pl\/?page_id=4512\">Pa\u0144stwo Z\u0142otego \u015arodka.<\/a><\/strong><\/p>\n\n\n\n<p><strong>sprzeciwiam si\u0119 rozbrajaniu Ukrai\u0144c\u00f3w i stacjonowaniu obcych wojsk na ich terytorium<\/strong><\/p>\n\n\n\n<p><strong>Nie powinni\u015bmy uczestniczy\u0107 w misji w Iraku i Afganistanie. W misji na Ukrainie r\u00f3wnie\u017c.<\/strong>&nbsp;<strong>Dlatego ten Pan nie powinien by\u0107 Prezydentem Polski.<\/strong><\/p>\n\n\n\n<p><strong>Wojsko ukrai\u0144skie spod Kurska, powinno zaprzesta\u0107 walk i powr\u00f3ci\u0107 do domu.<\/strong><\/p>\n\n\n\n<p><strong>Do Konfederacji do\u0142\u0105czy r\u00f3wnie\u017c<\/strong>&nbsp;*\u201d<strong><a href=\"https:\/\/topol.org.pl\/?page_id=4036\">S\u0142owia\u0144ska Scytia Kr\u00f3lewska zwana Ru\u015b Krymska<\/a><\/strong>\u201e<\/p>\n\n\n\n<p><strong>Pomys\u0142 po\u0142\u0105czenia dw\u00f3ch narod\u00f3w Polski i Ukrainy doprowadzi do wojny.<\/strong>&nbsp;<strong>Przej\u0119cia Polski przez Ukrain\u0119 i zaj\u0119cie Ziem Zachodnich przez Niemcy. Ten plan jest&nbsp;absolutnie, absolutnie i jeszcze raz absolutnie&nbsp;wykluczony.&nbsp;My mamy swoj\u0105 Polsk\u0119 a oni swoj\u0105 Ukrain\u0119.<\/strong>&nbsp;<strong>Przed rozbiorami w XVIII w. mieli\u015bmy wsp\u00f3lnego w\u0142adc\u0119. \u201eDux Poloniae\u201d<\/strong>.&nbsp;<strong>Musz\u0105 by\u0107 osobne Parlamenty, Prezydenci i Rz\u0105dy<a href=\"https:\/\/historia.dorzeczy.pl\/historia-wspolczesna\/658810\/pomaranczowa-rewolucja-ostatnia-chwila-na-demokratyzacje-ukrainy.html\">.<\/a><\/strong><\/p>\n\n\n\n<p>\u017bo\u0142nierze ukrai\u0144scy walcz\u0105cy na froncie,&nbsp;<strong>maj\u0105 stanowi\u0107 do\u017cywotnio si\u0142\u0119 chroni\u0105c\u0105 Ukrain\u0119, przed zakusami dalszego podboju<\/strong>. Linia frontu ma si\u0119 zatrzyma\u0107 i&nbsp;<strong>zachowa\u0107 mo\u017cliwo\u015b\u0107 funkcjonowania pa\u0144stwa<\/strong>. Strategiczne&nbsp;<strong>z\u0142o\u017ca na Ukrainie<\/strong>&nbsp;i z\u0142o\u017ca domy\u015blne kt\u00f3re tam s\u0105, stanowi\u0105 o mo\u017cliwo\u015bci funkcjonowania i odbudowy pa\u0144stwa.&nbsp;<strong>Obce wojsko nie mo\u017ce<\/strong>&nbsp;stacjonowa\u0107 na terytorium Ukrainy. Obywatele Ukrainy z chwil\u0105 zako\u0144czenia konfliktu&nbsp;<strong>powinni powr\u00f3ci\u0107<\/strong>&nbsp;do swojego kraju i&nbsp;<strong>uczestniczy\u0107 w odbudowie<\/strong>. Pa\u0144stwo Ukrai\u0144skie powinno by\u0107&nbsp;<strong>suwerenne i niepodleg\u0142e<\/strong>. Obce&nbsp;<strong>wp\u0142ywy powinny by\u0107 wycofane a zakusy imperialne pohamowane<\/strong>. Zar\u00f3wno&nbsp;<strong>zach\u00f3d jak i wsch\u00f3d nie maj\u0105 prawa do ziem Ukrainy<\/strong>. Wszelkie roszczenia za pomoc Ukrainie s\u0105 niezasadne, poniewa\u017c do\u015b\u0107 si\u0119&nbsp;<strong>wykrwawili<\/strong>. Maj\u0105 zasoby mineralne,&nbsp;<strong>sami sobie poradz\u0105<\/strong>&nbsp;i sfinansuj\u0105 odbudow\u0119 ze swoich \u015brodk\u00f3w. Tylko\u2026 \u017ceby ich&nbsp;<strong>nie drenowa\u0107 chciwo\u015bci\u0105<\/strong>.<\/p>\n\n\n\n<p><strong>\u015aci\u0105ganie NATO na swoje terytorium to wieczne zagro\u017cenie konfliktem. Niekontrolowane zad\u0142u\u017canie na zakup uzbrojenia w zachodnich koncernach. D\u0105\u017cenie do cz\u0142onkostwa w Unii te\u017c same straty. Chyba, \u017ce niepodleg\u0142o\u015b\u0107 i niezale\u017cno\u015b\u0107 nie jest wa\u017cna. Utrata suwerenno\u015bci, w\u0142asnej waluty obrona ca\u0142ej Unii na swoim terytorium. To wieczna wojna i zniszczenie. Tylko samodzielna obrona bez obcych struktur na swoim terytorium.<\/strong><\/p>\n\n\n\n<p>S\u0142owianie i Ru\u015b&nbsp;maj\u0105 to\u017csamo\u015b\u0107 s\u0142owia\u0144sk\u0105 i dlatego koncepcja Rosji nie jest&nbsp;etnocentryczna czyli azjatycka.<\/p>\n\n\n\n<p>Kultury powinny zachowa\u0107 swoj\u0105 odr\u0119bno\u015b\u0107 religijn\u0105 i \u015bwiatopogl\u0105dow\u0105.&nbsp;<a href=\"https:\/\/topol.org.pl\/?page_id=192\">S\u0142owianie i Ru\u015b nale\u017c\u0105 do tej cz\u0119\u015bci Europy.<\/a><\/p>\n\n\n\n<p><\/p>\n","protected":false},"excerpt":{"rendered":"<p>&amp; 25.&nbsp;Strach przed d\u017cum\u0105 i choler\u0105 Bardziej obawiam si\u0119 wybor\u00f3w w Polsce. \u201eSymfonia strun\u201d dopada ca\u0142\u0105 scen\u0119 polityczn\u0105. Oni lec\u0105 na Marsa i my\u015bl\u0105 co b\u0119dzie za 5 000 000 000 lat a ja ci\u0105gle o historii. Je\u015bli przebrniemy ca\u0142y etap Zielonego \u0141adu i zagospodarujemy ca\u0142\u0105 energi\u0119 planety, \u017ceby \u017cy\u0107 bezstresowo, przejdziemy do cywilizacji nr. [&hellip;]<\/p>\n","protected":false},"author":1,"featured_media":0,"parent":47,"menu_order":26,"comment_status":"closed","ping_status":"closed","template":"","meta":{"footnotes":""},"class_list":["post-11232","page","type-page","status-publish","hentry"],"_links":{"self":[{"href":"https:\/\/topol.org.pl\/index.php?rest_route=\/wp\/v2\/pages\/11232","targetHints":{"allow":["GET"]}}],"collection":[{"href":"https:\/\/topol.org.pl\/index.php?rest_route=\/wp\/v2\/pages"}],"about":[{"href":"https:\/\/topol.org.pl\/index.php?rest_route=\/wp\/v2\/types\/page"}],"author":[{"embeddable":true,"href":"https:\/\/topol.org.pl\/index.php?rest_route=\/wp\/v2\/users\/1"}],"replies":[{"embeddable":true,"href":"https:\/\/topol.org.pl\/index.php?rest_route=%2Fwp%2Fv2%2Fcomments&post=11232"}],"version-history":[{"count":1,"href":"https:\/\/topol.org.pl\/index.php?rest_route=\/wp\/v2\/pages\/11232\/revisions"}],"predecessor-version":[{"id":11233,"href":"https:\/\/topol.org.pl\/index.php?rest_route=\/wp\/v2\/pages\/11232\/revisions\/11233"}],"up":[{"embeddable":true,"href":"https:\/\/topol.org.pl\/index.php?rest_route=\/wp\/v2\/pages\/47"}],"wp:attachment":[{"href":"https:\/\/topol.org.pl\/index.php?rest_route=%2Fwp%2Fv2%2Fmedia&parent=11232"}],"curies":[{"name":"wp","href":"https:\/\/api.w.org\/{rel}","templated":true}]}}