{"id":11234,"date":"2025-04-07T19:50:36","date_gmt":"2025-04-07T17:50:36","guid":{"rendered":"https:\/\/topol.org.pl\/?page_id=11234"},"modified":"2025-08-23T14:26:33","modified_gmt":"2025-08-23T12:26:33","slug":"26-mtk","status":"publish","type":"page","link":"https:\/\/topol.org.pl\/?page_id=11234","title":{"rendered":"&amp; 26\u00a0MTK"},"content":{"rendered":"\n<p><strong>W dniu 14.01.2025 uzupe\u0142ni\u0142em Konstytucj\u0119 z 11.10.2023 r.<\/strong><\/p>\n\n\n\n<p>&amp; 26&nbsp;<a href=\"https:\/\/topol.org.pl\/?page_id=3333\">MTK<\/a><\/p>\n\n\n\n<p><em><a href=\"https:\/\/pl.wikipedia.org\/wiki\/Mi%C4%99dzynarodowy_Trybuna%C5%82_Karny\">Mi\u0119dzynarodowy Trybuna\u0142 Karny<\/a><\/em>&nbsp;ogranicza wyrokiem mo\u017cliwo\u015b\u0107 negocjacji i zako\u0144czenie konfliktu. Ka\u017cda ze stron konfliktu ma swoje racje, trzeba znale\u017a\u0107 kompromis.<\/p>\n\n\n\n<p>Nie przyst\u0105pi\u0119 do MTK.<\/p>\n\n\n\n<p><\/p>\n","protected":false},"excerpt":{"rendered":"<p>W dniu 14.01.2025 uzupe\u0142ni\u0142em Konstytucj\u0119 z 11.10.2023 r. &amp; 26&nbsp;MTK Mi\u0119dzynarodowy Trybuna\u0142 Karny&nbsp;ogranicza wyrokiem mo\u017cliwo\u015b\u0107 negocjacji i zako\u0144czenie konfliktu. Ka\u017cda ze stron konfliktu ma swoje racje, trzeba znale\u017a\u0107 kompromis. Nie przyst\u0105pi\u0119 do MTK.<\/p>\n","protected":false},"author":1,"featured_media":0,"parent":47,"menu_order":27,"comment_status":"closed","ping_status":"closed","template":"","meta":{"footnotes":""},"class_list":["post-11234","page","type-page","status-publish","hentry"],"_links":{"self":[{"href":"https:\/\/topol.org.pl\/index.php?rest_route=\/wp\/v2\/pages\/11234","targetHints":{"allow":["GET"]}}],"collection":[{"href":"https:\/\/topol.org.pl\/index.php?rest_route=\/wp\/v2\/pages"}],"about":[{"href":"https:\/\/topol.org.pl\/index.php?rest_route=\/wp\/v2\/types\/page"}],"author":[{"embeddable":true,"href":"https:\/\/topol.org.pl\/index.php?rest_route=\/wp\/v2\/users\/1"}],"replies":[{"embeddable":true,"href":"https:\/\/topol.org.pl\/index.php?rest_route=%2Fwp%2Fv2%2Fcomments&post=11234"}],"version-history":[{"count":2,"href":"https:\/\/topol.org.pl\/index.php?rest_route=\/wp\/v2\/pages\/11234\/revisions"}],"predecessor-version":[{"id":11236,"href":"https:\/\/topol.org.pl\/index.php?rest_route=\/wp\/v2\/pages\/11234\/revisions\/11236"}],"up":[{"embeddable":true,"href":"https:\/\/topol.org.pl\/index.php?rest_route=\/wp\/v2\/pages\/47"}],"wp:attachment":[{"href":"https:\/\/topol.org.pl\/index.php?rest_route=%2Fwp%2Fv2%2Fmedia&parent=11234"}],"curies":[{"name":"wp","href":"https:\/\/api.w.org\/{rel}","templated":true}]}}