{"id":11243,"date":"2025-04-07T20:01:48","date_gmt":"2025-04-07T18:01:48","guid":{"rendered":"https:\/\/topol.org.pl\/?page_id=11243"},"modified":"2025-08-23T14:27:01","modified_gmt":"2025-08-23T12:27:01","slug":"29-rozwoj-iq","status":"publish","type":"page","link":"https:\/\/topol.org.pl\/?page_id=11243","title":{"rendered":"&amp; 29\u00a0Rozw\u00f3j IQ"},"content":{"rendered":"\n<p>&amp; 29&nbsp;<strong>Rozw\u00f3j IQ<\/strong><\/p>\n\n\n\n<p><strong>Przeczyta\u0142em w gazecie, \u017ce nasz g\u0142\u00f3wny sojusznik USA, wprowadzi\u0142 embargo na&nbsp;<a href=\"https:\/\/www.google.com\/search?q=czipy&amp;oq=czipy&amp;gs_lcrp=EgZjaHJvbWUyBggAEEUYOdIBCjIxNDA2ajBqMTWoAgCwAgA&amp;sourceid=chrome&amp;ie=UTF-8\">czipy<\/a>&nbsp;dla Polski. Ja si\u0119 ucieszy\u0142em, nie pobuduj\u0105 fabryki w Polsce. Uznali, \u017ce nie s\u0105 nam potrzebne. To \u015bwiadczy dobrze o naszym IQ. Nie potrzebujemy rozwoju sztucznej inteligencji. Zadbamy o nasz\u0105. Podobno cz\u0142owiek wykorzystuje tylko nieznacznie sw\u00f3j m\u00f3zg. Szczeg\u00f3lnie jest to widoczne w tych czasach. Dlatego stawiam na rozw\u00f3j&nbsp;<a href=\"https:\/\/pl.wikipedia.org\/wiki\/Iloraz_inteligencji\">IQ w\u015br\u00f3d Polak\u00f3w<\/a>. B\u0119d\u0119 zamieszcza\u0142 wskaz\u00f3wki jak zbudujemy&nbsp;<a href=\"https:\/\/pl.wikipedia.org\/wiki\/Komputer_kwantowy\">komputer kwantowy<\/a>, wykorzystuj\u0105c \u0142\u0105czno\u015b\u0107 bezprzewodow\u0105 m\u00f3zg\u2026m\u00f3zg\u2026<\/strong><\/p>\n\n\n\n<ol class=\"wp-block-list\">\n<li>\u201eInteligencja opiera si\u0119 na \u015bwiadomo\u015bci\u201d<\/li>\n\n\n\n<li>\u201eFizyka zwi\u0105zana ze \u015bwiadomym my\u015bleniem nie mo\u017ce by\u0107 obliczalna\u201d<\/li>\n<\/ol>\n\n\n\n<p><a href=\"https:\/\/www.youtube.com\/watch?v=0GwVqOBErDg\">Roger Penrose (Nobel 2020)<\/a><\/p>\n\n\n\n<p><a href=\"https:\/\/pl.wikipedia.org\/wiki\/Test_Turinga\">Test Turinga<\/a>&nbsp;\u0179r\u00f3d\u0142o: Wikipedia<\/p>\n\n\n\n<p><strong>\u017beby wykluczy\u0107 g\u0142upie wypadki z pojazdami autonomicznymi, trzeba wyeliminowa\u0107 ludzkich u\u017cytkownik\u00f3w i dopu\u015bci\u0107 tylko pojazdy autonomiczne. Ale to te\u017c g\u0142upi wypadek. Dlatego sztuczna inteligencja nie ma uzasadnienia.<\/strong>&nbsp;<strong>Stawiam na<\/strong>&nbsp;<strong>Rozw\u00f3j IQ<\/strong>.<\/p>\n","protected":false},"excerpt":{"rendered":"<p>&amp; 29&nbsp;Rozw\u00f3j IQ Przeczyta\u0142em w gazecie, \u017ce nasz g\u0142\u00f3wny sojusznik USA, wprowadzi\u0142 embargo na&nbsp;czipy&nbsp;dla Polski. Ja si\u0119 ucieszy\u0142em, nie pobuduj\u0105 fabryki w Polsce. Uznali, \u017ce nie s\u0105 nam potrzebne. To \u015bwiadczy dobrze o naszym IQ. Nie potrzebujemy rozwoju sztucznej inteligencji. Zadbamy o nasz\u0105. Podobno cz\u0142owiek wykorzystuje tylko nieznacznie sw\u00f3j m\u00f3zg. Szczeg\u00f3lnie jest to widoczne w [&hellip;]<\/p>\n","protected":false},"author":1,"featured_media":0,"parent":47,"menu_order":30,"comment_status":"closed","ping_status":"closed","template":"","meta":{"footnotes":""},"class_list":["post-11243","page","type-page","status-publish","hentry"],"_links":{"self":[{"href":"https:\/\/topol.org.pl\/index.php?rest_route=\/wp\/v2\/pages\/11243","targetHints":{"allow":["GET"]}}],"collection":[{"href":"https:\/\/topol.org.pl\/index.php?rest_route=\/wp\/v2\/pages"}],"about":[{"href":"https:\/\/topol.org.pl\/index.php?rest_route=\/wp\/v2\/types\/page"}],"author":[{"embeddable":true,"href":"https:\/\/topol.org.pl\/index.php?rest_route=\/wp\/v2\/users\/1"}],"replies":[{"embeddable":true,"href":"https:\/\/topol.org.pl\/index.php?rest_route=%2Fwp%2Fv2%2Fcomments&post=11243"}],"version-history":[{"count":3,"href":"https:\/\/topol.org.pl\/index.php?rest_route=\/wp\/v2\/pages\/11243\/revisions"}],"predecessor-version":[{"id":11675,"href":"https:\/\/topol.org.pl\/index.php?rest_route=\/wp\/v2\/pages\/11243\/revisions\/11675"}],"up":[{"embeddable":true,"href":"https:\/\/topol.org.pl\/index.php?rest_route=\/wp\/v2\/pages\/47"}],"wp:attachment":[{"href":"https:\/\/topol.org.pl\/index.php?rest_route=%2Fwp%2Fv2%2Fmedia&parent=11243"}],"curies":[{"name":"wp","href":"https:\/\/api.w.org\/{rel}","templated":true}]}}