{"id":11245,"date":"2025-04-07T20:04:16","date_gmt":"2025-04-07T18:04:16","guid":{"rendered":"https:\/\/topol.org.pl\/?page_id=11245"},"modified":"2025-08-23T14:27:11","modified_gmt":"2025-08-23T12:27:11","slug":"30-jak-wyksztalceni-ludzie-wytlumacza-co-zrobili","status":"publish","type":"page","link":"https:\/\/topol.org.pl\/?page_id=11245","title":{"rendered":"&amp; 30 Jak wykszta\u0142ceni ludzie wyt\u0142umacz\u0105 co zrobili?"},"content":{"rendered":"\n<p>&amp; 30 Jak wykszta\u0142ceni ludzie wyt\u0142umacz\u0105 co zrobili? To mo\u017cna rozwi\u0105za\u0107 wprowadzaj\u0105c Rz\u0105dy \u201eDux Poloniae\u201d Ci co chc\u0105 swojej naprawy musz\u0105 z\u0142o\u017cy\u0107 przysi\u0119g\u0119.<br>PREAMBU\u0141A<\/p>\n\n\n\n<p>\u201eMiejcie nadziej\u0119, wytrwa\u0142o\u015b\u0107, odwag\u0119 i m\u00f3dlcie si\u0119, a ciemi\u0119\u017ccy wasi run\u0105 i Kr\u00f3lestwo Polskie powr\u00f3ci\u201d S\u0142owa Piusa IX* po 228 latach nabieraj\u0105 mocy.<br>Wojsko, zacz\u0119\u0142o wybiera\u0107 kr\u00f3l\u00f3w. Najwi\u0119ksz\u0105 w\u0142adz\u0119 w Kr\u00f3lestwie (<em>Corona Regni Poloniae<\/em>) ma w kolejno\u015bci Kr\u00f3l, Prezydent, Rz\u0105d i Sejm. Czw\u00f3rpodzia\u0142 w\u0142adzy. W bardzo wa\u017cnych sprawach decyduje Kr\u00f3l. Cywile nawet na najwy\u017cszym stanowisku w pa\u0144stwie nie odpowiadaj\u0105 za nic. Za bezpiecze\u0144stwo pa\u0144stwa odpowiada Kr\u00f3l, Wojsko Polskie i S\u0142u\u017cby. Jestem \u201eDux Poloniae\u201d od 09.02.2023 roku. W lipcu by\u0142em na \u0141ysej G\u00f3rze-<a href=\"https:\/\/pl.wikipedia.org\/wiki\/Krzy%C5%BC_Prawdziwy\">\u015awi\u0119ty Krzy\u017c<\/a>&nbsp;i z\u0142o\u017cy\u0142em przysi\u0119g\u0119 przed Bogiem i Krzy\u017cem Pana Jezusa. Zawo\u0142anie na powitanie w\u0142adcy Polski \u201eid\u017a, kr\u00f3lu\u201d po \u0142acinie \u201eGo wo rex\u201d<br>Na razie jestem 1.<br>KONSTYTUCJA z dnia 11.10.2023 roku<br>Ci co nie z\u0142o\u017c\u0105 przysi\u0119gi, strac\u0105 urz\u0105d, profity i znaczenie. Wybierzemy sk\u0142ad z ludzi, kt\u00f3rzy przyst\u0105pi\u0105 do \u201eDux Poloniae\u201d. Niereformowalni maj\u0105 szans\u0119 zaistnie\u0107 w nowych warunkach. Byli urz\u0119dnicy, s\u0119dziowie, nauczyciele i inni\u2026 Przejd\u0105 w stan spoczynku , lub b\u0119d\u0105 prowadzili dzia\u0142alno\u015b\u0107 gospodarcz\u0105 na w\u0142asny rachunek. Ma\u0142y ZUS i przywr\u00f3cona ustawa Wilczka umo\u017cliwi\u0105 sukces na w\u0142asny rachunek. Sko\u0144czy si\u0119 zaci\u0105ganie d\u0142ug\u00f3w na swoje pensje i zasiadanie przy obfitym\u2026 S\u0105dzenie chciwych nic nie da. Ludzie si\u0119 nie zmieni\u0105. Z nowej elity r\u00f3wnie\u017c mog\u0105 wyrosn\u0105\u0107 ich nast\u0119pcy. Dlatego w telewizji pu\u015bcimy film \u201e<a href=\"https:\/\/www.google.com\/search?q=W+garniturach&amp;oq=W+garniturach&amp;gs_lcrp=EgZjaHJvbWUyBggAEEUYOdIBCTIyMDdqMGoxNagCCLACAQ&amp;sourceid=chrome&amp;ie=UTF-8\">W garniturach<\/a>\u201d \u017ceby byli z prawem \u201e<a href=\"https:\/\/www.google.com\/search?q=za+Pan+brat&amp;oq=za+Pan+brat&amp;gs_lcrp=EgZjaHJvbWUyBggAEEUYOdIBCTI0NjdqMGoxNagCCLACAQ&amp;sourceid=chrome&amp;ie=UTF-8\">ZA PAN BRAT<\/a>\u201e.<\/p>\n","protected":false},"excerpt":{"rendered":"<p>&amp; 30 Jak wykszta\u0142ceni ludzie wyt\u0142umacz\u0105 co zrobili? To mo\u017cna rozwi\u0105za\u0107 wprowadzaj\u0105c Rz\u0105dy \u201eDux Poloniae\u201d Ci co chc\u0105 swojej naprawy musz\u0105 z\u0142o\u017cy\u0107 przysi\u0119g\u0119.PREAMBU\u0141A \u201eMiejcie nadziej\u0119, wytrwa\u0142o\u015b\u0107, odwag\u0119 i m\u00f3dlcie si\u0119, a ciemi\u0119\u017ccy wasi run\u0105 i Kr\u00f3lestwo Polskie powr\u00f3ci\u201d S\u0142owa Piusa IX* po 228 latach nabieraj\u0105 mocy.Wojsko, zacz\u0119\u0142o wybiera\u0107 kr\u00f3l\u00f3w. Najwi\u0119ksz\u0105 w\u0142adz\u0119 w Kr\u00f3lestwie (Corona Regni [&hellip;]<\/p>\n","protected":false},"author":1,"featured_media":0,"parent":47,"menu_order":31,"comment_status":"closed","ping_status":"closed","template":"","meta":{"footnotes":""},"class_list":["post-11245","page","type-page","status-publish","hentry"],"_links":{"self":[{"href":"https:\/\/topol.org.pl\/index.php?rest_route=\/wp\/v2\/pages\/11245","targetHints":{"allow":["GET"]}}],"collection":[{"href":"https:\/\/topol.org.pl\/index.php?rest_route=\/wp\/v2\/pages"}],"about":[{"href":"https:\/\/topol.org.pl\/index.php?rest_route=\/wp\/v2\/types\/page"}],"author":[{"embeddable":true,"href":"https:\/\/topol.org.pl\/index.php?rest_route=\/wp\/v2\/users\/1"}],"replies":[{"embeddable":true,"href":"https:\/\/topol.org.pl\/index.php?rest_route=%2Fwp%2Fv2%2Fcomments&post=11245"}],"version-history":[{"count":1,"href":"https:\/\/topol.org.pl\/index.php?rest_route=\/wp\/v2\/pages\/11245\/revisions"}],"predecessor-version":[{"id":11246,"href":"https:\/\/topol.org.pl\/index.php?rest_route=\/wp\/v2\/pages\/11245\/revisions\/11246"}],"up":[{"embeddable":true,"href":"https:\/\/topol.org.pl\/index.php?rest_route=\/wp\/v2\/pages\/47"}],"wp:attachment":[{"href":"https:\/\/topol.org.pl\/index.php?rest_route=%2Fwp%2Fv2%2Fmedia&parent=11245"}],"curies":[{"name":"wp","href":"https:\/\/api.w.org\/{rel}","templated":true}]}}