{"id":11253,"date":"2025-04-07T20:33:23","date_gmt":"2025-04-07T18:33:23","guid":{"rendered":"https:\/\/topol.org.pl\/?page_id=11253"},"modified":"2025-08-23T14:32:36","modified_gmt":"2025-08-23T12:32:36","slug":"33-tv-wars-i-sawa","status":"publish","type":"page","link":"https:\/\/topol.org.pl\/?page_id=11253","title":{"rendered":"&amp; 39 TV Wars i Sawa."},"content":{"rendered":"\n<p>&amp; 38 \u0141\u0105czno\u015b\u0107. Powstanie\u2026Telewizja Wars i Sawa.<\/p>\n\n\n\n<p><a href=\"https:\/\/www.youtube.com\/channel\/UCOxA07wRzC7olVQtTls95VQ\">Telewizja Wars i Sawa.<\/a><\/p>\n\n\n\n<p><a href=\"https:\/\/topol.org.pl\/?page_id=11002\">Telewizja Wars i Sawa i Junior.<\/a><\/p>\n\n\n\n<p><\/p>\n","protected":false},"excerpt":{"rendered":"<p>&amp; 38 \u0141\u0105czno\u015b\u0107. Powstanie\u2026Telewizja Wars i Sawa. Telewizja Wars i Sawa. Telewizja Wars i Sawa i Junior.<\/p>\n","protected":false},"author":1,"featured_media":0,"parent":47,"menu_order":40,"comment_status":"closed","ping_status":"closed","template":"","meta":{"footnotes":""},"class_list":["post-11253","page","type-page","status-publish","hentry"],"_links":{"self":[{"href":"https:\/\/topol.org.pl\/index.php?rest_route=\/wp\/v2\/pages\/11253","targetHints":{"allow":["GET"]}}],"collection":[{"href":"https:\/\/topol.org.pl\/index.php?rest_route=\/wp\/v2\/pages"}],"about":[{"href":"https:\/\/topol.org.pl\/index.php?rest_route=\/wp\/v2\/types\/page"}],"author":[{"embeddable":true,"href":"https:\/\/topol.org.pl\/index.php?rest_route=\/wp\/v2\/users\/1"}],"replies":[{"embeddable":true,"href":"https:\/\/topol.org.pl\/index.php?rest_route=%2Fwp%2Fv2%2Fcomments&post=11253"}],"version-history":[{"count":15,"href":"https:\/\/topol.org.pl\/index.php?rest_route=\/wp\/v2\/pages\/11253\/revisions"}],"predecessor-version":[{"id":13096,"href":"https:\/\/topol.org.pl\/index.php?rest_route=\/wp\/v2\/pages\/11253\/revisions\/13096"}],"up":[{"embeddable":true,"href":"https:\/\/topol.org.pl\/index.php?rest_route=\/wp\/v2\/pages\/47"}],"wp:attachment":[{"href":"https:\/\/topol.org.pl\/index.php?rest_route=%2Fwp%2Fv2%2Fmedia&parent=11253"}],"curies":[{"name":"wp","href":"https:\/\/api.w.org\/{rel}","templated":true}]}}