{"id":11267,"date":"2025-04-08T13:10:14","date_gmt":"2025-04-08T11:10:14","guid":{"rendered":"https:\/\/topol.org.pl\/?page_id=11267"},"modified":"2025-08-23T14:30:23","modified_gmt":"2025-08-23T12:30:23","slug":"34-protokolow-terapii-daremnej-i-przywrocenie-kary-smierci","status":"publish","type":"page","link":"https:\/\/topol.org.pl\/?page_id=11267","title":{"rendered":"&amp; 35 \u201eprotoko\u0142\u00f3w terapii daremnej\u201d i przywr\u00f3cenie kary \u015bmierci"},"content":{"rendered":"\n<p><strong>W dniu 08.04.2025 o godzinie 13.06 uzupe\u0142ni\u0142em Konstytucj\u0119 z 11.10.2023 r.<\/strong><\/p>\n\n\n\n<p>&amp; 34 \u201eprotoko\u0142\u00f3w terapii daremnej\u201d i przywr\u00f3cenie kary \u015bmierci<\/p>\n\n\n\n<p><strong>Wyobra\u017amy sobie, \u017ce wprowadzili elektroniczn\u0105 demokracj\u0119 bezpo\u015bredni\u0105. Ludzie zacz\u0119li g\u0142osowa\u0107 w wa\u017cnych sprawach przy pomocy referendum. Kto\u015b wpad\u0142 na pomys\u0142, \u017ceby podda\u0107 pod g\u0142osowanie&#8230; Pytanie sformu\u0142owano. W zwi\u0105zku ze zmianami klimatycznymi i niedoborem \u017cywno\u015bci pytamy obywateli, czy jeste\u015b za eutanazj\u0105 dla senior\u00f3w powy\u017cej 49 roku. Przestraszeni ludzie (<a href=\"https:\/\/warszawa.wyborcza.pl\/warszawa\/7,54420,31840896,ostatnie-pokolenie-oblewa-krwia-pomnik-katastrofy-smolenskiej.html\">Dzia\u0142acz Ostatniego Pokolenia<\/a>) zag\u0142osowaliby w wyborach przez MO-bywatel za eutanazj\u0105. Dlatego trzeci raz m\u00f3wi\u0119 dobitnie. Nie zgadzam si\u0119 na wybory zwi\u0105zane z demokracj\u0105 bezpo\u015bredni\u0105, poniewa\u017c&#8230;<\/strong><\/p>\n\n\n\n<p><strong>Je\u015bli kto\u015b chce na si\u0142\u0119 likwidowa\u0107 ZUS, NFZ, pa\u0144stwowe firmy prywatyzowa\u0107 a zagranicznym firmom pozwala\u0107 na nieograniczony rozw\u00f3j i \u015bci\u0105ganie pracownik\u00f3w z ca\u0142ego \u015bwiata. To ja m\u00f3wi\u0119 nie zgadzam si\u0119 z tym za \u017cadne skarby. Wol\u0119 \u017cy\u0107 skromniej, ale na swoim. Bez bilionowych d\u0142ug\u00f3w na rozw\u00f3j, kt\u00f3ry i tak przej\u0119liby globali\u015bci. Jeste\u015bmy jak <a href=\"https:\/\/topol.org.pl\/?page_id=4512\">Pa\u0144stwo Z\u0142otego \u015arodka<\/a>. Swoj\u0105 drog\u0105 Chi\u0144czycy te\u017c wszystko robi\u0105 na spokojnie z premedytacj\u0105 d\u0105\u017c\u0105c do hegemonii na ca\u0142ym \u015bwiecie.<\/strong> <strong>Dla tych co chc\u0105 likwidacji ZUS i NFZ jest ju\u017c rozwi\u0105zanie w postaci <a href=\"https:\/\/www.google.com\/search?q=dzia%C5%82alno%C5%9Bci+nierejestrowanej&amp;oq=dzia%C5%82alno%C5%9Bci+nierejestrowanej&amp;gs_lcrp=EgZjaHJvbWUyBggAEEUYOdIBCTI4NzlqMGoxNagCCLACAQ&amp;sourceid=chrome&amp;ie=UTF-8\">dzia\u0142alno\u015bci nierejestrowanej<\/a>.<\/strong> <strong>Dla bardziej zamo\u017cnych sp\u00f3\u0142ka kapita\u0142owa.<\/strong> <strong>Jestem przeciwnikiem podatku katastralnego. Uderzy przede wszystkim w najubo\u017cszych, tych co wynajmuj\u0105 mieszkanie. Ci co maj\u0105 mieszkania na wynajem w\u0142o\u017c\u0105 podatek katastralny w koszty. Koszty pokryj\u0105 najubo\u017csi, co wynajmuj\u0105 mieszkanie. Jeszcze raz nie zgadzam si\u0119 na podatek katastralny. Jeszcze raz, nie zgadzam si\u0119 na podatek katastralny bo b\u0119dzie wojna domowa. Nie zgadzam si\u0119 na likwidacj\u0119 pa\u0144stwa, bo b\u0119dzie wojna domowa.<\/strong> <strong>Pisz\u0119 trzy razy to samo, \u017ceby wszyscy zrozumieli.<\/strong><\/p>\n\n\n\n<p><a href=\"https:\/\/topol.org.pl\/?page_id=11274\">&#8222;Eutanazja w bia\u0142ych r\u0119kawiczkach&#8221; w polskich szpitalach<\/a><\/p>\n\n\n\n<p><\/p>\n","protected":false},"excerpt":{"rendered":"<p>W dniu 08.04.2025 o godzinie 13.06 uzupe\u0142ni\u0142em Konstytucj\u0119 z 11.10.2023 r. &amp; 34 \u201eprotoko\u0142\u00f3w terapii daremnej\u201d i przywr\u00f3cenie kary \u015bmierci Wyobra\u017amy sobie, \u017ce wprowadzili elektroniczn\u0105 demokracj\u0119 bezpo\u015bredni\u0105. Ludzie zacz\u0119li g\u0142osowa\u0107 w wa\u017cnych sprawach przy pomocy referendum. Kto\u015b wpad\u0142 na pomys\u0142, \u017ceby podda\u0107 pod g\u0142osowanie&#8230; Pytanie sformu\u0142owano. W zwi\u0105zku ze zmianami klimatycznymi i niedoborem \u017cywno\u015bci pytamy [&hellip;]<\/p>\n","protected":false},"author":1,"featured_media":0,"parent":47,"menu_order":36,"comment_status":"closed","ping_status":"closed","template":"","meta":{"footnotes":""},"class_list":["post-11267","page","type-page","status-publish","hentry"],"_links":{"self":[{"href":"https:\/\/topol.org.pl\/index.php?rest_route=\/wp\/v2\/pages\/11267","targetHints":{"allow":["GET"]}}],"collection":[{"href":"https:\/\/topol.org.pl\/index.php?rest_route=\/wp\/v2\/pages"}],"about":[{"href":"https:\/\/topol.org.pl\/index.php?rest_route=\/wp\/v2\/types\/page"}],"author":[{"embeddable":true,"href":"https:\/\/topol.org.pl\/index.php?rest_route=\/wp\/v2\/users\/1"}],"replies":[{"embeddable":true,"href":"https:\/\/topol.org.pl\/index.php?rest_route=%2Fwp%2Fv2%2Fcomments&post=11267"}],"version-history":[{"count":23,"href":"https:\/\/topol.org.pl\/index.php?rest_route=\/wp\/v2\/pages\/11267\/revisions"}],"predecessor-version":[{"id":13092,"href":"https:\/\/topol.org.pl\/index.php?rest_route=\/wp\/v2\/pages\/11267\/revisions\/13092"}],"up":[{"embeddable":true,"href":"https:\/\/topol.org.pl\/index.php?rest_route=\/wp\/v2\/pages\/47"}],"wp:attachment":[{"href":"https:\/\/topol.org.pl\/index.php?rest_route=%2Fwp%2Fv2%2Fmedia&parent=11267"}],"curies":[{"name":"wp","href":"https:\/\/api.w.org\/{rel}","templated":true}]}}