{"id":11314,"date":"2025-04-09T10:41:05","date_gmt":"2025-04-09T08:41:05","guid":{"rendered":"https:\/\/topol.org.pl\/?page_id=11314"},"modified":"2025-07-02T06:51:58","modified_gmt":"2025-07-02T04:51:58","slug":"kto-bardziej-dba-o-historie-polski-o-1000leciu-koronacji","status":"publish","type":"page","link":"https:\/\/topol.org.pl\/?page_id=11314","title":{"rendered":"Kto bardziej dba o histori\u0119 Polski? O 1000leciu koronacji"},"content":{"rendered":"\n<p>09.04.2025 10.33 &#8222;<a href=\"https:\/\/www.youtube.com\/watch?v=sa6_IQtKo94\">Komuni\u015bci czy Tusk? Kto bardziej dba o histori\u0119 Polski? O 1000leciu koronacji &#8211; Piotr Bare\u0142kowski<\/a>&#8221; \u0179r\u00f3d\u0142o: Nowa Konfederacja<\/p>\n\n\n\n<p><a href=\"https:\/\/www.google.com\/search?q=1000+lecie+chrztu+polski&amp;oq=1000+lecie+chrztu+polski&amp;gs_lcrp=EgZjaHJvbWUyBggAEEUYOdIBCjE2NjU1ajBqMTWoAgiwAgE&amp;sourceid=chrome&amp;ie=UTF-8\">Obchody 1000-lecia chrztu Polski&nbsp;<mark>odby\u0142y si\u0119 w 1966 roku<\/mark>.&nbsp;Uroczysto\u015bci rozpocz\u0119\u0142y si\u0119 14 kwietnia w Gnie\u017anie, a kulminacja przypad\u0142a na 3 maja na Jasnej G\u00f3rze.&nbsp;<\/a><\/p>\n\n\n\n<p><a href=\"https:\/\/pl.wikipedia.org\/wiki\/Tysi%C4%85clecie_Pa%C5%84stwa_Polskiego\">Tysi\u0105clecie Pa\u0144stwa Polskiego<\/a> \u0179r\u00f3d\u0142o: Wikipedia<\/p>\n\n\n\n<p><a href=\"https:\/\/krakow.ipn.gov.pl\/\">Instytut Pami\u0119ci Narodowej Milenium chrztu Polski. Krok na drodze do wolno\u015bci &#8211; Przystanek Historia<\/a><\/p>\n\n\n\n<p>&#8222;<a href=\"https:\/\/www.youtube.com\/watch?v=_eGNLf3KUUQ\">Defilada Tysi\u0105clecia &#8211; Warszawa 22 lipca 1966 r.<\/a>&#8221; \u0179r\u00f3d\u0142o: <a href=\"https:\/\/www.youtube.com\/watch?v=_eGNLf3KUUQ\">zvitek<\/a><\/p>\n\n\n\n<p><a href=\"https:\/\/dzieje.pl\/wiadomosci\/spoleczny-komitet-podal-termin-poznanskich-obchodow-tysiaclecia-krolestwa-polskiego\">Spo\u0142eczny komitet poda\u0142 termin pozna\u0144skich obchod\u00f3w tysi\u0105clecia Kr\u00f3lestwa Polskiego<\/a><\/p>\n\n\n\n<p><a href=\"https:\/\/pl.wikipedia.org\/wiki\/Bazylika_archikatedralna_%C5%9Awi%C4%99tych_Aposto%C5%82%C3%B3w_Piotra_i_Paw%C5%82a_w_Poznaniu\">Bazylika archikatedralna \u015awi\u0119tych Aposto\u0142\u00f3w Piotra i Paw\u0142a w Poznaniu<\/a><\/p>\n\n\n\n<p>Verte &gt;<a href=\"https:\/\/topol.org.pl\/?page_id=6187\">Fundacja Narodowe Si\u0142y Samoobrony \u201eGrot\u201d<\/a><\/p>\n\n\n\n<p><\/p>\n","protected":false},"excerpt":{"rendered":"<p>09.04.2025 10.33 &#8222;Komuni\u015bci czy Tusk? Kto bardziej dba o histori\u0119 Polski? O 1000leciu koronacji &#8211; Piotr Bare\u0142kowski&#8221; \u0179r\u00f3d\u0142o: Nowa Konfederacja Obchody 1000-lecia chrztu Polski&nbsp;odby\u0142y si\u0119 w 1966 roku.&nbsp;Uroczysto\u015bci rozpocz\u0119\u0142y si\u0119 14 kwietnia w Gnie\u017anie, a kulminacja przypad\u0142a na 3 maja na Jasnej G\u00f3rze.&nbsp; Tysi\u0105clecie Pa\u0144stwa Polskiego \u0179r\u00f3d\u0142o: Wikipedia Instytut Pami\u0119ci Narodowej Milenium chrztu Polski. Krok [&hellip;]<\/p>\n","protected":false},"author":1,"featured_media":0,"parent":10863,"menu_order":3,"comment_status":"closed","ping_status":"closed","template":"","meta":{"footnotes":""},"class_list":["post-11314","page","type-page","status-publish","hentry"],"_links":{"self":[{"href":"https:\/\/topol.org.pl\/index.php?rest_route=\/wp\/v2\/pages\/11314","targetHints":{"allow":["GET"]}}],"collection":[{"href":"https:\/\/topol.org.pl\/index.php?rest_route=\/wp\/v2\/pages"}],"about":[{"href":"https:\/\/topol.org.pl\/index.php?rest_route=\/wp\/v2\/types\/page"}],"author":[{"embeddable":true,"href":"https:\/\/topol.org.pl\/index.php?rest_route=\/wp\/v2\/users\/1"}],"replies":[{"embeddable":true,"href":"https:\/\/topol.org.pl\/index.php?rest_route=%2Fwp%2Fv2%2Fcomments&post=11314"}],"version-history":[{"count":10,"href":"https:\/\/topol.org.pl\/index.php?rest_route=\/wp\/v2\/pages\/11314\/revisions"}],"predecessor-version":[{"id":11377,"href":"https:\/\/topol.org.pl\/index.php?rest_route=\/wp\/v2\/pages\/11314\/revisions\/11377"}],"up":[{"embeddable":true,"href":"https:\/\/topol.org.pl\/index.php?rest_route=\/wp\/v2\/pages\/10863"}],"wp:attachment":[{"href":"https:\/\/topol.org.pl\/index.php?rest_route=%2Fwp%2Fv2%2Fmedia&parent=11314"}],"curies":[{"name":"wp","href":"https:\/\/api.w.org\/{rel}","templated":true}]}}