{"id":11400,"date":"2025-04-11T15:26:36","date_gmt":"2025-04-11T13:26:36","guid":{"rendered":"https:\/\/topol.org.pl\/?page_id=11400"},"modified":"2025-10-16T10:17:21","modified_gmt":"2025-10-16T08:17:21","slug":"telewizja-wars-i-sawa-i-junior","status":"publish","type":"page","link":"https:\/\/topol.org.pl\/?page_id=11400","title":{"rendered":"Telewizja Wars i Sawa i Junior. \ud83c\uddf5\ud83c\uddf1"},"content":{"rendered":"\n<p><a href=\"https:\/\/www.youtube.com\/channel\/UCzaZ-xWOQVghd_n_29GImqQ\">TV Wars i Sawa i Junior<\/a><\/p>\n\n\n\n<p><a href=\"https:\/\/www.miniminiplus.pl\/opowiesci-kota-spiocha\/legendy\/wars-i-sawa\">Kto to by\u0142 Wars i Sawa?<\/a><\/p>\n\n\n\n<p>&#8222;Dawno, dawno temu nad Wis\u0142\u0105 sta\u0142a male\u0144ka chatka, a w niej mieszkali Wars i Sawa.&nbsp;<strong>Wars by\u0142 rybakiem (wtedy mo\u017cna by\u0142o jeszcze je\u015b\u0107 ryby z Wis\u0142y) a jego \u017cona Sawa codziennie czeka\u0142a na m\u0119\u017ca przygotowuj\u0105c mu ciep\u0142\u0105 straw\u0119<\/strong>&#8222;.    \u0179r\u00f3d\u0142o: Google<\/p>\n\n\n\n<figure class=\"wp-block-image size-full\"><a href=\"https:\/\/www.miniminiplus.pl\/szukaj#gsc.tab=0&amp;gsc.q=Wars%20i%20Sawa\"><img loading=\"lazy\" decoding=\"async\" width=\"843\" height=\"596\" src=\"https:\/\/topol.org.pl\/wp-content\/uploads\/2025\/04\/Logo-MiniMini.png\" alt=\"\" class=\"wp-image-11008\" srcset=\"https:\/\/topol.org.pl\/wp-content\/uploads\/2025\/04\/Logo-MiniMini.png 843w, https:\/\/topol.org.pl\/wp-content\/uploads\/2025\/04\/Logo-MiniMini-300x212.png 300w, https:\/\/topol.org.pl\/wp-content\/uploads\/2025\/04\/Logo-MiniMini-768x543.png 768w\" sizes=\"auto, (max-width: 843px) 100vw, 843px\" \/><\/a><\/figure>\n\n\n\n<p>Verte &gt;<a href=\"https:\/\/topol.org.pl\/?page_id=6187\">Fundacja Narodowe Si\u0142y Samoobrony \u201eGrot\u201d<\/a><\/p>\n","protected":false},"excerpt":{"rendered":"<p>TV Wars i Sawa i Junior Kto to by\u0142 Wars i Sawa? &#8222;Dawno, dawno temu nad Wis\u0142\u0105 sta\u0142a male\u0144ka chatka, a w niej mieszkali Wars i Sawa.&nbsp;Wars by\u0142 rybakiem (wtedy mo\u017cna by\u0142o jeszcze je\u015b\u0107 ryby z Wis\u0142y) a jego \u017cona Sawa codziennie czeka\u0142a na m\u0119\u017ca przygotowuj\u0105c mu ciep\u0142\u0105 straw\u0119&#8222;. \u0179r\u00f3d\u0142o: Google Verte &gt;Fundacja Narodowe Si\u0142y [&hellip;]<\/p>\n","protected":false},"author":1,"featured_media":0,"parent":11389,"menu_order":1,"comment_status":"closed","ping_status":"closed","template":"","meta":{"footnotes":""},"class_list":["post-11400","page","type-page","status-publish","hentry"],"_links":{"self":[{"href":"https:\/\/topol.org.pl\/index.php?rest_route=\/wp\/v2\/pages\/11400","targetHints":{"allow":["GET"]}}],"collection":[{"href":"https:\/\/topol.org.pl\/index.php?rest_route=\/wp\/v2\/pages"}],"about":[{"href":"https:\/\/topol.org.pl\/index.php?rest_route=\/wp\/v2\/types\/page"}],"author":[{"embeddable":true,"href":"https:\/\/topol.org.pl\/index.php?rest_route=\/wp\/v2\/users\/1"}],"replies":[{"embeddable":true,"href":"https:\/\/topol.org.pl\/index.php?rest_route=%2Fwp%2Fv2%2Fcomments&post=11400"}],"version-history":[{"count":2,"href":"https:\/\/topol.org.pl\/index.php?rest_route=\/wp\/v2\/pages\/11400\/revisions"}],"predecessor-version":[{"id":12251,"href":"https:\/\/topol.org.pl\/index.php?rest_route=\/wp\/v2\/pages\/11400\/revisions\/12251"}],"up":[{"embeddable":true,"href":"https:\/\/topol.org.pl\/index.php?rest_route=\/wp\/v2\/pages\/11389"}],"wp:attachment":[{"href":"https:\/\/topol.org.pl\/index.php?rest_route=%2Fwp%2Fv2%2Fmedia&parent=11400"}],"curies":[{"name":"wp","href":"https:\/\/api.w.org\/{rel}","templated":true}]}}