{"id":11403,"date":"2025-04-11T15:41:43","date_gmt":"2025-04-11T13:41:43","guid":{"rendered":"https:\/\/topol.org.pl\/?page_id=11403"},"modified":"2025-04-11T17:54:29","modified_gmt":"2025-04-11T15:54:29","slug":"kasa-chorych","status":"publish","type":"page","link":"https:\/\/topol.org.pl\/?page_id=11403","title":{"rendered":"Kasa chorych 1999 do 2003 i Narodowy Fundusz Zdrowia"},"content":{"rendered":"\n<p>11.04.2025 15.41 <a href=\"https:\/\/pl.wikipedia.org\/wiki\/Kasa_chorych\">Kasa chorych<\/a> \u0179r\u00f3d\u0142o: Wikipedia<\/p>\n\n\n\n<p>11.04.2025 15.42 <a href=\"https:\/\/pl.wikipedia.org\/wiki\/Narodowy_Fundusz_Zdrowia\">Narodowy Fundusz Zdrowia<\/a> \u0179r\u00f3d\u0142o: Wikipedia<\/p>\n\n\n\n<p>11.04.2025 15.43 <a href=\"https:\/\/dorzeczy.pl\/ekonomia\/712407\/przywrocmy-kasy-chorych-w-przeciwnym-razie-medycy-nas-wykoncza.html\">o&nbsp;\u201eproblemach polskiej s\u0142u\u017cby zdrowia\u201d<\/a>. \u0179r\u00f3d\u0142o: DoRzeczy.pl<\/p>\n\n\n\n<p>Verte &gt;<a href=\"https:\/\/topol.org.pl\/?page_id=6187\">Fundacja Narodowe Si\u0142y Samoobrony \u201eGrot\u201d<\/a><\/p>\n\n\n\n<p><\/p>\n","protected":false},"excerpt":{"rendered":"<p>11.04.2025 15.41 Kasa chorych \u0179r\u00f3d\u0142o: Wikipedia 11.04.2025 15.42 Narodowy Fundusz Zdrowia \u0179r\u00f3d\u0142o: Wikipedia 11.04.2025 15.43 o&nbsp;\u201eproblemach polskiej s\u0142u\u017cby zdrowia\u201d. \u0179r\u00f3d\u0142o: DoRzeczy.pl Verte &gt;Fundacja Narodowe Si\u0142y Samoobrony \u201eGrot\u201d<\/p>\n","protected":false},"author":1,"featured_media":0,"parent":11274,"menu_order":285,"comment_status":"closed","ping_status":"closed","template":"","meta":{"footnotes":""},"class_list":["post-11403","page","type-page","status-publish","hentry"],"_links":{"self":[{"href":"https:\/\/topol.org.pl\/index.php?rest_route=\/wp\/v2\/pages\/11403","targetHints":{"allow":["GET"]}}],"collection":[{"href":"https:\/\/topol.org.pl\/index.php?rest_route=\/wp\/v2\/pages"}],"about":[{"href":"https:\/\/topol.org.pl\/index.php?rest_route=\/wp\/v2\/types\/page"}],"author":[{"embeddable":true,"href":"https:\/\/topol.org.pl\/index.php?rest_route=\/wp\/v2\/users\/1"}],"replies":[{"embeddable":true,"href":"https:\/\/topol.org.pl\/index.php?rest_route=%2Fwp%2Fv2%2Fcomments&post=11403"}],"version-history":[{"count":12,"href":"https:\/\/topol.org.pl\/index.php?rest_route=\/wp\/v2\/pages\/11403\/revisions"}],"predecessor-version":[{"id":11424,"href":"https:\/\/topol.org.pl\/index.php?rest_route=\/wp\/v2\/pages\/11403\/revisions\/11424"}],"up":[{"embeddable":true,"href":"https:\/\/topol.org.pl\/index.php?rest_route=\/wp\/v2\/pages\/11274"}],"wp:attachment":[{"href":"https:\/\/topol.org.pl\/index.php?rest_route=%2Fwp%2Fv2%2Fmedia&parent=11403"}],"curies":[{"name":"wp","href":"https:\/\/api.w.org\/{rel}","templated":true}]}}