{"id":11433,"date":"2025-04-13T11:01:27","date_gmt":"2025-04-13T09:01:27","guid":{"rendered":"https:\/\/topol.org.pl\/?page_id=11433"},"modified":"2026-03-16T10:17:11","modified_gmt":"2026-03-16T09:17:11","slug":"urania","status":"publish","type":"page","link":"https:\/\/topol.org.pl\/?page_id=11433","title":{"rendered":"Saros"},"content":{"rendered":"\n<p>13.04.2025 11.01 <a href=\"https:\/\/pl.wikipedia.org\/wiki\/Saros\">Saros<\/a> \u0179r\u00f3d\u0142o: Wikipedia<\/p>\n\n\n\n<p><a href=\"https:\/\/pl.wikipedia.org\/wiki\/Polskie_Towarzystwo_Mi%C5%82o%C5%9Bnik%C3%B3w_Astronomii\">Polskie Towarzystwo Mi\u0142o\u015bnik\u00f3w Astronomii<\/a> \u0179r\u00f3d\u0142o: <a href=\"https:\/\/ptma.pl\/\">Wikipedia<\/a><\/p>\n\n\n\n<p><a href=\"https:\/\/www.urania.edu.pl\/archiwum\">Cyfrowe Archiwum Uranii<\/a> \u0179r\u00f3d\u0142o: <a href=\"https:\/\/pl.wikipedia.org\/wiki\/Uniwersytet_Miko%C5%82aja_Kopernika_w_Toruniu\">Instytut Astronomii UMK<\/a><\/p>\n\n\n\n<p><a href=\"https:\/\/pl.wikipedia.org\/wiki\/Kalendarz_gregoria%C5%84ski\">Kalendarz gregoria\u0144ski<\/a> \u0179r\u00f3d\u0142o: Wikipedia<\/p>\n\n\n\n<p><a href=\"https:\/\/pl.wikipedia.org\/wiki\/Kalendarz_wieczny\">Kalendarz wieczny<\/a> \u0179r\u00f3d\u0142o: Wikipedia<\/p>\n\n\n\n<p>Verte &gt;<a href=\"https:\/\/topol.org.pl\/?page_id=6187\">Fundacja Narodowe Si\u0142y Samoobrony \u201eGrot\u201d<\/a><\/p>\n","protected":false},"excerpt":{"rendered":"<p>13.04.2025 11.01 Saros \u0179r\u00f3d\u0142o: Wikipedia Polskie Towarzystwo Mi\u0142o\u015bnik\u00f3w Astronomii \u0179r\u00f3d\u0142o: Wikipedia Cyfrowe Archiwum Uranii \u0179r\u00f3d\u0142o: Instytut Astronomii UMK Kalendarz gregoria\u0144ski \u0179r\u00f3d\u0142o: Wikipedia Kalendarz wieczny \u0179r\u00f3d\u0142o: Wikipedia Verte &gt;Fundacja Narodowe Si\u0142y Samoobrony \u201eGrot\u201d<\/p>\n","protected":false},"author":1,"featured_media":0,"parent":10802,"menu_order":286,"comment_status":"closed","ping_status":"closed","template":"","meta":{"footnotes":""},"class_list":["post-11433","page","type-page","status-publish","hentry"],"_links":{"self":[{"href":"https:\/\/topol.org.pl\/index.php?rest_route=\/wp\/v2\/pages\/11433","targetHints":{"allow":["GET"]}}],"collection":[{"href":"https:\/\/topol.org.pl\/index.php?rest_route=\/wp\/v2\/pages"}],"about":[{"href":"https:\/\/topol.org.pl\/index.php?rest_route=\/wp\/v2\/types\/page"}],"author":[{"embeddable":true,"href":"https:\/\/topol.org.pl\/index.php?rest_route=\/wp\/v2\/users\/1"}],"replies":[{"embeddable":true,"href":"https:\/\/topol.org.pl\/index.php?rest_route=%2Fwp%2Fv2%2Fcomments&post=11433"}],"version-history":[{"count":8,"href":"https:\/\/topol.org.pl\/index.php?rest_route=\/wp\/v2\/pages\/11433\/revisions"}],"predecessor-version":[{"id":11444,"href":"https:\/\/topol.org.pl\/index.php?rest_route=\/wp\/v2\/pages\/11433\/revisions\/11444"}],"up":[{"embeddable":true,"href":"https:\/\/topol.org.pl\/index.php?rest_route=\/wp\/v2\/pages\/10802"}],"wp:attachment":[{"href":"https:\/\/topol.org.pl\/index.php?rest_route=%2Fwp%2Fv2%2Fmedia&parent=11433"}],"curies":[{"name":"wp","href":"https:\/\/api.w.org\/{rel}","templated":true}]}}