{"id":11445,"date":"2025-04-13T18:59:43","date_gmt":"2025-04-13T16:59:43","guid":{"rendered":"https:\/\/topol.org.pl\/?page_id=11445"},"modified":"2025-08-23T14:30:50","modified_gmt":"2025-08-23T12:30:50","slug":"34-system-waluty-zlotej","status":"publish","type":"page","link":"https:\/\/topol.org.pl\/?page_id=11445","title":{"rendered":"&amp; 36 System waluty z\u0142otej"},"content":{"rendered":"\n<p><strong>Zastanawiam si\u0119 jakie pieni\u0105dze wprowadzi\u0107 w epoce cyfrowej, mo\u017ce&nbsp;<a href=\"https:\/\/pl.wikipedia.org\/wiki\/Grzywna_(jednostka_miar)\">grzywn\u0119 ze \u015bredniowiecza<\/a><\/strong>.&nbsp;<strong>Mo\u017cna w ten spos\u00f3b ku\u0107 miecze i bro\u0144.<\/strong>&nbsp;<strong>Kupi\u0107 chleb i samoch\u00f3d.<\/strong><\/p>\n\n\n\n<figure class=\"wp-block-table\"><table class=\"has-fixed-layout\"><tbody><tr><td><a href=\"https:\/\/pl.wikipedia.org\/wiki\/Grzywna_krakowska\">grzywna krakowska<\/a><\/td><td>mennicza: 197,684 (XIV-1650), po 1650: 201,480 (lub 201,768), handlowa 198,885<sup><a href=\"https:\/\/pl.wikipedia.org\/wiki\/Grzywna_(jednostka_miar)#cite_note-CITEREFPiekosi%C5%84ski1878Grzywna_krakowska_w_XIV_i_XV_wieku_i_jej_waga11-17-5\">[5]<\/a><\/sup>; 196,26 \u2013 201,86<\/td><\/tr><\/tbody><\/table><\/figure>\n\n\n\n<p>1 Grzywna&nbsp;<img loading=\"lazy\" decoding=\"async\" width=\"150\" height=\"67\" src=\"https:\/\/topol.org.pl\/wp-content\/uploads\/2025\/03\/Grzywna.jpg\" alt=\"\" srcset=\"https:\/\/topol.org.pl\/wp-content\/uploads\/2025\/03\/Grzywna.jpg 729w, https:\/\/topol.org.pl\/wp-content\/uploads\/2025\/03\/Grzywna-300x133.jpg 300w\">&nbsp;z\u0142ota<\/p>\n\n\n\n<p>1 Grzywna&nbsp;<img loading=\"lazy\" decoding=\"async\" width=\"150\" height=\"67\" src=\"https:\/\/topol.org.pl\/wp-content\/uploads\/2025\/03\/Grzywna.jpg\" alt=\"\" srcset=\"https:\/\/topol.org.pl\/wp-content\/uploads\/2025\/03\/Grzywna.jpg 729w, https:\/\/topol.org.pl\/wp-content\/uploads\/2025\/03\/Grzywna-300x133.jpg 300w\">&nbsp;srebra<\/p>\n\n\n\n<p>1 Grzywna&nbsp;<img loading=\"lazy\" decoding=\"async\" width=\"150\" height=\"67\" src=\"https:\/\/topol.org.pl\/wp-content\/uploads\/2025\/03\/Grzywna.jpg\" alt=\"\" srcset=\"https:\/\/topol.org.pl\/wp-content\/uploads\/2025\/03\/Grzywna.jpg 729w, https:\/\/topol.org.pl\/wp-content\/uploads\/2025\/03\/Grzywna-300x133.jpg 300w\">&nbsp;miedzi<\/p>\n\n\n\n<p>1 Grzywna&nbsp;<img loading=\"lazy\" decoding=\"async\" width=\"150\" height=\"67\" src=\"https:\/\/topol.org.pl\/wp-content\/uploads\/2025\/03\/Grzywna.jpg\" alt=\"\" srcset=\"https:\/\/topol.org.pl\/wp-content\/uploads\/2025\/03\/Grzywna.jpg 729w, https:\/\/topol.org.pl\/wp-content\/uploads\/2025\/03\/Grzywna-300x133.jpg 300w\">&nbsp;aluminium<\/p>\n\n\n\n<p>1 Grzywna&nbsp;<img loading=\"lazy\" decoding=\"async\" width=\"150\" height=\"67\" src=\"https:\/\/topol.org.pl\/wp-content\/uploads\/2025\/03\/Grzywna.jpg\" alt=\"\" srcset=\"https:\/\/topol.org.pl\/wp-content\/uploads\/2025\/03\/Grzywna.jpg 729w, https:\/\/topol.org.pl\/wp-content\/uploads\/2025\/03\/Grzywna-300x133.jpg 300w\">&nbsp;\u017celaza<\/p>\n\n\n\n<p><a href=\"https:\/\/www.google.com\/search?q=cdbc&amp;oq=cdbc&amp;gs_lcrp=EgZjaHJvbWUyBggAEEUYOdIBCTQ2OTNqMGoxNagCCLACAQ&amp;sourceid=chrome&amp;ie=UTF-8\">O co chodzi z CBDC?<\/a>&nbsp;\u0179r\u00f3d\u0142o: Google<\/p>\n\n\n\n<p>W istocie CBDC to w\u0142a\u015bnie&nbsp;<strong>cyfrowe reprezentacje walut emitowanych przez banki centralne<\/strong>. W przeciwie\u0144stwie do tradycyjnych pieni\u0119dzy (FIAT), kt\u00f3re istniej\u0105 w formie fizycznej (banknoty, monety) lub cyfrowej (depozyty bankowe), CBDC s\u0105 przechowywane i zarz\u0105dzane w oparciu o technologi\u0119 cyfrow\u0105 \u2013 blockchain.<\/p>\n\n\n\n<p><a href=\"https:\/\/pl.wikipedia.org\/wiki\/System_waluty_z%C5%82otej\">System waluty z\u0142otej<\/a><\/p>\n\n\n\n<p><a href=\"https:\/\/pl.wikipedia.org\/wiki\/System_z_Bretton_Woods\">System z Bretton Woods<\/a><\/p>\n\n\n\n<p>Nie my\u015bl\u0119 o tym, \u017ce nosimy&nbsp;z\u0142ote monety. Ka\u017cdy ma swoj\u0105 walut\u0119. Istnieje system got\u00f3wkowy jako podstawa. Elektronicznie p\u0142acimy jak w tej chwili. Ka\u017cde pa\u0144stwo w wymianie towarowej musi zachowa\u0107 r\u00f3wnowag\u0119, czyli musi tyle sprzeda\u0107 do innego pa\u0144stwa \u017ceby zr\u00f3wnowa\u017cy\u0107 zakupy. Na koniec trzeba wyr\u00f3wna\u0107 bilans w z\u0142ocie. Czyli w sztabkach. Mo\u017ce by\u0107 raz na kwarta\u0142. To zapewni sprawiedliwy handel mi\u0119dzynarodowy. Z\u0142oto w obiegu wewn\u0119trznym mo\u017cna posiada\u0107 w dowolnych ilo\u015bciach, ale nie mo\u017cna go wywozi\u0107 za granic\u0119. Przep\u0142yw z\u0142ota mi\u0119dzy pa\u0144stwami powinien by\u0107 realizowany za pomoc\u0105 bank\u00f3w centralnych.<\/p>\n\n\n\n<p>Jak stworzymy jedno pa\u0144stwo \u201efederacj\u0119\u201d, to o handlu b\u0119dzie decydowa\u0142&nbsp;<a href=\"https:\/\/www.google.com\/search?client=firefox-b-d&amp;q=lobbing+definicja\">lobbing<\/a>&nbsp;najsilniejszych i rozdzia\u0142 \u015brodk\u00f3w unijnych przez zdeprawowanych urz\u0119dnik\u00f3w.<\/p>\n\n\n\n<p>Ostrze\u017cenie: piramida finansowa na rynku Krypto-walut. To podejrzane. Tylko got\u00f3wka. W latach 80 pisali\u015bmy \u201elisty\u201d pierwsi zarabiali ostatni tracili wp\u0142at\u0119.<\/p>\n\n\n\n<p><strong>Musi wr\u00f3ci\u0107 parytet z\u0142ota na \u015bwiecie.<\/strong><\/p>\n\n\n\n<p>Za nied\u0142ugo jak komputer kwantowy b\u0119dzie wszystko widzia\u0142<strong>(zabezpieczenia)<\/strong>&nbsp;i przewidywa\u0142 jedyn\u0105 obron\u0105 jest parytet z\u0142ota i przep\u0142yw pieni\u0119dzy tak jak teraz<strong>(GOT\u00d3WKA)<\/strong>. Wolny \u015bwiat do niego do\u0142\u0105czy. Polska, Tr\u00f3jmorze, Rosja, Mongolia, Kazachstan. Tad\u017cykistan, Uzbekistan, Gruzja, \u015awiat Arabski, Korea P\u00f3\u0142nocna, USA, Kanada, Meksyk, Ameryka Po\u0142udniowa, Afryka. Australia, Anglia. Grenlandia, Nowa Ziemia, Islandia, Tahiti. Antarktyda, Skandynawia, Afganistan i Kuba.<\/p>\n\n\n\n<p>\u201e<strong>\u015bwiatowe zapotrzebowanie na energi\u0119 elektryczn\u0105 wynikaj\u0105ce z&nbsp;wydobywania&nbsp;bitcoina&nbsp;to ok. 176 TWh rocznie. Por\u00f3wnuj\u0105c, zapotrzebowanie na energi\u0119 w&nbsp;Polsce w&nbsp;2023 roku wynios\u0142o 167 TWh<\/strong>\u201e<\/p>\n\n\n\n<p><a href=\"https:\/\/pl.wikipedia.org\/wiki\/Denar_Princes_Polonie\">Denar Princes Polonie<\/a><\/p>\n\n\n\n<figure class=\"wp-block-image\"><a href=\"https:\/\/pl.wikipedia.org\/wiki\/Princeps\"><img loading=\"lazy\" decoding=\"async\" width=\"515\" height=\"273\" src=\"https:\/\/topol.org.pl\/wp-content\/uploads\/2024\/04\/Denar_rys_chrobry1.png\" alt=\"\" class=\"wp-image-2778\" srcset=\"https:\/\/topol.org.pl\/wp-content\/uploads\/2024\/04\/Denar_rys_chrobry1.png 515w, https:\/\/topol.org.pl\/wp-content\/uploads\/2024\/04\/Denar_rys_chrobry1-300x159.png 300w\" sizes=\"auto, (max-width: 515px) 100vw, 515px\" \/><\/a><\/figure>\n\n\n\n<figure class=\"wp-block-image\"><a href=\"https:\/\/www.youtube.com\/watch?v=OgwZCklXIfk\"><img loading=\"lazy\" decoding=\"async\" width=\"972\" height=\"540\" src=\"https:\/\/topol.org.pl\/wp-content\/uploads\/2025\/03\/Dukat-Wladyslawa-Lokietka.jpg\" alt=\"\" class=\"wp-image-10439\" srcset=\"https:\/\/topol.org.pl\/wp-content\/uploads\/2025\/03\/Dukat-Wladyslawa-Lokietka.jpg 972w, https:\/\/topol.org.pl\/wp-content\/uploads\/2025\/03\/Dukat-Wladyslawa-Lokietka-300x167.jpg 300w, https:\/\/topol.org.pl\/wp-content\/uploads\/2025\/03\/Dukat-Wladyslawa-Lokietka-768x427.jpg 768w\" sizes=\"auto, (max-width: 972px) 100vw, 972px\" \/><\/a><figcaption class=\"wp-element-caption\">Dukat W\u0142adys\u0142awa \u0141okietka. Pierwsza Polska Z\u0142ota Moneta<br>\u0179r\u00f3d\u0142o:&nbsp;<a href=\"https:\/\/www.youtube.com\/@SkarbnicaNarodowa\">Skarbnica Narodowa<\/a><\/figcaption><\/figure>\n\n\n\n<p><a href=\"https:\/\/www.youtube.com\/watch?v=R411jyRT2KI\">Historia z\u0142otego<\/a>&nbsp;\u0179r\u00f3d\u0142o: Narodowy Bank Polski<\/p>\n\n\n\n<p><\/p>\n","protected":false},"excerpt":{"rendered":"<p>Zastanawiam si\u0119 jakie pieni\u0105dze wprowadzi\u0107 w epoce cyfrowej, mo\u017ce&nbsp;grzywn\u0119 ze \u015bredniowiecza.&nbsp;Mo\u017cna w ten spos\u00f3b ku\u0107 miecze i bro\u0144.&nbsp;Kupi\u0107 chleb i samoch\u00f3d. grzywna krakowska mennicza: 197,684 (XIV-1650), po 1650: 201,480 (lub 201,768), handlowa 198,885[5]; 196,26 \u2013 201,86 1 Grzywna&nbsp;&nbsp;z\u0142ota 1 Grzywna&nbsp;&nbsp;srebra 1 Grzywna&nbsp;&nbsp;miedzi 1 Grzywna&nbsp;&nbsp;aluminium 1 Grzywna&nbsp;&nbsp;\u017celaza O co chodzi z CBDC?&nbsp;\u0179r\u00f3d\u0142o: Google W istocie CBDC [&hellip;]<\/p>\n","protected":false},"author":1,"featured_media":0,"parent":47,"menu_order":37,"comment_status":"closed","ping_status":"closed","template":"","meta":{"footnotes":""},"class_list":["post-11445","page","type-page","status-publish","hentry"],"_links":{"self":[{"href":"https:\/\/topol.org.pl\/index.php?rest_route=\/wp\/v2\/pages\/11445","targetHints":{"allow":["GET"]}}],"collection":[{"href":"https:\/\/topol.org.pl\/index.php?rest_route=\/wp\/v2\/pages"}],"about":[{"href":"https:\/\/topol.org.pl\/index.php?rest_route=\/wp\/v2\/types\/page"}],"author":[{"embeddable":true,"href":"https:\/\/topol.org.pl\/index.php?rest_route=\/wp\/v2\/users\/1"}],"replies":[{"embeddable":true,"href":"https:\/\/topol.org.pl\/index.php?rest_route=%2Fwp%2Fv2%2Fcomments&post=11445"}],"version-history":[{"count":9,"href":"https:\/\/topol.org.pl\/index.php?rest_route=\/wp\/v2\/pages\/11445\/revisions"}],"predecessor-version":[{"id":13093,"href":"https:\/\/topol.org.pl\/index.php?rest_route=\/wp\/v2\/pages\/11445\/revisions\/13093"}],"up":[{"embeddable":true,"href":"https:\/\/topol.org.pl\/index.php?rest_route=\/wp\/v2\/pages\/47"}],"wp:attachment":[{"href":"https:\/\/topol.org.pl\/index.php?rest_route=%2Fwp%2Fv2%2Fmedia&parent=11445"}],"curies":[{"name":"wp","href":"https:\/\/api.w.org\/{rel}","templated":true}]}}