{"id":11476,"date":"2025-04-14T15:06:19","date_gmt":"2025-04-14T13:06:19","guid":{"rendered":"https:\/\/topol.org.pl\/?page_id=11476"},"modified":"2026-01-09T11:03:15","modified_gmt":"2026-01-09T10:03:15","slug":"amerykanski-plan-podzialu-ukrainy","status":"publish","type":"page","link":"https:\/\/topol.org.pl\/?page_id=11476","title":{"rendered":"Ameryka\u0144ski plan podzia\u0142u Ukrainy?"},"content":{"rendered":"\n<p>14.04.2025 14.35 <a href=\"https:\/\/www.youtube.com\/watch?v=oeO844Szcho\">Ameryka\u0144ski plan podzia\u0142u Ukrainy? | Duda: Trump jest szans\u0105 na pok\u00f3j na Ukrainie | Orban o Ukrainie<\/a> \u0179r\u00f3d\u0142o: Leszek Sykulski<\/p>\n\n\n\n<figure class=\"wp-block-image size-full\"><img loading=\"lazy\" decoding=\"async\" width=\"1004\" height=\"628\" src=\"https:\/\/topol.org.pl\/wp-content\/uploads\/2025\/04\/Strefy-okupacyjne.-Amerykanski-plan-podzialu-Ukrainy.jpg\" alt=\"\" class=\"wp-image-11471\" srcset=\"https:\/\/topol.org.pl\/wp-content\/uploads\/2025\/04\/Strefy-okupacyjne.-Amerykanski-plan-podzialu-Ukrainy.jpg 1004w, https:\/\/topol.org.pl\/wp-content\/uploads\/2025\/04\/Strefy-okupacyjne.-Amerykanski-plan-podzialu-Ukrainy-300x188.jpg 300w, https:\/\/topol.org.pl\/wp-content\/uploads\/2025\/04\/Strefy-okupacyjne.-Amerykanski-plan-podzialu-Ukrainy-768x480.jpg 768w\" sizes=\"auto, (max-width: 1004px) 100vw, 1004px\" \/><\/figure>\n\n\n\n<figure class=\"wp-block-image size-full\"><img loading=\"lazy\" decoding=\"async\" width=\"1004\" height=\"628\" src=\"https:\/\/topol.org.pl\/wp-content\/uploads\/2025\/04\/Strefy-okupacyjne.-Amerykanski-plan-podzialu-Ukrainy-1.jpg\" alt=\"\" class=\"wp-image-11472\" srcset=\"https:\/\/topol.org.pl\/wp-content\/uploads\/2025\/04\/Strefy-okupacyjne.-Amerykanski-plan-podzialu-Ukrainy-1.jpg 1004w, https:\/\/topol.org.pl\/wp-content\/uploads\/2025\/04\/Strefy-okupacyjne.-Amerykanski-plan-podzialu-Ukrainy-1-300x188.jpg 300w, https:\/\/topol.org.pl\/wp-content\/uploads\/2025\/04\/Strefy-okupacyjne.-Amerykanski-plan-podzialu-Ukrainy-1-768x480.jpg 768w\" sizes=\"auto, (max-width: 1004px) 100vw, 1004px\" \/><\/figure>\n\n\n\n<p><strong>Jak by\u015bmy weszli na Ukrain\u0119 z pomoc\u0105 tak by wygl\u0105da\u0142 podzia\u0142.<\/strong> &#8222;To nie nasza wojna, powinni\u015bmy trzyma\u0107 si\u0119 jak najdalej od wojny na Ukrainie. Polska powinna zako\u0144czy\u0107 wspieranie Ukrainy. Powinna nast\u0105pi\u0107 jak najszybciej <strong>repatriacja<\/strong> obywateli Ukrainy do siebie&#8221;.- To powinni zadeklarowa\u0107 wszyscy kandydaci na Prezydenta w przeciwnym razie nie powinni\u015bmy g\u0142osowa\u0107 na takich kandydat\u00f3w, kt\u00f3rzy jasno tego nie wyra\u017c\u0105.<\/p>\n\n\n\n<p>Jak nazywa si\u0119 powrot do Ojczyzny?<\/p>\n\n\n\n<p><strong>Repatriacja<\/strong>&nbsp;(\u0142ac. repatriatio 'powr\u00f3t do ojczyzny&#8217;) \u2013 zorganizowana przez w\u0142adze akcja przesiedlenia do kraju obywateli (np. je\u0144c\u00f3w wojennych, os\u00f3b internowanych lub przymusowo przesiedlonych), kt\u00f3rzy wskutek zmian granic lub dzia\u0142a\u0144 wojennych znale\u017ali si\u0119 na terytorium innych pa\u0144stw.<\/p>\n\n\n\n<p><a href=\"https:\/\/topol.org.pl\/?page_id=6187\">Fundacja: Narodowe Si\u0142y Samoobrony \u201eGrot\u201d<\/a><\/p>\n\n\n\n<p><\/p>\n","protected":false},"excerpt":{"rendered":"<p>14.04.2025 14.35 Ameryka\u0144ski plan podzia\u0142u Ukrainy? | Duda: Trump jest szans\u0105 na pok\u00f3j na Ukrainie | Orban o Ukrainie \u0179r\u00f3d\u0142o: Leszek Sykulski Jak by\u015bmy weszli na Ukrain\u0119 z pomoc\u0105 tak by wygl\u0105da\u0142 podzia\u0142. &#8222;To nie nasza wojna, powinni\u015bmy trzyma\u0107 si\u0119 jak najdalej od wojny na Ukrainie. Polska powinna zako\u0144czy\u0107 wspieranie Ukrainy. Powinna nast\u0105pi\u0107 jak najszybciej [&hellip;]<\/p>\n","protected":false},"author":1,"featured_media":0,"parent":8244,"menu_order":0,"comment_status":"closed","ping_status":"closed","template":"","meta":{"footnotes":""},"class_list":["post-11476","page","type-page","status-publish","hentry"],"_links":{"self":[{"href":"https:\/\/topol.org.pl\/index.php?rest_route=\/wp\/v2\/pages\/11476","targetHints":{"allow":["GET"]}}],"collection":[{"href":"https:\/\/topol.org.pl\/index.php?rest_route=\/wp\/v2\/pages"}],"about":[{"href":"https:\/\/topol.org.pl\/index.php?rest_route=\/wp\/v2\/types\/page"}],"author":[{"embeddable":true,"href":"https:\/\/topol.org.pl\/index.php?rest_route=\/wp\/v2\/users\/1"}],"replies":[{"embeddable":true,"href":"https:\/\/topol.org.pl\/index.php?rest_route=%2Fwp%2Fv2%2Fcomments&post=11476"}],"version-history":[{"count":1,"href":"https:\/\/topol.org.pl\/index.php?rest_route=\/wp\/v2\/pages\/11476\/revisions"}],"predecessor-version":[{"id":11477,"href":"https:\/\/topol.org.pl\/index.php?rest_route=\/wp\/v2\/pages\/11476\/revisions\/11477"}],"up":[{"embeddable":true,"href":"https:\/\/topol.org.pl\/index.php?rest_route=\/wp\/v2\/pages\/8244"}],"wp:attachment":[{"href":"https:\/\/topol.org.pl\/index.php?rest_route=%2Fwp%2Fv2%2Fmedia&parent=11476"}],"curies":[{"name":"wp","href":"https:\/\/api.w.org\/{rel}","templated":true}]}}