{"id":11502,"date":"2025-04-15T20:20:58","date_gmt":"2025-04-15T18:20:58","guid":{"rendered":"https:\/\/topol.org.pl\/?page_id=11502"},"modified":"2026-03-16T10:15:22","modified_gmt":"2026-03-16T09:15:22","slug":"imperator-slowian-stworzyl-mocarstwo-przed-ktorym-karki-zginali-wszyscy-sasiedzi","status":"publish","type":"page","link":"https:\/\/topol.org.pl\/?page_id=11502","title":{"rendered":"\u201dOto wasz ksi\u0105\u017c\u0119!\u201d"},"content":{"rendered":"\n<p><a href=\"https:\/\/ksiazki.wp.pl\/imperator-slowian-stworzyl-mocarstwo-przed-ktorym-karki-zginali-wszyscy-sasiedzi-6203706769488001a\">Imperator S\u0142owian. Stworzy\u0142 mocarstwo, przed kt\u00f3rym karki zginali wszyscy s\u0105siedzi<\/a> \u0179r\u00f3d\u0142o: wp.pl<\/p>\n\n\n\n<figure class=\"wp-block-image\" id=\"430239\"><img decoding=\"async\" src=\"https:\/\/v.wpimg.pl\/YnJ5LnBudg8rVzpdbQ57GmgPbgcrV3VMPxd2TG06dlh-ATRYcUB2CmRCPAcvEnceJhp9V3NFalp-A3RDb0RpXngFeVt1QWlBKFogCzEZOBlnViQcLRcrF2RFIglgCA\" alt=\"\"\/><\/figure>\n\n\n\n<p><small><em>\u0179r\u00f3d\u0142o: Domena publiczna<\/em><\/small><\/p>\n\n\n\n<p>&#8222;Proroctwo zdawa\u0142o si\u0119 spe\u0142nia\u0107. W ci\u0105gu ostatnich pi\u0119ciu lat (999\u20131003) wi\u0119kszo\u015b\u0107 p\u0119d\u00f3w z rodu Przemy\u015blid\u00f3w usch\u0142a. Boles\u0142aw Starszy i W\u0142adywoj odeszli do wieczno\u015bci, o\u015blepiony Boles\u0142aw Rudy siedzia\u0142 w wi\u0119zieniu, Jaromir i O\u0142drzych na d\u017awi\u0119k imienia polskiego ksi\u0119cia uciekli z Czech. Boles\u0142aw Chrobry by\u0142 tym jedynym dorodnym, kt\u00f3ry ci\u0105gle wzbija\u0142 si\u0119 w g\u00f3r\u0119. Wprawdzie nie on, lecz jego matka pochodzi\u0142a z rodu Przemy\u015blid\u00f3w, ale czy to te\u017c nie by\u0142 jaki\u015b znak? Historia tej dynastii, zdominowana przez wojowniczych m\u0119\u017cczyzn, zaczyna\u0142a si\u0119 od kobiety \u2013 ksi\u0119\u017cnej Libuszy. I zdawa\u0142a si\u0119 ko\u0144czy\u0107 na kobiecie \u2013 Dobrawie, matce Boles\u0142awa Chrobrego&#8221;.<\/p>\n\n\n\n<figure class=\"wp-block-image\" id=\"2279015352\"><img decoding=\"async\" src=\"https:\/\/v.wpimg.pl\/b3VzdHkuTVI3GBJ7RA5AR3RARiECV04RI1heakQ6TQdkTxx-XUVNV3gNFCEGEkxDOlVWeVpDUANuS1R_RkRWBmRCVHtcRk1RORYBOwcUFR49CB4xHBoXQCIDSiIbEkBO\" alt=\"\"\/><\/figure>\n\n\n\n<p><small><em>\u0179r\u00f3d\u0142o: Materia\u0142y prasowe<\/em><\/small><\/p>\n\n\n\n<p>Fragment pochodzi z ksi\u0105\u017cki&nbsp;<a href=\"https:\/\/paskarz.pl\/kartoteka,ksiazka,91018,Narodziny-potegi?utm_source=ciekawostkihistoryczne.pl&amp;utm_medium=fragment_Chrobry_zdobywa_Czechy_WP&amp;utm_campaign=Narodziny_potegi_082017\" target=\"_blank\" rel=\"noreferrer noopener\">\u201dNarodziny&nbsp;pot\u0119gi\u201d<\/a>, Michaela Morysa-Twarowskiego, wydanej nak\u0142adem Znak Horyzont. Zosta\u0142 zacytowany bez zawartych w niej przypis\u00f3w.<\/p>\n\n\n\n<p><a href=\"https:\/\/www.youtube.com\/watch?v=xwOjqvY2TcM\">BOLES\u0141AW CHROBRY NIE SPE\u0141NI\u0141 OSTATNIEJ WOLI MIESZKA I<\/a> <\/p>\n\n\n\n<p><a href=\"https:\/\/pl.wikipedia.org\/wiki\/Lech,_Czech_i_Rus\">Lech, Czech i Rus<\/a><\/p>\n\n\n\n<p><a href=\"https:\/\/pl.wikipedia.org\/wiki\/Lech_(posta%C4%87_legendarna)\">Lech (posta\u0107 legendarna)<\/a><\/p>\n\n\n\n<p><a href=\"https:\/\/pl.wikipedia.org\/wiki\/Czech\">Czech<\/a><\/p>\n\n\n\n<p><a href=\"https:\/\/pl.wikipedia.org\/wiki\/Krok_(w%C5%82adca_Czech)\">Krok (w\u0142adca Czech)<\/a><\/p>\n\n\n\n<p>Wed\u0142ug Kosmasa by\u0142 nast\u0119pc\u0105&nbsp;<a href=\"https:\/\/pl.wikipedia.org\/wiki\/Czech\">Czecha<\/a>&nbsp;(<em>Bohemusa<\/em>). Krok by\u0142 wed\u0142ug kronikarza doskona\u0142ym w\u0142adc\u0105; wybudowa\u0142 gr\u00f3d ko\u0142o Zbe\u010dna, nazwany jego imieniem&nbsp;<a href=\"https:\/\/pl.wikipedia.org\/wiki\/Krakov\">Krakov<\/a>.<\/p>\n\n\n\n<p><a href=\"https:\/\/pl.wikipedia.org\/wiki\/Libusza_(ksi%C4%99%C5%BCniczka)\">Libusza (ksi\u0119\u017cniczka)<\/a><\/p>\n\n\n\n<p>Czeskie relacje o Kroku wykazuj\u0105 podobie\u0144stwa z przekazami o&nbsp;<a href=\"https:\/\/pl.wikipedia.org\/wiki\/Krak\">Kraku<\/a>.&nbsp;<a href=\"https:\/\/pl.wikipedia.org\/wiki\/Jan_D%C5%82ugosz\">Jan D\u0142ugosz<\/a>&nbsp;uto\u017csami\u0142 czeskiego Kroka z polskim&nbsp;<a href=\"https:\/\/pl.wikipedia.org\/wiki\/Krak\">Krakiem<\/a>.<\/p>\n\n\n\n<p><a href=\"https:\/\/pl.wikipedia.org\/wiki\/Rus\">Rus<\/a><\/p>\n\n\n\n<p>Kasper Niesiecki, Herbarz Polski, wyd. J.N. Bobrowicz, Lipsk 1839-1845<br><a href=\"https:\/\/web.archive.org\/web\/20160407172304\/http:\/\/www.przodkowie.com\/niesiecki\/k\/kochan\/8871.php?lit=k\">Kochan herbu Rawicz. Autorowie jako Okolski, Du\u0144czewski cytuj\u0105 ksi\u0119cia Szl\u0105zkiego Kochan i od niego procedencj\u0105 Prandot\u00f3w<\/a> <\/p>\n\n\n\n<p><a href=\"https:\/\/pl.wikipedia.org\/wiki\/Emma_(ksi%C4%99%C5%BCna_czeska)\">Emma (ksi\u0119\u017cna czeska)<\/a> c\u00f3rka <a href=\"https:\/\/pl.wikipedia.org\/wiki\/Lotar_II_z_Arles\">Lotara II z Arles<\/a><\/p>\n\n\n\n<p>\u017cona <a href=\"https:\/\/pl.wikipedia.org\/wiki\/Lotar\">Lotara<\/a><\/p>\n\n\n\n<p>syn <a href=\"https:\/\/pl.wikipedia.org\/wiki\/Ludwik_V_Gnu%C5%9Bny\">Ludwik V Gnu\u015bny<\/a> \u017conaty z <a href=\"https:\/\/pl.wikipedia.org\/wiki\/Adelajda_Andegawe%C5%84ska\">Adelajda Andegawe\u0144sk\u0105<\/a><\/p>\n\n\n\n<p>\u017cona <a href=\"https:\/\/pl.wikipedia.org\/wiki\/Boles%C5%82aw_II_Pobo%C5%BCny\">Boles\u0142awa II Pobo\u017cnego<\/a><\/p>\n\n\n\n<p><strong><a href=\"https:\/\/topol.org.pl\/?page_id=1106\">W 1288 roku ugoda mi\u0119dzy Mironiegiem a Leszkiem Czarnym<\/a> pomog\u0142a ksi\u0119ciu sp\u0142aci\u0107 d\u0142ugi zaci\u0105gni\u0119te na prowadzone wojny z 1287\/1288 w czasie trzeciego najazdu Mongo\u0142\u00f3w na Polsk\u0119. Tak Ksi\u0105\u017ce Leszek Czarny uratowa\u0142 kraj przed katastrof\u0105.<\/strong><\/p>\n\n\n\n<p><a href=\"https:\/\/ksiazki.wp.pl\/s\/ciekawostkihistoryczne-pl\/gdy-kazimierz-wielki-zasiadl-na-tronie-polska-byla-na-skraju-upadku-jak-krol-uratowal-kraj-przed-katastrofa-6220914041587841a\">Gdy Kazimierz Wielki zasiad\u0142 na tronie, Polska by\u0142a na skraju upadku. Jak kr\u00f3l uratowa\u0142 kraj przed katastrof\u0105?<\/a> \u0179r\u00f3d\u0142o: wp.pl<\/p>\n\n\n\n<p><strong>Teraz Polska te\u017c jest na skraju &#8230;<\/strong><\/p>\n\n\n\n<p><strong>Pochodzi\u0142 z najstarszej dynastii, dlatego by\u0142 &#8222;Dux Poloniae&#8221;.<\/strong> <strong>Nie musia\u0142 dosta\u0107 w\u0142adzy, bo j\u0105 zdoby\u0142.<\/strong> <strong>Ponadto uto\u017csamia\u0142 interes terytorium ze swoim. By\u0142 zdeterminowanym w\u0142adc\u0105, osi\u0105ga\u0142 sukcesy dla wszystkich. Tylko w\u0142adca &#8222;Dux Poloniae&#8221; chcia\u0142 utrzyma\u0107 terytorium Kr\u00f3lestwa Polskiego.<\/strong><\/p>\n\n\n\n<p><a href=\"https:\/\/www.rp.pl\/polityka\/art42179631-donald-tusk-w-gnieznie-zadna-partia-nie-ma-monopolu-na-polskosc\">&#8222;Uroczyste posiedzenie pos\u0142\u00f3w i senator\u00f3w w Gnie\u017anie&#8221;<\/a> \u0179r\u00f3d\u0142o: <a href=\"https:\/\/www.rp.pl\/polityka\/art42179631-donald-tusk-w-gnieznie-zadna-partia-nie-ma-monopolu-na-polskosc\">rp.pl<\/a><\/p>\n\n\n\n<p>Verte &gt;<a href=\"https:\/\/topol.org.pl\/?page_id=6187\">Fundacja Narodowe Si\u0142y Samoobrony \u201eGrot\u201d<\/a><\/p>\n\n\n\n<p><\/p>\n","protected":false},"excerpt":{"rendered":"<p>Imperator S\u0142owian. Stworzy\u0142 mocarstwo, przed kt\u00f3rym karki zginali wszyscy s\u0105siedzi \u0179r\u00f3d\u0142o: wp.pl \u0179r\u00f3d\u0142o: Domena publiczna &#8222;Proroctwo zdawa\u0142o si\u0119 spe\u0142nia\u0107. W ci\u0105gu ostatnich pi\u0119ciu lat (999\u20131003) wi\u0119kszo\u015b\u0107 p\u0119d\u00f3w z rodu Przemy\u015blid\u00f3w usch\u0142a. Boles\u0142aw Starszy i W\u0142adywoj odeszli do wieczno\u015bci, o\u015blepiony Boles\u0142aw Rudy siedzia\u0142 w wi\u0119zieniu, Jaromir i O\u0142drzych na d\u017awi\u0119k imienia polskiego ksi\u0119cia uciekli z Czech. [&hellip;]<\/p>\n","protected":false},"author":1,"featured_media":0,"parent":6704,"menu_order":4,"comment_status":"closed","ping_status":"closed","template":"","meta":{"footnotes":""},"class_list":["post-11502","page","type-page","status-publish","hentry"],"_links":{"self":[{"href":"https:\/\/topol.org.pl\/index.php?rest_route=\/wp\/v2\/pages\/11502","targetHints":{"allow":["GET"]}}],"collection":[{"href":"https:\/\/topol.org.pl\/index.php?rest_route=\/wp\/v2\/pages"}],"about":[{"href":"https:\/\/topol.org.pl\/index.php?rest_route=\/wp\/v2\/types\/page"}],"author":[{"embeddable":true,"href":"https:\/\/topol.org.pl\/index.php?rest_route=\/wp\/v2\/users\/1"}],"replies":[{"embeddable":true,"href":"https:\/\/topol.org.pl\/index.php?rest_route=%2Fwp%2Fv2%2Fcomments&post=11502"}],"version-history":[{"count":42,"href":"https:\/\/topol.org.pl\/index.php?rest_route=\/wp\/v2\/pages\/11502\/revisions"}],"predecessor-version":[{"id":11772,"href":"https:\/\/topol.org.pl\/index.php?rest_route=\/wp\/v2\/pages\/11502\/revisions\/11772"}],"up":[{"embeddable":true,"href":"https:\/\/topol.org.pl\/index.php?rest_route=\/wp\/v2\/pages\/6704"}],"wp:attachment":[{"href":"https:\/\/topol.org.pl\/index.php?rest_route=%2Fwp%2Fv2%2Fmedia&parent=11502"}],"curies":[{"name":"wp","href":"https:\/\/api.w.org\/{rel}","templated":true}]}}