{"id":11518,"date":"2025-04-16T06:58:27","date_gmt":"2025-04-16T04:58:27","guid":{"rendered":"https:\/\/topol.org.pl\/?page_id=11518"},"modified":"2026-01-09T11:00:03","modified_gmt":"2026-01-09T10:00:03","slug":"europejska-infrastruktura-uslug-blockchain","status":"publish","type":"page","link":"https:\/\/topol.org.pl\/?page_id=11518","title":{"rendered":"Europejska infrastruktura us\u0142ug Blockchain"},"content":{"rendered":"\n<p>16.04.2025 06.58 Pa\u0144stwo Blockchain 2025<\/p>\n\n\n\n<p><strong>Ca\u0142y czas jest wdra\u017cane totalitarne zarz\u0105dzanie lud\u017ami.<\/strong><\/p>\n\n\n\n<p>16.04.2025 <a href=\"https:\/\/www.youtube.com\/watch?v=yizKIUvTrkc\">&#8222;To jest wizja bardzo ponura, totalitarna&#8221;<\/a> \u0179r\u00f3d\u0142o: <a href=\"https:\/\/www.youtube.com\/@klub.jagiellonski\">Klub Jagiello\u0144ski<\/a><\/p>\n\n\n\n<p><strong>Jedynym wyj\u015bciem jest wychowanie w patriotyzmie i oddzielenie si\u0119 od zdegenerowanej Europy.<\/strong><\/p>\n\n\n\n<p><strong>Wszyscy jeste\u015bmy sobie r\u00f3wni bez podzia\u0142u i segregacji ludzi. Nie ma tytu\u0142\u00f3w z dawnej Polski nie ro\u015bcimy praw do dawnych w\u0142asno\u015bci nieruchomo\u015bci. \u0179r\u00f3d\u0142o: <\/strong><a href=\"https:\/\/topol.org.pl\/?page_id=47\">Fragment<\/a><\/p>\n\n\n\n<p><a href=\"https:\/\/pl.wikipedia.org\/wiki\/Inteligencja_kognitywna\">Inteligencja kognitywna<\/a><\/p>\n\n\n\n<p><a href=\"https:\/\/www.nato.int\/docu\/review\/pl\/articles\/2021\/05\/20\/przeciwdzialanie-wojnie-kognitywnej-swiadomosc-i-odpornosc\/index.html\">Przeciwdzia\u0142anie wojnie kognitywnej: \u015bwiadomo\u015b\u0107 i odporno\u015b\u0107<\/a> \u0179r\u00f3d\u0142o: <a href=\"https:\/\/www.nato.int\/docu\/review\/pl\/articles\/2021\/05\/20\/przeciwdzialanie-wojnie-kognitywnej-swiadomosc-i-odpornosc\/index.html\">nato.int<\/a><\/p>\n\n\n\n<p>Wojna kognitywna to&nbsp;<mark>konflikt, w kt\u00f3rym przeciwnik stara si\u0119 manipulowa\u0107 ludzkimi umys\u0142ami, przekonaniami i zachowaniami<\/mark>.&nbsp;Celem jest osi\u0105gni\u0119cie swoich cel\u00f3w, np. roz\u0142am spo\u0142ecze\u0144stwa lub destabilizacja demokracji.&nbsp;\u0179r\u00f3d\u0142o: <a href=\"https:\/\/www.google.com\/search?q=wojnie+kognitywnej&amp;oq=wojnie+kognitywnej&amp;gs_lcrp=EgZjaHJvbWUyBggAEEUYOTIGCAEQRRg90gEJMjc3N2owajE1qAIIsAIB&amp;sourceid=chrome&amp;ie=UTF-8\">Google<\/a><\/p>\n\n\n\n<p>Verte &gt;<a href=\"https:\/\/topol.org.pl\/?page_id=6187\">Fundacja Narodowe Si\u0142y Samoobrony \u201eGrot\u201d<\/a><\/p>\n\n\n\n<p><\/p>\n","protected":false},"excerpt":{"rendered":"<p>16.04.2025 06.58 Pa\u0144stwo Blockchain 2025 Ca\u0142y czas jest wdra\u017cane totalitarne zarz\u0105dzanie lud\u017ami. 16.04.2025 &#8222;To jest wizja bardzo ponura, totalitarna&#8221; \u0179r\u00f3d\u0142o: Klub Jagiello\u0144ski Jedynym wyj\u015bciem jest wychowanie w patriotyzmie i oddzielenie si\u0119 od zdegenerowanej Europy. Wszyscy jeste\u015bmy sobie r\u00f3wni bez podzia\u0142u i segregacji ludzi. Nie ma tytu\u0142\u00f3w z dawnej Polski nie ro\u015bcimy praw do dawnych w\u0142asno\u015bci [&hellip;]<\/p>\n","protected":false},"author":1,"featured_media":0,"parent":7699,"menu_order":0,"comment_status":"closed","ping_status":"closed","template":"","meta":{"footnotes":""},"class_list":["post-11518","page","type-page","status-publish","hentry"],"_links":{"self":[{"href":"https:\/\/topol.org.pl\/index.php?rest_route=\/wp\/v2\/pages\/11518","targetHints":{"allow":["GET"]}}],"collection":[{"href":"https:\/\/topol.org.pl\/index.php?rest_route=\/wp\/v2\/pages"}],"about":[{"href":"https:\/\/topol.org.pl\/index.php?rest_route=\/wp\/v2\/types\/page"}],"author":[{"embeddable":true,"href":"https:\/\/topol.org.pl\/index.php?rest_route=\/wp\/v2\/users\/1"}],"replies":[{"embeddable":true,"href":"https:\/\/topol.org.pl\/index.php?rest_route=%2Fwp%2Fv2%2Fcomments&post=11518"}],"version-history":[{"count":8,"href":"https:\/\/topol.org.pl\/index.php?rest_route=\/wp\/v2\/pages\/11518\/revisions"}],"predecessor-version":[{"id":11528,"href":"https:\/\/topol.org.pl\/index.php?rest_route=\/wp\/v2\/pages\/11518\/revisions\/11528"}],"up":[{"embeddable":true,"href":"https:\/\/topol.org.pl\/index.php?rest_route=\/wp\/v2\/pages\/7699"}],"wp:attachment":[{"href":"https:\/\/topol.org.pl\/index.php?rest_route=%2Fwp%2Fv2%2Fmedia&parent=11518"}],"curies":[{"name":"wp","href":"https:\/\/api.w.org\/{rel}","templated":true}]}}