{"id":11583,"date":"2025-04-17T17:27:14","date_gmt":"2025-04-17T15:27:14","guid":{"rendered":"https:\/\/topol.org.pl\/?page_id=11583"},"modified":"2025-05-03T07:39:59","modified_gmt":"2025-05-03T05:39:59","slug":"dab-goworek","status":"publish","type":"page","link":"https:\/\/topol.org.pl\/?page_id=11583","title":{"rendered":"D\u0105b &#8222;Goworek &#8222;"},"content":{"rendered":"\n<p>D\u0105b &#8222;Goworek &#8222;<br><a href=\"https:\/\/www.krainarawki.eu\/wp-content\/uploads\/2018\/09\/Przyroda-Krainy-Rawki.pdf\">W Ossie (Gmina Bia\u0142a Rawska) spotkamy D\u0105b Goworek.<\/a><br>Jest to najstarszy d\u0105b w by\u0142ym wojew\u00f3dztwie<br>skierniewickim. Ma 25m wysoko\u015bci i ok. 500 lat. <\/p>\n\n\n\n<p>\u0179r\u00f3d\u0142o: <a href=\"https:\/\/www.krainarawki.eu\/wp-content\/uploads\/2018\/09\/Przyroda-Krainy-Rawki.pdf\">Kraina Rawki<\/a><\/p>\n\n\n\n<p>Zosta\u0142 posadzony dla uczczenia <a href=\"https:\/\/pl.wikipedia.org\/wiki\/Bitwa_pod_Grunwaldem\">Bitwy pod Grunwaldem<\/a> w 1410 roku.<\/p>\n\n\n\n<p>Verte ><a href=\"https:\/\/topol.org.pl\/?page_id=6187\">Fundacja Narodowe Si\u0142y Samoobrony \u201eGrot\u201d<\/a><\/p>\n","protected":false},"excerpt":{"rendered":"<p>D\u0105b &#8222;Goworek &#8222;W Ossie (Gmina Bia\u0142a Rawska) spotkamy D\u0105b Goworek.Jest to najstarszy d\u0105b w by\u0142ym wojew\u00f3dztwieskierniewickim. Ma 25m wysoko\u015bci i ok. 500 lat. \u0179r\u00f3d\u0142o: Kraina Rawki Zosta\u0142 posadzony dla uczczenia Bitwy pod Grunwaldem w 1410 roku. Verte >Fundacja Narodowe Si\u0142y Samoobrony \u201eGrot\u201d<\/p>\n","protected":false},"author":1,"featured_media":0,"parent":8925,"menu_order":294,"comment_status":"closed","ping_status":"closed","template":"","meta":{"footnotes":""},"class_list":["post-11583","page","type-page","status-publish","hentry"],"_links":{"self":[{"href":"https:\/\/topol.org.pl\/index.php?rest_route=\/wp\/v2\/pages\/11583","targetHints":{"allow":["GET"]}}],"collection":[{"href":"https:\/\/topol.org.pl\/index.php?rest_route=\/wp\/v2\/pages"}],"about":[{"href":"https:\/\/topol.org.pl\/index.php?rest_route=\/wp\/v2\/types\/page"}],"author":[{"embeddable":true,"href":"https:\/\/topol.org.pl\/index.php?rest_route=\/wp\/v2\/users\/1"}],"replies":[{"embeddable":true,"href":"https:\/\/topol.org.pl\/index.php?rest_route=%2Fwp%2Fv2%2Fcomments&post=11583"}],"version-history":[{"count":2,"href":"https:\/\/topol.org.pl\/index.php?rest_route=\/wp\/v2\/pages\/11583\/revisions"}],"predecessor-version":[{"id":11586,"href":"https:\/\/topol.org.pl\/index.php?rest_route=\/wp\/v2\/pages\/11583\/revisions\/11586"}],"up":[{"embeddable":true,"href":"https:\/\/topol.org.pl\/index.php?rest_route=\/wp\/v2\/pages\/8925"}],"wp:attachment":[{"href":"https:\/\/topol.org.pl\/index.php?rest_route=%2Fwp%2Fv2%2Fmedia&parent=11583"}],"curies":[{"name":"wp","href":"https:\/\/api.w.org\/{rel}","templated":true}]}}