{"id":11588,"date":"2025-04-18T08:41:52","date_gmt":"2025-04-18T06:41:52","guid":{"rendered":"https:\/\/topol.org.pl\/?page_id=11588"},"modified":"2025-04-18T19:26:32","modified_gmt":"2025-04-18T17:26:32","slug":"coraz-wiecej-niemieckich-zolnierzy-porusza-sie-po-polsce","status":"publish","type":"page","link":"https:\/\/topol.org.pl\/?page_id=11588","title":{"rendered":"Coraz wi\u0119cej niemieckich \u017co\u0142nierzy porusza si\u0119 po Polsce."},"content":{"rendered":"\n<p>18.04.2025 08.40 <a href=\"https:\/\/www.youtube.com\/watch?v=RutY0FLQddE\">Fedorska: Coraz wi\u0119cej niemieckich \u017co\u0142nierzy porusza si\u0119 po Polsce. M\u00f3wi\u0105, \u017ce robi\u0105 rekonesans<\/a> \u0179r\u00f3d\u0142o: Radio Wnet<\/p>\n\n\n\n<p>18.04.2025 19.25 <a href=\"https:\/\/www.youtube.com\/watch?v=zt-cRodVE7g\">\u017bycie w czasach Bieruta. Bez pr\u0105du, lekarzy i mieszka\u0144 z barami mlecznymi oraz kinem z ci\u0119\u017car\u00f3wki.<\/a> \u0179r\u00f3d\u0142o: Powojnie<\/p>\n\n\n\n<p>Verte &gt;<a href=\"https:\/\/topol.org.pl\/?page_id=6187\">Fundacja Narodowe Si\u0142y Samoobrony \u201eGrot\u201d<\/a><\/p>\n\n\n\n<p><\/p>\n","protected":false},"excerpt":{"rendered":"<p>18.04.2025 08.40 Fedorska: Coraz wi\u0119cej niemieckich \u017co\u0142nierzy porusza si\u0119 po Polsce. M\u00f3wi\u0105, \u017ce robi\u0105 rekonesans \u0179r\u00f3d\u0142o: Radio Wnet 18.04.2025 19.25 \u017bycie w czasach Bieruta. Bez pr\u0105du, lekarzy i mieszka\u0144 z barami mlecznymi oraz kinem z ci\u0119\u017car\u00f3wki. \u0179r\u00f3d\u0142o: Powojnie Verte &gt;Fundacja Narodowe Si\u0142y Samoobrony \u201eGrot\u201d<\/p>\n","protected":false},"author":1,"featured_media":0,"parent":9960,"menu_order":0,"comment_status":"closed","ping_status":"closed","template":"","meta":{"footnotes":""},"class_list":["post-11588","page","type-page","status-publish","hentry"],"_links":{"self":[{"href":"https:\/\/topol.org.pl\/index.php?rest_route=\/wp\/v2\/pages\/11588","targetHints":{"allow":["GET"]}}],"collection":[{"href":"https:\/\/topol.org.pl\/index.php?rest_route=\/wp\/v2\/pages"}],"about":[{"href":"https:\/\/topol.org.pl\/index.php?rest_route=\/wp\/v2\/types\/page"}],"author":[{"embeddable":true,"href":"https:\/\/topol.org.pl\/index.php?rest_route=\/wp\/v2\/users\/1"}],"replies":[{"embeddable":true,"href":"https:\/\/topol.org.pl\/index.php?rest_route=%2Fwp%2Fv2%2Fcomments&post=11588"}],"version-history":[{"count":9,"href":"https:\/\/topol.org.pl\/index.php?rest_route=\/wp\/v2\/pages\/11588\/revisions"}],"predecessor-version":[{"id":11605,"href":"https:\/\/topol.org.pl\/index.php?rest_route=\/wp\/v2\/pages\/11588\/revisions\/11605"}],"up":[{"embeddable":true,"href":"https:\/\/topol.org.pl\/index.php?rest_route=\/wp\/v2\/pages\/9960"}],"wp:attachment":[{"href":"https:\/\/topol.org.pl\/index.php?rest_route=%2Fwp%2Fv2%2Fmedia&parent=11588"}],"curies":[{"name":"wp","href":"https:\/\/api.w.org\/{rel}","templated":true}]}}