{"id":11625,"date":"2025-04-19T12:29:49","date_gmt":"2025-04-19T10:29:49","guid":{"rendered":"https:\/\/topol.org.pl\/?page_id=11625"},"modified":"2026-01-09T10:11:49","modified_gmt":"2026-01-09T09:11:49","slug":"fachowiec-z-nepalu-potrzebny-od-zaraz-segregacja-paszportowa-w-agencji-pracy","status":"publish","type":"page","link":"https:\/\/topol.org.pl\/?page_id=11625","title":{"rendered":"Fachowiec z Nepalu potrzebny od zaraz! Segregacja paszportowa w agencji pracy!"},"content":{"rendered":"\n<p>17.04.2025 12.29 <a href=\"https:\/\/www.youtube.com\/watch?v=fOj3Nz7TlV4\">Fachowiec z Nepalu potrzebny od zaraz! Segregacja paszportowa w agencji pracy!<\/a> \u0179r\u00f3d\u0142o: Uszi<\/p>\n\n\n\n<p>Verte ><a href=\"https:\/\/topol.org.pl\/?page_id=6187\">Fundacja Narodowe Si\u0142y Samoobrony \u201eGrot\u201d<\/a><\/p>\n\n\n\n<p><\/p>\n","protected":false},"excerpt":{"rendered":"<p>17.04.2025 12.29 Fachowiec z Nepalu potrzebny od zaraz! Segregacja paszportowa w agencji pracy! \u0179r\u00f3d\u0142o: Uszi Verte >Fundacja Narodowe Si\u0142y Samoobrony \u201eGrot\u201d<\/p>\n","protected":false},"author":1,"featured_media":0,"parent":2664,"menu_order":0,"comment_status":"closed","ping_status":"closed","template":"","meta":{"footnotes":""},"class_list":["post-11625","page","type-page","status-publish","hentry"],"_links":{"self":[{"href":"https:\/\/topol.org.pl\/index.php?rest_route=\/wp\/v2\/pages\/11625","targetHints":{"allow":["GET"]}}],"collection":[{"href":"https:\/\/topol.org.pl\/index.php?rest_route=\/wp\/v2\/pages"}],"about":[{"href":"https:\/\/topol.org.pl\/index.php?rest_route=\/wp\/v2\/types\/page"}],"author":[{"embeddable":true,"href":"https:\/\/topol.org.pl\/index.php?rest_route=\/wp\/v2\/users\/1"}],"replies":[{"embeddable":true,"href":"https:\/\/topol.org.pl\/index.php?rest_route=%2Fwp%2Fv2%2Fcomments&post=11625"}],"version-history":[{"count":1,"href":"https:\/\/topol.org.pl\/index.php?rest_route=\/wp\/v2\/pages\/11625\/revisions"}],"predecessor-version":[{"id":11626,"href":"https:\/\/topol.org.pl\/index.php?rest_route=\/wp\/v2\/pages\/11625\/revisions\/11626"}],"up":[{"embeddable":true,"href":"https:\/\/topol.org.pl\/index.php?rest_route=\/wp\/v2\/pages\/2664"}],"wp:attachment":[{"href":"https:\/\/topol.org.pl\/index.php?rest_route=%2Fwp%2Fv2%2Fmedia&parent=11625"}],"curies":[{"name":"wp","href":"https:\/\/api.w.org\/{rel}","templated":true}]}}